{"id":3006,"date":"2022-02-17T18:55:00","date_gmt":"2022-02-17T17:55:00","guid":{"rendered":"https:\/\/btl.com.pl\/?post_type=product&#038;p=3006"},"modified":"2022-03-28T16:23:52","modified_gmt":"2022-03-28T14:23:52","slug":"polymyxin-b-300-units-a-2036","status":"publish","type":"product","link":"https:\/\/www.btl.com.pl\/en\/produkty\/weterynaria\/krazki-do-antybiogramu\/polymyxin-b-300-units-a-2036\/","title":{"rendered":"Polymyxin B 300 units.  A-2036"},"content":{"rendered":"<div>nr katalogowy: <b>A 2036<\/b><\/div>\n<p>&nbsp;<\/p>\n<div>\n<p><strong>Zastosowanie :<\/strong><br \/>\nTesty na lekowra\u017cliwo\u015b\u0107 s\u0105 u\u017cywane do mierzenia wra\u017cliwo\u015bci mikroorganizm\u00f3w na antybiotyki. Technika ta jest u\u017cywana do rutynowego testowania, szybko rosn\u0105cych pewnych patogen\u00f3w. Suche papierowe filtry nas\u0105czone s\u0105 specyficznie st\u0119\u017conymi antybiotykami i nak\u0142adane na powierzchnie pod\u0142o\u017cy mikrobiologicznych, zaszczepionych mikroorganizmami. Po 18 godzinach inkubacji obserwuje si\u0119 strefy zahamowa\u0144 wzrostu mikroorganizm\u00f3w wok\u00f3\u0142 kr\u0105\u017cka z antybiotykiem.<br \/>\n<strong>Wielko\u015b\u0107 opakowania :<\/strong><br \/>\n1 x 50 kr\u0105\u017ck\u00f3w, 5 x 50 kr\u0105\u017ck\u00f3w<\/p>\n<\/div>","protected":false},"excerpt":{"rendered":"<p>nr katalogowy: A 2036 &nbsp; Zastosowanie : Testy na lekowra\u017cliwo\u015b\u0107 s\u0105 u\u017cywane do mierzenia wra\u017cliwo\u015bci mikroorganizm\u00f3w na antybiotyki. Technika ta jest u\u017cywana do rutynowego testowania, szybko rosn\u0105cych pewnych patogen\u00f3w. Suche papierowe filtry nas\u0105czone s\u0105 specyficznie st\u0119\u017conymi antybiotykami i nak\u0142adane na powierzchnie pod\u0142o\u017cy mikrobiologicznych, zaszczepionych mikroorganizmami. Po 18 godzinach inkubacji obserwuje si\u0119 strefy zahamowa\u0144 wzrostu mikroorganizm\u00f3w [&hellip;]<\/p>\n","protected":false},"featured_media":0,"template":"","meta":[],"product_brand":[],"product_cat":[98,85,80],"product_tag":[],"class_list":{"0":"post-3006","1":"product","2":"type-product","3":"status-publish","5":"product_cat-krazki-do-antybiogramu","6":"product_cat-krazki-do-antybiotykugramu","7":"product_cat-weterynaria","9":"first","10":"instock","11":"shipping-taxable","12":"product-type-simple"},"_links":{"self":[{"href":"https:\/\/www.btl.com.pl\/en\/wp-json\/wp\/v2\/product\/3006","targetHints":{"allow":["GET"]}}],"collection":[{"href":"https:\/\/www.btl.com.pl\/en\/wp-json\/wp\/v2\/product"}],"about":[{"href":"https:\/\/www.btl.com.pl\/en\/wp-json\/wp\/v2\/types\/product"}],"version-history":[{"count":1,"href":"https:\/\/www.btl.com.pl\/en\/wp-json\/wp\/v2\/product\/3006\/revisions"}],"predecessor-version":[{"id":3007,"href":"https:\/\/www.btl.com.pl\/en\/wp-json\/wp\/v2\/product\/3006\/revisions\/3007"}],"wp:attachment":[{"href":"https:\/\/www.btl.com.pl\/en\/wp-json\/wp\/v2\/media?parent=3006"}],"wp:term":[{"taxonomy":"product_brand","embeddable":true,"href":"https:\/\/www.btl.com.pl\/en\/wp-json\/wp\/v2\/product_brand?post=3006"},{"taxonomy":"product_cat","embeddable":true,"href":"https:\/\/www.btl.com.pl\/en\/wp-json\/wp\/v2\/product_cat?post=3006"},{"taxonomy":"product_tag","embeddable":true,"href":"https:\/\/www.btl.com.pl\/en\/wp-json\/wp\/v2\/product_tag?post=3006"}],"curies":[{"name":"wp","href":"https:\/\/api.w.org\/{rel}","templated":true}]}}