{"id":2993,"date":"2022-02-10T21:33:56","date_gmt":"2022-02-10T20:33:56","guid":{"rendered":"https:\/\/btl.com.pl\/?post_type=product&#038;p=2993"},"modified":"2022-02-17T15:31:10","modified_gmt":"2022-02-17T14:31:10","slug":"agar-blood-base-podst-agaru-krwawego-gotowe-p-0207","status":"publish","type":"product","link":"https:\/\/www.btl.com.pl\/en\/produkty\/podloza-mikrobiologiczne-sypkie\/agar-blood-base-podst-agaru-krwawego-gotowe-p-0207\/","title":{"rendered":"Agar Blood Base \u2013 podst. agaru krwawego, gotowe\u00a0P-0207"},"content":{"rendered":"<p><strong>Zastosowanie:<\/strong><br \/>\nPod\u0142o\u017ce z krwi\u0105 stosowane do izolacji i hodowli drobnoustroj\u00f3w o wysokich wymaganiach pokarmowych &#8211; szczeg\u00f3lnie chorobotw\u00f3rczych oraz okre\u015blania typu hemolizy.<br \/>\nSuplementy:<br \/>\nKrew barania, krew ko\u0144ska, krew bydl\u0119ca<\/p>\n<p><strong>Szczepy kontrolne:<br \/>\n<\/strong><em>Listeria monocytogenes ATCC 1915<br \/>\nClostridium perfringens ATCC 13124<br \/>\nStaphylococcus aureus ATCC 6538<br \/>\nEscherichia coli ATCC 25922<br \/>\nSalmonella enteritidis ATCC 13076<\/em><\/p>\n<p><strong>Wielko\u015b\u0107 opakowania:<\/strong><br \/>\nSypkie: 500 g, 250 g, 100 g, gotowa nawa\u017cka na 250 ml<br \/>\nButelki: 6 x 400 ml, 6 x 200 ml<\/p>","protected":false},"excerpt":{"rendered":"<p>Zastosowanie: Pod\u0142o\u017ce z krwi\u0105 stosowane do izolacji i hodowli drobnoustroj\u00f3w o wysokich wymaganiach pokarmowych &#8211; szczeg\u00f3lnie chorobotw\u00f3rczych oraz okre\u015blania typu hemolizy. Suplementy: Krew barania, krew ko\u0144ska, krew bydl\u0119ca Szczepy kontrolne: Listeria monocytogenes ATCC 1915 Clostridium perfringens ATCC 13124 Staphylococcus aureus ATCC 6538 Escherichia coli ATCC 25922 Salmonella enteritidis ATCC 13076 Wielko\u015b\u0107 opakowania: Sypkie: 500 g, [&hellip;]<\/p>\n","protected":false},"featured_media":0,"template":"","meta":[],"product_brand":[],"product_cat":[77],"product_tag":[],"class_list":{"0":"post-2993","1":"product","2":"type-product","3":"status-publish","5":"product_cat-podloza-mikrobiologiczne-sypkie","7":"first","8":"instock","9":"shipping-taxable","10":"product-type-simple"},"_links":{"self":[{"href":"https:\/\/www.btl.com.pl\/en\/wp-json\/wp\/v2\/product\/2993","targetHints":{"allow":["GET"]}}],"collection":[{"href":"https:\/\/www.btl.com.pl\/en\/wp-json\/wp\/v2\/product"}],"about":[{"href":"https:\/\/www.btl.com.pl\/en\/wp-json\/wp\/v2\/types\/product"}],"version-history":[{"count":1,"href":"https:\/\/www.btl.com.pl\/en\/wp-json\/wp\/v2\/product\/2993\/revisions"}],"predecessor-version":[{"id":2994,"href":"https:\/\/www.btl.com.pl\/en\/wp-json\/wp\/v2\/product\/2993\/revisions\/2994"}],"wp:attachment":[{"href":"https:\/\/www.btl.com.pl\/en\/wp-json\/wp\/v2\/media?parent=2993"}],"wp:term":[{"taxonomy":"product_brand","embeddable":true,"href":"https:\/\/www.btl.com.pl\/en\/wp-json\/wp\/v2\/product_brand?post=2993"},{"taxonomy":"product_cat","embeddable":true,"href":"https:\/\/www.btl.com.pl\/en\/wp-json\/wp\/v2\/product_cat?post=2993"},{"taxonomy":"product_tag","embeddable":true,"href":"https:\/\/www.btl.com.pl\/en\/wp-json\/wp\/v2\/product_tag?post=2993"}],"curies":[{"name":"wp","href":"https:\/\/api.w.org\/{rel}","templated":true}]}}