{"id":2990,"date":"2022-02-10T21:22:10","date_gmt":"2022-02-10T20:22:10","guid":{"rendered":"https:\/\/btl.com.pl\/?post_type=product&#038;p=2990"},"modified":"2022-02-20T19:48:48","modified_gmt":"2022-02-20T18:48:48","slug":"agar-brucella-podstawowe-p-0020-2","status":"publish","type":"product","link":"https:\/\/www.btl.com.pl\/en\/produkty\/podloza-mikrobiologiczne-gotowe\/butelki\/agar-brucella-podstawowe-p-0020-2\/","title":{"rendered":"Agar Brucella \u2013 podstawowe\u00a0P-0020"},"content":{"rendered":"<p><strong>Zastosowanie:<br \/>\n<\/strong>Pod\u0142o\u017ce do hodowli oraz izolacji <em>Brucella sp<\/em>. (w tym szczep\u00f3w chorobotw\u00f3rczych np. <em>B.suis,<\/em> <em>B.abortus<\/em>) z produkt\u00f3w spo\u017cywczych pochodzenia zwierz\u0119cego i materia\u0142\u00f3w klinicznych. Agar z surowic\u0105 ko\u0144sk\u0105 (bez antybiotyk\u00f3w) mo\u017ce by\u0107 u\u017cywany do sprawdzania wra\u017cliwo\u015bci bakterii <em>Brucella <\/em>na barwniki.<br \/>\nSuplementy:<br \/>\nRoztwory antybiotyk\u00f3w lub surowica ko\u0144ska<\/p>\n<p><strong>Szczepy kontrolne:<br \/>\n<\/strong><em>Brucella abortus<br \/>\nEscherichia coli ATCC 25922<br \/>\nStaphylococcus aureus ATCC 6538<br \/>\n<\/em><br \/>\n<strong>Wielko\u015b\u0107 opakowania:<\/strong><br \/>\nSypkie: 500 g, 250 g, 100 g, gotowa nawa\u017cka na 250 ml<br \/>\nButelki: 6 x 400 ml, 6 x 200 ml<\/p>","protected":false},"excerpt":{"rendered":"<p>Zastosowanie: Pod\u0142o\u017ce do hodowli oraz izolacji Brucella sp. (w tym szczep\u00f3w chorobotw\u00f3rczych np. B.suis, B.abortus) z produkt\u00f3w spo\u017cywczych pochodzenia zwierz\u0119cego i materia\u0142\u00f3w klinicznych. Agar z surowic\u0105 ko\u0144sk\u0105 (bez antybiotyk\u00f3w) mo\u017ce by\u0107 u\u017cywany do sprawdzania wra\u017cliwo\u015bci bakterii Brucella na barwniki. Suplementy: Roztwory antybiotyk\u00f3w lub surowica ko\u0144ska Szczepy kontrolne: Brucella abortus Escherichia coli ATCC 25922 Staphylococcus aureus [&hellip;]<\/p>\n","protected":false},"featured_media":0,"template":"","meta":[],"product_brand":[],"product_cat":[99,126,78,77],"product_tag":[],"class_list":{"0":"post-2990","1":"product","2":"type-product","3":"status-publish","5":"product_cat-agary","6":"product_cat-butelki","7":"product_cat-podloza-mikrobiologiczne-gotowe","8":"product_cat-podloza-mikrobiologiczne-sypkie","10":"first","11":"instock","12":"shipping-taxable","13":"product-type-simple"},"_links":{"self":[{"href":"https:\/\/www.btl.com.pl\/en\/wp-json\/wp\/v2\/product\/2990","targetHints":{"allow":["GET"]}}],"collection":[{"href":"https:\/\/www.btl.com.pl\/en\/wp-json\/wp\/v2\/product"}],"about":[{"href":"https:\/\/www.btl.com.pl\/en\/wp-json\/wp\/v2\/types\/product"}],"version-history":[{"count":3,"href":"https:\/\/www.btl.com.pl\/en\/wp-json\/wp\/v2\/product\/2990\/revisions"}],"predecessor-version":[{"id":3377,"href":"https:\/\/www.btl.com.pl\/en\/wp-json\/wp\/v2\/product\/2990\/revisions\/3377"}],"wp:attachment":[{"href":"https:\/\/www.btl.com.pl\/en\/wp-json\/wp\/v2\/media?parent=2990"}],"wp:term":[{"taxonomy":"product_brand","embeddable":true,"href":"https:\/\/www.btl.com.pl\/en\/wp-json\/wp\/v2\/product_brand?post=2990"},{"taxonomy":"product_cat","embeddable":true,"href":"https:\/\/www.btl.com.pl\/en\/wp-json\/wp\/v2\/product_cat?post=2990"},{"taxonomy":"product_tag","embeddable":true,"href":"https:\/\/www.btl.com.pl\/en\/wp-json\/wp\/v2\/product_tag?post=2990"}],"curies":[{"name":"wp","href":"https:\/\/api.w.org\/{rel}","templated":true}]}}