{"id":2968,"date":"2022-02-08T18:49:47","date_gmt":"2022-02-08T17:49:47","guid":{"rendered":"https:\/\/btl.com.pl\/?post_type=product&#038;p=2968"},"modified":"2022-02-08T18:49:48","modified_gmt":"2022-02-08T17:49:48","slug":"pepton-tryptose-s-0024-2","status":"publish","type":"product","link":"https:\/\/www.btl.com.pl\/en\/produkty\/skladniki-do-podlozy-mikrobiologicznych\/peptony-skladanki-do-podlozy-mikrobiologicznych\/pepton-tryptose-s-0024-2\/","title":{"rendered":"Pepton Tryptose. S-0024"},"content":{"rendered":"<div>nr katalogowy: <b>S-0024<\/b><\/div>\n<p>&nbsp;<\/p>\n<div>\n<p><strong>Zastosowanie:<\/strong><br \/>\nMieszanka pepton\u00f3w o wysokich w\u0142a\u015bciwo\u015bciach od\u017cywczych. Sk\u0142adnik pod\u0142o\u017cy mikrobiologicznych dla wzrostu drobnoustroj\u00f3w o du\u017cych wymaganiach pokarmowych.<br \/>\n<strong>Wielko\u015b\u0107 opakowania:<\/strong><br \/>\n1000 g, 500 g, 250 g, 100 g<\/p>\n<\/div>","protected":false},"excerpt":{"rendered":"<p>nr katalogowy: S-0024 &nbsp; Zastosowanie: Mieszanka pepton\u00f3w o wysokich w\u0142a\u015bciwo\u015bciach od\u017cywczych. Sk\u0142adnik pod\u0142o\u017cy mikrobiologicznych dla wzrostu drobnoustroj\u00f3w o du\u017cych wymaganiach pokarmowych. Wielko\u015b\u0107 opakowania: 1000 g, 500 g, 250 g, 100 g<\/p>","protected":false},"featured_media":0,"template":"","meta":[],"product_brand":[],"product_cat":[110,79],"product_tag":[],"class_list":{"0":"post-2968","1":"product","2":"type-product","3":"status-publish","5":"product_cat-peptony-skladanki-do-podlozy-mikrobiologicznych","6":"product_cat-skladniki-do-podlozy-mikrobiologicznych","8":"first","9":"instock","10":"shipping-taxable","11":"product-type-simple"},"_links":{"self":[{"href":"https:\/\/www.btl.com.pl\/en\/wp-json\/wp\/v2\/product\/2968","targetHints":{"allow":["GET"]}}],"collection":[{"href":"https:\/\/www.btl.com.pl\/en\/wp-json\/wp\/v2\/product"}],"about":[{"href":"https:\/\/www.btl.com.pl\/en\/wp-json\/wp\/v2\/types\/product"}],"version-history":[{"count":1,"href":"https:\/\/www.btl.com.pl\/en\/wp-json\/wp\/v2\/product\/2968\/revisions"}],"predecessor-version":[{"id":2969,"href":"https:\/\/www.btl.com.pl\/en\/wp-json\/wp\/v2\/product\/2968\/revisions\/2969"}],"wp:attachment":[{"href":"https:\/\/www.btl.com.pl\/en\/wp-json\/wp\/v2\/media?parent=2968"}],"wp:term":[{"taxonomy":"product_brand","embeddable":true,"href":"https:\/\/www.btl.com.pl\/en\/wp-json\/wp\/v2\/product_brand?post=2968"},{"taxonomy":"product_cat","embeddable":true,"href":"https:\/\/www.btl.com.pl\/en\/wp-json\/wp\/v2\/product_cat?post=2968"},{"taxonomy":"product_tag","embeddable":true,"href":"https:\/\/www.btl.com.pl\/en\/wp-json\/wp\/v2\/product_tag?post=2968"}],"curies":[{"name":"wp","href":"https:\/\/api.w.org\/{rel}","templated":true}]}}