{"id":2962,"date":"2022-02-08T18:47:21","date_gmt":"2022-02-08T17:47:21","guid":{"rendered":"https:\/\/btl.com.pl\/?post_type=product&#038;p=2962"},"modified":"2022-02-08T18:47:21","modified_gmt":"2022-02-08T17:47:21","slug":"pepton-proteose-s-0025-2","status":"publish","type":"product","link":"https:\/\/www.btl.com.pl\/en\/produkty\/skladniki-do-podlozy-mikrobiologicznych\/peptony-skladanki-do-podlozy-mikrobiologicznych\/pepton-proteose-s-0025-2\/","title":{"rendered":"Pepton Proteose. S-0025"},"content":{"rendered":"<div>nr katalogowy: <b>S-0025<\/b><\/div>\n<p>&nbsp;<\/p>\n<div>\n<p><strong>Zastosowanie:<br \/>\n<\/strong>Enzymatyczny hydrolizat wyselekcjonowanej tkanki zwierz\u0119cej o du\u017cej zawarto\u015bci wolnych aminokwas\u00f3w. Sk\u0142adnik wielu pod\u0142o\u017cy mikrobiologicznych.<br \/>\n<strong>Wielko\u015b\u0107 opakowania:<\/strong><br \/>\n1000 g, 500 g, 250 g, 100 g<\/p>\n<\/div>","protected":false},"excerpt":{"rendered":"<p>nr katalogowy: S-0025 &nbsp; Zastosowanie: Enzymatyczny hydrolizat wyselekcjonowanej tkanki zwierz\u0119cej o du\u017cej zawarto\u015bci wolnych aminokwas\u00f3w. Sk\u0142adnik wielu pod\u0142o\u017cy mikrobiologicznych. Wielko\u015b\u0107 opakowania: 1000 g, 500 g, 250 g, 100 g<\/p>","protected":false},"featured_media":0,"template":"","meta":[],"product_brand":[],"product_cat":[110,79],"product_tag":[],"class_list":{"0":"post-2962","1":"product","2":"type-product","3":"status-publish","5":"product_cat-peptony-skladanki-do-podlozy-mikrobiologicznych","6":"product_cat-skladniki-do-podlozy-mikrobiologicznych","8":"first","9":"instock","10":"shipping-taxable","11":"product-type-simple"},"_links":{"self":[{"href":"https:\/\/www.btl.com.pl\/en\/wp-json\/wp\/v2\/product\/2962","targetHints":{"allow":["GET"]}}],"collection":[{"href":"https:\/\/www.btl.com.pl\/en\/wp-json\/wp\/v2\/product"}],"about":[{"href":"https:\/\/www.btl.com.pl\/en\/wp-json\/wp\/v2\/types\/product"}],"version-history":[{"count":1,"href":"https:\/\/www.btl.com.pl\/en\/wp-json\/wp\/v2\/product\/2962\/revisions"}],"predecessor-version":[{"id":2963,"href":"https:\/\/www.btl.com.pl\/en\/wp-json\/wp\/v2\/product\/2962\/revisions\/2963"}],"wp:attachment":[{"href":"https:\/\/www.btl.com.pl\/en\/wp-json\/wp\/v2\/media?parent=2962"}],"wp:term":[{"taxonomy":"product_brand","embeddable":true,"href":"https:\/\/www.btl.com.pl\/en\/wp-json\/wp\/v2\/product_brand?post=2962"},{"taxonomy":"product_cat","embeddable":true,"href":"https:\/\/www.btl.com.pl\/en\/wp-json\/wp\/v2\/product_cat?post=2962"},{"taxonomy":"product_tag","embeddable":true,"href":"https:\/\/www.btl.com.pl\/en\/wp-json\/wp\/v2\/product_tag?post=2962"}],"curies":[{"name":"wp","href":"https:\/\/api.w.org\/{rel}","templated":true}]}}