{"id":2960,"date":"2022-02-08T18:46:02","date_gmt":"2022-02-08T17:46:02","guid":{"rendered":"https:\/\/btl.com.pl\/?post_type=product&#038;p=2960"},"modified":"2022-02-08T18:46:02","modified_gmt":"2022-02-08T17:46:02","slug":"pepton-k-kazeinowy-s-0011-2","status":"publish","type":"product","link":"https:\/\/www.btl.com.pl\/en\/produkty\/skladniki-do-podlozy-mikrobiologicznych\/peptony-skladanki-do-podlozy-mikrobiologicznych\/pepton-k-kazeinowy-s-0011-2\/","title":{"rendered":"Pepton K (kazeinowy). S-0011"},"content":{"rendered":"<div>nr katalogowy: <b>S-0011<\/b><\/div>\n<p>&nbsp;<\/p>\n<div>\n<p><strong>Zastosowanie:<\/strong><br \/>\nPankreatynowy hydrolizat kazeiny. Stosowany w wielu pod\u0142o\u017cach do rutynowej kontroli mikrobiologicznej, jak r\u00f3wnie\u017c w pod\u0142o\u017cach do przemys\u0142owej hodowli bakterii mlekowych, <em>Bacillus, Brucella<\/em>, itd.<br \/>\n<strong>Wielko\u015b\u0107 opakowania:<\/strong><br \/>\n1000 g, 500 g, 250 g, 100 g<\/p>\n<\/div>","protected":false},"excerpt":{"rendered":"<p>nr katalogowy: S-0011 &nbsp; Zastosowanie: Pankreatynowy hydrolizat kazeiny. Stosowany w wielu pod\u0142o\u017cach do rutynowej kontroli mikrobiologicznej, jak r\u00f3wnie\u017c w pod\u0142o\u017cach do przemys\u0142owej hodowli bakterii mlekowych, Bacillus, Brucella, itd. Wielko\u015b\u0107 opakowania: 1000 g, 500 g, 250 g, 100 g<\/p>","protected":false},"featured_media":0,"template":"","meta":[],"product_brand":[],"product_cat":[110,79],"product_tag":[],"class_list":{"0":"post-2960","1":"product","2":"type-product","3":"status-publish","5":"product_cat-peptony-skladanki-do-podlozy-mikrobiologicznych","6":"product_cat-skladniki-do-podlozy-mikrobiologicznych","8":"first","9":"instock","10":"shipping-taxable","11":"product-type-simple"},"_links":{"self":[{"href":"https:\/\/www.btl.com.pl\/en\/wp-json\/wp\/v2\/product\/2960","targetHints":{"allow":["GET"]}}],"collection":[{"href":"https:\/\/www.btl.com.pl\/en\/wp-json\/wp\/v2\/product"}],"about":[{"href":"https:\/\/www.btl.com.pl\/en\/wp-json\/wp\/v2\/types\/product"}],"version-history":[{"count":1,"href":"https:\/\/www.btl.com.pl\/en\/wp-json\/wp\/v2\/product\/2960\/revisions"}],"predecessor-version":[{"id":2961,"href":"https:\/\/www.btl.com.pl\/en\/wp-json\/wp\/v2\/product\/2960\/revisions\/2961"}],"wp:attachment":[{"href":"https:\/\/www.btl.com.pl\/en\/wp-json\/wp\/v2\/media?parent=2960"}],"wp:term":[{"taxonomy":"product_brand","embeddable":true,"href":"https:\/\/www.btl.com.pl\/en\/wp-json\/wp\/v2\/product_brand?post=2960"},{"taxonomy":"product_cat","embeddable":true,"href":"https:\/\/www.btl.com.pl\/en\/wp-json\/wp\/v2\/product_cat?post=2960"},{"taxonomy":"product_tag","embeddable":true,"href":"https:\/\/www.btl.com.pl\/en\/wp-json\/wp\/v2\/product_tag?post=2960"}],"curies":[{"name":"wp","href":"https:\/\/api.w.org\/{rel}","templated":true}]}}