{"id":2958,"date":"2022-02-08T18:45:14","date_gmt":"2022-02-08T17:45:14","guid":{"rendered":"https:\/\/btl.com.pl\/?post_type=product&#038;p=2958"},"modified":"2022-02-08T18:45:15","modified_gmt":"2022-02-08T17:45:15","slug":"pepton-g-zelatynowy-s-0010-2","status":"publish","type":"product","link":"https:\/\/www.btl.com.pl\/en\/produkty\/skladniki-do-podlozy-mikrobiologicznych\/peptony-skladanki-do-podlozy-mikrobiologicznych\/pepton-g-zelatynowy-s-0010-2\/","title":{"rendered":"Pepton G (\u017celatynowy). S-0010"},"content":{"rendered":"<div>nr katalogowy: <b>S-0010<\/b><\/div>\n<p>&nbsp;<\/p>\n<div>\n<p><strong>Zastosowanie:<\/strong><br \/>\nPankreatynowy hydrolizat \u017celatyny. Charakteryzuje si\u0119 nisk\u0105 zawarto\u015bci\u0105 aminokwas\u00f3w siarkowych oraz wysok\u0105 zawarto\u015bci\u0105 proliny i hydroksyproliny.<br \/>\n<strong>Wielko\u015b\u0107 opakowania:<\/strong><br \/>\n1000 g, 500 g, 250 g, 100 g<\/p>\n<\/div>","protected":false},"excerpt":{"rendered":"<p>nr katalogowy: S-0010 &nbsp; Zastosowanie: Pankreatynowy hydrolizat \u017celatyny. Charakteryzuje si\u0119 nisk\u0105 zawarto\u015bci\u0105 aminokwas\u00f3w siarkowych oraz wysok\u0105 zawarto\u015bci\u0105 proliny i hydroksyproliny. Wielko\u015b\u0107 opakowania: 1000 g, 500 g, 250 g, 100 g<\/p>","protected":false},"featured_media":0,"template":"","meta":[],"product_brand":[],"product_cat":[110,79],"product_tag":[],"class_list":{"0":"post-2958","1":"product","2":"type-product","3":"status-publish","5":"product_cat-peptony-skladanki-do-podlozy-mikrobiologicznych","6":"product_cat-skladniki-do-podlozy-mikrobiologicznych","8":"first","9":"instock","10":"shipping-taxable","11":"product-type-simple"},"_links":{"self":[{"href":"https:\/\/www.btl.com.pl\/en\/wp-json\/wp\/v2\/product\/2958","targetHints":{"allow":["GET"]}}],"collection":[{"href":"https:\/\/www.btl.com.pl\/en\/wp-json\/wp\/v2\/product"}],"about":[{"href":"https:\/\/www.btl.com.pl\/en\/wp-json\/wp\/v2\/types\/product"}],"version-history":[{"count":1,"href":"https:\/\/www.btl.com.pl\/en\/wp-json\/wp\/v2\/product\/2958\/revisions"}],"predecessor-version":[{"id":2959,"href":"https:\/\/www.btl.com.pl\/en\/wp-json\/wp\/v2\/product\/2958\/revisions\/2959"}],"wp:attachment":[{"href":"https:\/\/www.btl.com.pl\/en\/wp-json\/wp\/v2\/media?parent=2958"}],"wp:term":[{"taxonomy":"product_brand","embeddable":true,"href":"https:\/\/www.btl.com.pl\/en\/wp-json\/wp\/v2\/product_brand?post=2958"},{"taxonomy":"product_cat","embeddable":true,"href":"https:\/\/www.btl.com.pl\/en\/wp-json\/wp\/v2\/product_cat?post=2958"},{"taxonomy":"product_tag","embeddable":true,"href":"https:\/\/www.btl.com.pl\/en\/wp-json\/wp\/v2\/product_tag?post=2958"}],"curies":[{"name":"wp","href":"https:\/\/api.w.org\/{rel}","templated":true}]}}