{"id":2954,"date":"2022-02-08T18:19:33","date_gmt":"2022-02-08T17:19:33","guid":{"rendered":"https:\/\/btl.com.pl\/?post_type=product&#038;p=2954"},"modified":"2022-02-08T18:19:33","modified_gmt":"2022-02-08T17:19:33","slug":"ekstrakt-wolowy-s-0008-2","status":"publish","type":"product","link":"https:\/\/www.btl.com.pl\/en\/produkty\/skladniki-do-podlozy-mikrobiologicznych\/ekstrakty-skladanki-do-podlozy-mikrobiologicznych\/ekstrakt-wolowy-s-0008-2\/","title":{"rendered":"Ekstrakt wo\u0142owy. S-0008"},"content":{"rendered":"<div>nr katalogowy: <b>S-0008<\/b><\/div>\n<p>&nbsp;<\/p>\n<div>\n<p><strong>Zastosowanie:<br \/>\n<\/strong>Wyci\u0105g ze \u015bwie\u017cego mi\u0119sa wo\u0142owego. Sk\u0142adnik wielu pod\u0142o\u017cy mikrobiologicznych stosowanych w diagnostyce, jak i hodowli bakterii w wi\u0119kszej skali.<br \/>\n<strong>Wielko\u015b\u0107 opakowania:<br \/>\n<\/strong>1000 g, 500 g, 250 g, 100 g<\/p>\n<\/div>","protected":false},"excerpt":{"rendered":"<p>nr katalogowy: S-0008 &nbsp; Zastosowanie: Wyci\u0105g ze \u015bwie\u017cego mi\u0119sa wo\u0142owego. Sk\u0142adnik wielu pod\u0142o\u017cy mikrobiologicznych stosowanych w diagnostyce, jak i hodowli bakterii w wi\u0119kszej skali. Wielko\u015b\u0107 opakowania: 1000 g, 500 g, 250 g, 100 g<\/p>","protected":false},"featured_media":0,"template":"","meta":[],"product_brand":[],"product_cat":[109,79],"product_tag":[],"class_list":{"0":"post-2954","1":"product","2":"type-product","3":"status-publish","5":"product_cat-ekstrakty-skladanki-do-podlozy-mikrobiologicznych","6":"product_cat-skladniki-do-podlozy-mikrobiologicznych","8":"first","9":"instock","10":"shipping-taxable","11":"product-type-simple"},"_links":{"self":[{"href":"https:\/\/www.btl.com.pl\/en\/wp-json\/wp\/v2\/product\/2954","targetHints":{"allow":["GET"]}}],"collection":[{"href":"https:\/\/www.btl.com.pl\/en\/wp-json\/wp\/v2\/product"}],"about":[{"href":"https:\/\/www.btl.com.pl\/en\/wp-json\/wp\/v2\/types\/product"}],"version-history":[{"count":1,"href":"https:\/\/www.btl.com.pl\/en\/wp-json\/wp\/v2\/product\/2954\/revisions"}],"predecessor-version":[{"id":2955,"href":"https:\/\/www.btl.com.pl\/en\/wp-json\/wp\/v2\/product\/2954\/revisions\/2955"}],"wp:attachment":[{"href":"https:\/\/www.btl.com.pl\/en\/wp-json\/wp\/v2\/media?parent=2954"}],"wp:term":[{"taxonomy":"product_brand","embeddable":true,"href":"https:\/\/www.btl.com.pl\/en\/wp-json\/wp\/v2\/product_brand?post=2954"},{"taxonomy":"product_cat","embeddable":true,"href":"https:\/\/www.btl.com.pl\/en\/wp-json\/wp\/v2\/product_cat?post=2954"},{"taxonomy":"product_tag","embeddable":true,"href":"https:\/\/www.btl.com.pl\/en\/wp-json\/wp\/v2\/product_tag?post=2954"}],"curies":[{"name":"wp","href":"https:\/\/api.w.org\/{rel}","templated":true}]}}