{"id":2950,"date":"2022-02-08T18:17:25","date_gmt":"2022-02-08T17:17:25","guid":{"rendered":"https:\/\/btl.com.pl\/?post_type=product&#038;p=2950"},"modified":"2022-02-08T18:17:25","modified_gmt":"2022-02-08T17:17:25","slug":"ekstrakt-slodowy-s-0005-2","status":"publish","type":"product","link":"https:\/\/www.btl.com.pl\/en\/produkty\/skladniki-do-podlozy-mikrobiologicznych\/ekstrakty-skladanki-do-podlozy-mikrobiologicznych\/ekstrakt-slodowy-s-0005-2\/","title":{"rendered":"Ekstrakt s\u0142odowy. S-0005"},"content":{"rendered":"<div>nr katalogowy: <b>S-0005<\/b><\/div>\n<p>&nbsp;<\/p>\n<div>\n<p><strong>Zastosowanie:<br \/>\n<\/strong>Wyci\u0105g ze s\u0142odu, bogate \u017ar\u00f3d\u0142o w\u0119glowodan\u00f3w, nie wykazuj\u0105cy aktywno\u015bci enzymatycznej. Wykorzystywany w pod\u0142o\u017cach dla ple\u015bni i dro\u017cd\u017cy.<br \/>\n<strong>Wielko\u015b\u0107 opakowania:<\/strong><br \/>\n1000 g, 500 g, 250 g, 100 g<\/p>\n<\/div>","protected":false},"excerpt":{"rendered":"<p>nr katalogowy: S-0005 &nbsp; Zastosowanie: Wyci\u0105g ze s\u0142odu, bogate \u017ar\u00f3d\u0142o w\u0119glowodan\u00f3w, nie wykazuj\u0105cy aktywno\u015bci enzymatycznej. Wykorzystywany w pod\u0142o\u017cach dla ple\u015bni i dro\u017cd\u017cy. Wielko\u015b\u0107 opakowania: 1000 g, 500 g, 250 g, 100 g<\/p>","protected":false},"featured_media":0,"template":"","meta":[],"product_brand":[],"product_cat":[109,79],"product_tag":[],"class_list":{"0":"post-2950","1":"product","2":"type-product","3":"status-publish","5":"product_cat-ekstrakty-skladanki-do-podlozy-mikrobiologicznych","6":"product_cat-skladniki-do-podlozy-mikrobiologicznych","8":"first","9":"instock","10":"shipping-taxable","11":"product-type-simple"},"_links":{"self":[{"href":"https:\/\/www.btl.com.pl\/en\/wp-json\/wp\/v2\/product\/2950","targetHints":{"allow":["GET"]}}],"collection":[{"href":"https:\/\/www.btl.com.pl\/en\/wp-json\/wp\/v2\/product"}],"about":[{"href":"https:\/\/www.btl.com.pl\/en\/wp-json\/wp\/v2\/types\/product"}],"version-history":[{"count":1,"href":"https:\/\/www.btl.com.pl\/en\/wp-json\/wp\/v2\/product\/2950\/revisions"}],"predecessor-version":[{"id":2951,"href":"https:\/\/www.btl.com.pl\/en\/wp-json\/wp\/v2\/product\/2950\/revisions\/2951"}],"wp:attachment":[{"href":"https:\/\/www.btl.com.pl\/en\/wp-json\/wp\/v2\/media?parent=2950"}],"wp:term":[{"taxonomy":"product_brand","embeddable":true,"href":"https:\/\/www.btl.com.pl\/en\/wp-json\/wp\/v2\/product_brand?post=2950"},{"taxonomy":"product_cat","embeddable":true,"href":"https:\/\/www.btl.com.pl\/en\/wp-json\/wp\/v2\/product_cat?post=2950"},{"taxonomy":"product_tag","embeddable":true,"href":"https:\/\/www.btl.com.pl\/en\/wp-json\/wp\/v2\/product_tag?post=2950"}],"curies":[{"name":"wp","href":"https:\/\/api.w.org\/{rel}","templated":true}]}}