{"id":2946,"date":"2022-02-08T18:15:43","date_gmt":"2022-02-08T17:15:43","guid":{"rendered":"https:\/\/btl.com.pl\/?post_type=product&#038;p=2946"},"modified":"2022-02-08T18:15:43","modified_gmt":"2022-02-08T17:15:43","slug":"aminobak-pepton-s-0002-3","status":"publish","type":"product","link":"https:\/\/www.btl.com.pl\/en\/produkty\/skladniki-do-podlozy-mikrobiologicznych\/peptony-skladanki-do-podlozy-mikrobiologicznych\/aminobak-pepton-s-0002-3\/","title":{"rendered":"Aminobak &#8211; pepton. S-0002"},"content":{"rendered":"<div>nr katalogowy: <b>S-0002<\/b><\/div>\n<p>&nbsp;<\/p>\n<div>\n<p><strong>Zastosowanie:<\/strong><br \/>\nEnzymatyczny hydrolizat wyselekcjonowanej tkanki zwierz\u0119cej o du\u017cej zawarto\u015bci wolnych aminokwas\u00f3w i niskomolekularnych peptyd\u00f3w. Stosowany w wi\u0119kszo\u015bci rutynowych procedur diagnostycznych, do produkcji szczepionek i\u00a0 w hodowlach drobnoustroj\u00f3w wymagaj\u0105cych pepton\u00f3w wysokiej jako\u015bci.<br \/>\n<strong>Wielko\u015b\u0107 opakowania:<\/strong><br \/>\n1000 g, 500 g, 250 g, 100 g<\/p>\n<\/div>","protected":false},"excerpt":{"rendered":"<p>nr katalogowy: S-0002 &nbsp; Zastosowanie: Enzymatyczny hydrolizat wyselekcjonowanej tkanki zwierz\u0119cej o du\u017cej zawarto\u015bci wolnych aminokwas\u00f3w i niskomolekularnych peptyd\u00f3w. Stosowany w wi\u0119kszo\u015bci rutynowych procedur diagnostycznych, do produkcji szczepionek i\u00a0 w hodowlach drobnoustroj\u00f3w wymagaj\u0105cych pepton\u00f3w wysokiej jako\u015bci. Wielko\u015b\u0107 opakowania: 1000 g, 500 g, 250 g, 100 g<\/p>","protected":false},"featured_media":0,"template":"","meta":[],"product_brand":[],"product_cat":[110,79],"product_tag":[],"class_list":{"0":"post-2946","1":"product","2":"type-product","3":"status-publish","5":"product_cat-peptony-skladanki-do-podlozy-mikrobiologicznych","6":"product_cat-skladniki-do-podlozy-mikrobiologicznych","8":"first","9":"instock","10":"shipping-taxable","11":"product-type-simple"},"_links":{"self":[{"href":"https:\/\/www.btl.com.pl\/en\/wp-json\/wp\/v2\/product\/2946","targetHints":{"allow":["GET"]}}],"collection":[{"href":"https:\/\/www.btl.com.pl\/en\/wp-json\/wp\/v2\/product"}],"about":[{"href":"https:\/\/www.btl.com.pl\/en\/wp-json\/wp\/v2\/types\/product"}],"version-history":[{"count":1,"href":"https:\/\/www.btl.com.pl\/en\/wp-json\/wp\/v2\/product\/2946\/revisions"}],"predecessor-version":[{"id":2947,"href":"https:\/\/www.btl.com.pl\/en\/wp-json\/wp\/v2\/product\/2946\/revisions\/2947"}],"wp:attachment":[{"href":"https:\/\/www.btl.com.pl\/en\/wp-json\/wp\/v2\/media?parent=2946"}],"wp:term":[{"taxonomy":"product_brand","embeddable":true,"href":"https:\/\/www.btl.com.pl\/en\/wp-json\/wp\/v2\/product_brand?post=2946"},{"taxonomy":"product_cat","embeddable":true,"href":"https:\/\/www.btl.com.pl\/en\/wp-json\/wp\/v2\/product_cat?post=2946"},{"taxonomy":"product_tag","embeddable":true,"href":"https:\/\/www.btl.com.pl\/en\/wp-json\/wp\/v2\/product_tag?post=2946"}],"curies":[{"name":"wp","href":"https:\/\/api.w.org\/{rel}","templated":true}]}}