{"id":2913,"date":"2021-12-08T11:43:08","date_gmt":"2021-12-08T10:43:08","guid":{"rendered":"https:\/\/btl.com.pl\/?post_type=product&#038;p=2913"},"modified":"2021-12-08T11:44:42","modified_gmt":"2021-12-08T10:44:42","slug":"podloze-miekkie-wg-garda-p-0412","status":"publish","type":"product","link":"https:\/\/www.btl.com.pl\/en\/produkty\/podloza-mikrobiologiczne-sypkie\/podloza-polplynne\/podloze-miekkie-wg-garda-p-0412\/","title":{"rendered":"Pod\u0142o\u017ce mi\u0119kkie wg Garda.  P-0412"},"content":{"rendered":"<p>nr katalogowy: <b>P-0354<\/b><\/p>\n<p>&nbsp;<\/p>\n<div>\n<p><strong>Zastosowanie:<br \/>\n<\/strong><br \/>\n<strong>Szczepy kontrolne:<\/strong><\/p>\n<p><strong>Wielko\u015b\u0107 opakowania:<\/strong><\/p>\n<\/div>","protected":false},"excerpt":{"rendered":"<p>nr katalogowy: P-0354 &nbsp; Zastosowanie: Szczepy kontrolne: Wielko\u015b\u0107 opakowania:<\/p>","protected":false},"featured_media":0,"template":"","meta":[],"product_brand":[],"product_cat":[77,124],"product_tag":[],"class_list":{"0":"post-2913","1":"product","2":"type-product","3":"status-publish","5":"product_cat-podloza-mikrobiologiczne-sypkie","6":"product_cat-podloza-polplynne","8":"first","9":"instock","10":"shipping-taxable","11":"product-type-simple"},"_links":{"self":[{"href":"https:\/\/www.btl.com.pl\/en\/wp-json\/wp\/v2\/product\/2913","targetHints":{"allow":["GET"]}}],"collection":[{"href":"https:\/\/www.btl.com.pl\/en\/wp-json\/wp\/v2\/product"}],"about":[{"href":"https:\/\/www.btl.com.pl\/en\/wp-json\/wp\/v2\/types\/product"}],"version-history":[{"count":2,"href":"https:\/\/www.btl.com.pl\/en\/wp-json\/wp\/v2\/product\/2913\/revisions"}],"predecessor-version":[{"id":2915,"href":"https:\/\/www.btl.com.pl\/en\/wp-json\/wp\/v2\/product\/2913\/revisions\/2915"}],"wp:attachment":[{"href":"https:\/\/www.btl.com.pl\/en\/wp-json\/wp\/v2\/media?parent=2913"}],"wp:term":[{"taxonomy":"product_brand","embeddable":true,"href":"https:\/\/www.btl.com.pl\/en\/wp-json\/wp\/v2\/product_brand?post=2913"},{"taxonomy":"product_cat","embeddable":true,"href":"https:\/\/www.btl.com.pl\/en\/wp-json\/wp\/v2\/product_cat?post=2913"},{"taxonomy":"product_tag","embeddable":true,"href":"https:\/\/www.btl.com.pl\/en\/wp-json\/wp\/v2\/product_tag?post=2913"}],"curies":[{"name":"wp","href":"https:\/\/api.w.org\/{rel}","templated":true}]}}