{"id":2901,"date":"2021-12-08T11:33:59","date_gmt":"2021-12-08T10:33:59","guid":{"rendered":"https:\/\/btl.com.pl\/?post_type=product&#038;p=2901"},"modified":"2021-12-08T11:34:00","modified_gmt":"2021-12-08T10:34:00","slug":"podloze-falkowa-z-lizyna-p-0395","status":"publish","type":"product","link":"https:\/\/www.btl.com.pl\/en\/produkty\/podloza-mikrobiologiczne-sypkie\/buliony\/podloze-falkowa-z-lizyna-p-0395\/","title":{"rendered":"Pod\u0142o\u017ce Falkowa z Lizyn\u0105.  P-0395"},"content":{"rendered":"<p>nr katalogowy: <b>P-0395<\/b><\/p>\n<p>&nbsp;<\/p>\n<div>\n<p><strong>Zastosowanie:<br \/>\n<\/strong><br \/>\n<strong>Szczepy kontrolne:<\/strong><\/p>\n<p><strong>Wielko\u015b\u0107 opakowania:<\/strong><\/p>\n<\/div>","protected":false},"excerpt":{"rendered":"<p>nr katalogowy: P-0395 &nbsp; Zastosowanie: Szczepy kontrolne: Wielko\u015b\u0107 opakowania:<\/p>","protected":false},"featured_media":0,"template":"","meta":[],"product_brand":[],"product_cat":[100,77],"product_tag":[],"class_list":{"0":"post-2901","1":"product","2":"type-product","3":"status-publish","5":"product_cat-buliony","6":"product_cat-podloza-mikrobiologiczne-sypkie","8":"first","9":"instock","10":"shipping-taxable","11":"product-type-simple"},"_links":{"self":[{"href":"https:\/\/www.btl.com.pl\/en\/wp-json\/wp\/v2\/product\/2901","targetHints":{"allow":["GET"]}}],"collection":[{"href":"https:\/\/www.btl.com.pl\/en\/wp-json\/wp\/v2\/product"}],"about":[{"href":"https:\/\/www.btl.com.pl\/en\/wp-json\/wp\/v2\/types\/product"}],"version-history":[{"count":1,"href":"https:\/\/www.btl.com.pl\/en\/wp-json\/wp\/v2\/product\/2901\/revisions"}],"predecessor-version":[{"id":2902,"href":"https:\/\/www.btl.com.pl\/en\/wp-json\/wp\/v2\/product\/2901\/revisions\/2902"}],"wp:attachment":[{"href":"https:\/\/www.btl.com.pl\/en\/wp-json\/wp\/v2\/media?parent=2901"}],"wp:term":[{"taxonomy":"product_brand","embeddable":true,"href":"https:\/\/www.btl.com.pl\/en\/wp-json\/wp\/v2\/product_brand?post=2901"},{"taxonomy":"product_cat","embeddable":true,"href":"https:\/\/www.btl.com.pl\/en\/wp-json\/wp\/v2\/product_cat?post=2901"},{"taxonomy":"product_tag","embeddable":true,"href":"https:\/\/www.btl.com.pl\/en\/wp-json\/wp\/v2\/product_tag?post=2901"}],"curies":[{"name":"wp","href":"https:\/\/api.w.org\/{rel}","templated":true}]}}