{"id":2882,"date":"2021-12-06T11:31:45","date_gmt":"2021-12-06T10:31:45","guid":{"rendered":"https:\/\/btl.com.pl\/?post_type=product&#038;p=2882"},"modified":"2021-12-06T11:31:45","modified_gmt":"2021-12-06T10:31:45","slug":"zbuforowany-roztwor-chlorku-sodu-z-peptonem-o-ph-70-p-0172","status":"publish","type":"product","link":"https:\/\/www.btl.com.pl\/en\/produkty\/podloza-mikrobiologiczne-sypkie\/podloza-plynne\/zbuforowany-roztwor-chlorku-sodu-z-peptonem-o-ph-70-p-0172\/","title":{"rendered":"Zbuforowany roztw\u00f3r chlorku sodu z peptonem o pH 7,0.  P-0172"},"content":{"rendered":"<div>nr katalogowy: <b>P-0172<\/b><\/div>\n<p>&nbsp;<\/p>\n<div>\n<p><strong>Zastosowanie:<br \/>\n<\/strong>Produkt do przygotowania roztworu izotonicznego; p\u0142yn do rozcie\u0144cze\u0144. Stosowany przy badaniu czysto\u015bci mikrobiologicznej surowc\u00f3w i preparat\u00f3w farmaceutycznych oraz innych materia\u0142ach.<br \/>\n<strong>Wielko\u015b\u0107 opakowania:<\/strong><br \/>\nSypkie: 500 g, 250 g, 100 g, gotowa nawa\u017cka na 250 ml<br \/>\nButelki: 6 x 400 ml, 6 x 200 ml<\/p>\n<\/div>","protected":false},"excerpt":{"rendered":"<p>nr katalogowy: P-0172 &nbsp; Zastosowanie: Produkt do przygotowania roztworu izotonicznego; p\u0142yn do rozcie\u0144cze\u0144. Stosowany przy badaniu czysto\u015bci mikrobiologicznej surowc\u00f3w i preparat\u00f3w farmaceutycznych oraz innych materia\u0142ach. Wielko\u015b\u0107 opakowania: Sypkie: 500 g, 250 g, 100 g, gotowa nawa\u017cka na 250 ml Butelki: 6 x 400 ml, 6 x 200 ml<\/p>","protected":false},"featured_media":0,"template":"","meta":[],"product_brand":[],"product_cat":[77,101],"product_tag":[],"class_list":{"0":"post-2882","1":"product","2":"type-product","3":"status-publish","5":"product_cat-podloza-mikrobiologiczne-sypkie","6":"product_cat-podloza-plynne","8":"first","9":"instock","10":"shipping-taxable","11":"product-type-simple"},"_links":{"self":[{"href":"https:\/\/www.btl.com.pl\/en\/wp-json\/wp\/v2\/product\/2882","targetHints":{"allow":["GET"]}}],"collection":[{"href":"https:\/\/www.btl.com.pl\/en\/wp-json\/wp\/v2\/product"}],"about":[{"href":"https:\/\/www.btl.com.pl\/en\/wp-json\/wp\/v2\/types\/product"}],"version-history":[{"count":2,"href":"https:\/\/www.btl.com.pl\/en\/wp-json\/wp\/v2\/product\/2882\/revisions"}],"predecessor-version":[{"id":3650,"href":"https:\/\/www.btl.com.pl\/en\/wp-json\/wp\/v2\/product\/2882\/revisions\/3650"}],"wp:attachment":[{"href":"https:\/\/www.btl.com.pl\/en\/wp-json\/wp\/v2\/media?parent=2882"}],"wp:term":[{"taxonomy":"product_brand","embeddable":true,"href":"https:\/\/www.btl.com.pl\/en\/wp-json\/wp\/v2\/product_brand?post=2882"},{"taxonomy":"product_cat","embeddable":true,"href":"https:\/\/www.btl.com.pl\/en\/wp-json\/wp\/v2\/product_cat?post=2882"},{"taxonomy":"product_tag","embeddable":true,"href":"https:\/\/www.btl.com.pl\/en\/wp-json\/wp\/v2\/product_tag?post=2882"}],"curies":[{"name":"wp","href":"https:\/\/api.w.org\/{rel}","templated":true}]}}