{"id":2880,"date":"2021-12-06T11:29:40","date_gmt":"2021-12-06T10:29:40","guid":{"rendered":"https:\/\/btl.com.pl\/?post_type=product&#038;p=2880"},"modified":"2022-03-01T22:09:54","modified_gmt":"2022-03-01T21:09:54","slug":"zbuforowana-woda-peptonowa-z-peptonem-kazeinowym-p-0289","status":"publish","type":"product","link":"https:\/\/www.btl.com.pl\/en\/produkty\/podloza-mikrobiologiczne-gotowe\/butelki\/zbuforowana-woda-peptonowa-z-peptonem-kazeinowym-p-0289\/","title":{"rendered":"Zbuforowana woda peptonowa (z peptonem kazeinowym).  P-0289"},"content":{"rendered":"<div>nr katalogowy: <b>P-0289<\/b><\/div>\n<p>&nbsp;<\/p>\n<div>\n<p><strong>Zastosowanie:<\/strong><br \/>\nDo wst\u0119pnego nieselektywnego namna\u017cania bakterii, szczeg\u00f3lnie chorobotw\u00f3rczych <em>Enterobacteriaceae<\/em> z produkt\u00f3w \u017cywno\u015bciowych i innych materia\u0142\u00f3w.<br \/>\n<strong>Szczepy kontrolne:<\/strong><br \/>\n<em>Escherichia coli ATCC 25922<br \/>\nSalmonella enteritidis ATCC 13076<br \/>\nShigella sonnei ATCC 9290<br \/>\nStaphylococcus aureus ATCC 6538<\/em><br \/>\n<strong>Wielko\u015b\u0107 opakowania:<\/strong><br \/>\nSypkie: 500 g, 250 g, 100 g, gotowa nawa\u017cka na 250 ml<br \/>\nButelki: 6 x 400 ml, 6 x 200 ml<\/p>\n<\/div>","protected":false},"excerpt":{"rendered":"<p>nr katalogowy: P-0289 &nbsp; Zastosowanie: Do wst\u0119pnego nieselektywnego namna\u017cania bakterii, szczeg\u00f3lnie chorobotw\u00f3rczych Enterobacteriaceae z produkt\u00f3w \u017cywno\u015bciowych i innych materia\u0142\u00f3w. Szczepy kontrolne: Escherichia coli ATCC 25922 Salmonella enteritidis ATCC 13076 Shigella sonnei ATCC 9290 Staphylococcus aureus ATCC 6538 Wielko\u015b\u0107 opakowania: Sypkie: 500 g, 250 g, 100 g, gotowa nawa\u017cka na 250 ml Butelki: 6 x 400 [&hellip;]<\/p>\n","protected":false},"featured_media":0,"template":"","meta":[],"product_brand":[],"product_cat":[100,126,78,77],"product_tag":[],"class_list":{"0":"post-2880","1":"product","2":"type-product","3":"status-publish","5":"product_cat-buliony","6":"product_cat-butelki","7":"product_cat-podloza-mikrobiologiczne-gotowe","8":"product_cat-podloza-mikrobiologiczne-sypkie","10":"first","11":"instock","12":"shipping-taxable","13":"product-type-simple"},"_links":{"self":[{"href":"https:\/\/www.btl.com.pl\/en\/wp-json\/wp\/v2\/product\/2880","targetHints":{"allow":["GET"]}}],"collection":[{"href":"https:\/\/www.btl.com.pl\/en\/wp-json\/wp\/v2\/product"}],"about":[{"href":"https:\/\/www.btl.com.pl\/en\/wp-json\/wp\/v2\/types\/product"}],"version-history":[{"count":1,"href":"https:\/\/www.btl.com.pl\/en\/wp-json\/wp\/v2\/product\/2880\/revisions"}],"predecessor-version":[{"id":2881,"href":"https:\/\/www.btl.com.pl\/en\/wp-json\/wp\/v2\/product\/2880\/revisions\/2881"}],"wp:attachment":[{"href":"https:\/\/www.btl.com.pl\/en\/wp-json\/wp\/v2\/media?parent=2880"}],"wp:term":[{"taxonomy":"product_brand","embeddable":true,"href":"https:\/\/www.btl.com.pl\/en\/wp-json\/wp\/v2\/product_brand?post=2880"},{"taxonomy":"product_cat","embeddable":true,"href":"https:\/\/www.btl.com.pl\/en\/wp-json\/wp\/v2\/product_cat?post=2880"},{"taxonomy":"product_tag","embeddable":true,"href":"https:\/\/www.btl.com.pl\/en\/wp-json\/wp\/v2\/product_tag?post=2880"}],"curies":[{"name":"wp","href":"https:\/\/api.w.org\/{rel}","templated":true}]}}