{"id":2874,"date":"2021-12-06T11:26:17","date_gmt":"2021-12-06T10:26:17","guid":{"rendered":"https:\/\/btl.com.pl\/?post_type=product&#038;p=2874"},"modified":"2022-03-01T22:06:52","modified_gmt":"2022-03-01T21:06:52","slug":"woda-peptonowa-z-tryptofanem-p-0078","status":"publish","type":"product","link":"https:\/\/www.btl.com.pl\/en\/produkty\/podloza-mikrobiologiczne-gotowe\/butelki\/woda-peptonowa-z-tryptofanem-p-0078\/","title":{"rendered":"Woda peptonowa z tryptofanem. P-0078"},"content":{"rendered":"<div>nr katalogowy: <b>P-0078<\/b><\/div>\n<p>&nbsp;<\/p>\n<div>\n<p><strong>Zastosowanie:<\/strong><br \/>\nPod\u0142o\u017ce przeznaczone do hodowli przy r\u00f3\u017cnicowaniu bakterii z grupy coli &#8211; test na wytwarzanie indolu.<br \/>\n<strong>Szczepy kontrolne:<br \/>\n<\/strong><em>Escherichia coli ATCC 25922<br \/>\nProteus vulgaris ATCC 13315<br \/>\nKlebsiella pneumoniae ATCC 13883<br \/>\nSalmonella eneritidis ATCC 13076<\/em><br \/>\n<strong>Wielko\u015b\u0107 opakowania<\/strong>:<br \/>\nSypkie: 500 g, 250 g, 100 g, gotowa nawa\u017cka na 250 ml<br \/>\nButelki: \u00a06 x\u00a0400 ml,\u00a06 x\u00a0200 ml<\/p>\n<\/div>","protected":false},"excerpt":{"rendered":"<p>nr katalogowy: P-0078 &nbsp; Zastosowanie: Pod\u0142o\u017ce przeznaczone do hodowli przy r\u00f3\u017cnicowaniu bakterii z grupy coli &#8211; test na wytwarzanie indolu. Szczepy kontrolne: Escherichia coli ATCC 25922 Proteus vulgaris ATCC 13315 Klebsiella pneumoniae ATCC 13883 Salmonella eneritidis ATCC 13076 Wielko\u015b\u0107 opakowania: Sypkie: 500 g, 250 g, 100 g, gotowa nawa\u017cka na 250 ml Butelki: \u00a06 x\u00a0400 [&hellip;]<\/p>","protected":false},"featured_media":0,"template":"","meta":[],"product_brand":[],"product_cat":[126,77,100,78],"product_tag":[],"class_list":{"0":"post-2874","1":"product","2":"type-product","3":"status-publish","5":"product_cat-butelki","6":"product_cat-podloza-mikrobiologiczne-sypkie","7":"product_cat-buliony","8":"product_cat-podloza-mikrobiologiczne-gotowe","10":"first","11":"instock","12":"shipping-taxable","13":"product-type-simple"},"_links":{"self":[{"href":"https:\/\/www.btl.com.pl\/en\/wp-json\/wp\/v2\/product\/2874","targetHints":{"allow":["GET"]}}],"collection":[{"href":"https:\/\/www.btl.com.pl\/en\/wp-json\/wp\/v2\/product"}],"about":[{"href":"https:\/\/www.btl.com.pl\/en\/wp-json\/wp\/v2\/types\/product"}],"version-history":[{"count":1,"href":"https:\/\/www.btl.com.pl\/en\/wp-json\/wp\/v2\/product\/2874\/revisions"}],"predecessor-version":[{"id":2875,"href":"https:\/\/www.btl.com.pl\/en\/wp-json\/wp\/v2\/product\/2874\/revisions\/2875"}],"wp:attachment":[{"href":"https:\/\/www.btl.com.pl\/en\/wp-json\/wp\/v2\/media?parent=2874"}],"wp:term":[{"taxonomy":"product_brand","embeddable":true,"href":"https:\/\/www.btl.com.pl\/en\/wp-json\/wp\/v2\/product_brand?post=2874"},{"taxonomy":"product_cat","embeddable":true,"href":"https:\/\/www.btl.com.pl\/en\/wp-json\/wp\/v2\/product_cat?post=2874"},{"taxonomy":"product_tag","embeddable":true,"href":"https:\/\/www.btl.com.pl\/en\/wp-json\/wp\/v2\/product_tag?post=2874"}],"curies":[{"name":"wp","href":"https:\/\/api.w.org\/{rel}","templated":true}]}}