{"id":2870,"date":"2021-12-06T11:23:29","date_gmt":"2021-12-06T10:23:29","guid":{"rendered":"https:\/\/btl.com.pl\/?post_type=product&#038;p=2870"},"modified":"2022-03-01T22:03:53","modified_gmt":"2022-03-01T21:03:53","slug":"woda-peptonowa-z-czerwienia-fenolowa-p-0307","status":"publish","type":"product","link":"https:\/\/www.btl.com.pl\/en\/produkty\/podloza-mikrobiologiczne-gotowe\/butelki\/woda-peptonowa-z-czerwienia-fenolowa-p-0307\/","title":{"rendered":"Woda peptonowa z czerwieni\u0105 fenolow\u0105.  P-0307"},"content":{"rendered":"<div>nr katalogowy: <b>P-0307<\/b><\/div>\n<p>&nbsp;<\/p>\n<div>\n<p><strong>Zastosowanie:<\/strong><br \/>\nPod\u0142o\u017ce do wykrywania zdolno\u015bci do wykorzystywania cukr\u00f3w w przez mikroorganizmy, zalecane przy diagnostyce bakterii z rodzaju <em>Yersinia<\/em>.<br \/>\n<strong>Szczepy kontrolne:<\/strong><br \/>\n<em>Yersinia enterocolitica ATCC 9610<br \/>\nSalmonella enteritidis ATCC 13076<\/em><br \/>\n<strong>Wielko\u015b\u0107 opakowania:<\/strong><br \/>\nSypkie: 500 g, 250 g, 100 g, gotowa nawa\u017cka na 250 ml<br \/>\nButelki: 6 x 400 ml, 6 x 200 ml<\/p>\n<\/div>","protected":false},"excerpt":{"rendered":"<p>nr katalogowy: P-0307 &nbsp; Zastosowanie: Pod\u0142o\u017ce do wykrywania zdolno\u015bci do wykorzystywania cukr\u00f3w w przez mikroorganizmy, zalecane przy diagnostyce bakterii z rodzaju Yersinia. Szczepy kontrolne: Yersinia enterocolitica ATCC 9610 Salmonella enteritidis ATCC 13076 Wielko\u015b\u0107 opakowania: Sypkie: 500 g, 250 g, 100 g, gotowa nawa\u017cka na 250 ml Butelki: 6 x 400 ml, 6 x 200 ml<\/p>","protected":false},"featured_media":0,"template":"","meta":[],"product_brand":[],"product_cat":[100,126,78,77],"product_tag":[],"class_list":{"0":"post-2870","1":"product","2":"type-product","3":"status-publish","5":"product_cat-buliony","6":"product_cat-butelki","7":"product_cat-podloza-mikrobiologiczne-gotowe","8":"product_cat-podloza-mikrobiologiczne-sypkie","10":"first","11":"instock","12":"shipping-taxable","13":"product-type-simple"},"_links":{"self":[{"href":"https:\/\/www.btl.com.pl\/en\/wp-json\/wp\/v2\/product\/2870","targetHints":{"allow":["GET"]}}],"collection":[{"href":"https:\/\/www.btl.com.pl\/en\/wp-json\/wp\/v2\/product"}],"about":[{"href":"https:\/\/www.btl.com.pl\/en\/wp-json\/wp\/v2\/types\/product"}],"version-history":[{"count":1,"href":"https:\/\/www.btl.com.pl\/en\/wp-json\/wp\/v2\/product\/2870\/revisions"}],"predecessor-version":[{"id":2871,"href":"https:\/\/www.btl.com.pl\/en\/wp-json\/wp\/v2\/product\/2870\/revisions\/2871"}],"wp:attachment":[{"href":"https:\/\/www.btl.com.pl\/en\/wp-json\/wp\/v2\/media?parent=2870"}],"wp:term":[{"taxonomy":"product_brand","embeddable":true,"href":"https:\/\/www.btl.com.pl\/en\/wp-json\/wp\/v2\/product_brand?post=2870"},{"taxonomy":"product_cat","embeddable":true,"href":"https:\/\/www.btl.com.pl\/en\/wp-json\/wp\/v2\/product_cat?post=2870"},{"taxonomy":"product_tag","embeddable":true,"href":"https:\/\/www.btl.com.pl\/en\/wp-json\/wp\/v2\/product_tag?post=2870"}],"curies":[{"name":"wp","href":"https:\/\/api.w.org\/{rel}","templated":true}]}}