{"id":2868,"date":"2021-12-06T11:22:16","date_gmt":"2021-12-06T10:22:16","guid":{"rendered":"https:\/\/btl.com.pl\/?post_type=product&#038;p=2868"},"modified":"2022-03-01T22:01:27","modified_gmt":"2022-03-01T21:01:27","slug":"woda-peptonowa-do-reakcji-voges-proskauera-v-p-p-0059","status":"publish","type":"product","link":"https:\/\/www.btl.com.pl\/en\/produkty\/podloza-mikrobiologiczne-gotowe\/butelki\/woda-peptonowa-do-reakcji-voges-proskauera-v-p-p-0059\/","title":{"rendered":"Woda peptonowa do reakcji Voges-Proskauera (V-P). P-0059"},"content":{"rendered":"<div>nr katalogowy: <b>P-0059<\/b><\/div>\n<p>&nbsp;<\/p>\n<div>\n<p><strong>Zastosowanie:<\/strong><br \/>\nPod\u0142o\u017ce do r\u00f3\u017cnicowania bakterii z grupy coli oraz innych bakterii poprzez reakcj\u0119 Voges-Proskauera.<br \/>\n<strong>Szczepy kontrolne:<\/strong><br \/>\n<em>Enterobacter aerogenes ATCC 13048<br \/>\nBacillus cereus ATCC 10876<br \/>\nEscherichia coli ATCC 25922<\/em><br \/>\n<strong>Wielko\u015b\u0107 opakowania:<\/strong><br \/>\nSypkie: 500 g, 250 g, 100 g, gotowa nawa\u017cka na 250 ml<br \/>\nButelki: 6 x\u00a0400 ml,\u00a06 x\u00a0200 ml<\/p>\n<\/div>","protected":false},"excerpt":{"rendered":"<p>nr katalogowy: P-0059 &nbsp; Zastosowanie: Pod\u0142o\u017ce do r\u00f3\u017cnicowania bakterii z grupy coli oraz innych bakterii poprzez reakcj\u0119 Voges-Proskauera. Szczepy kontrolne: Enterobacter aerogenes ATCC 13048 Bacillus cereus ATCC 10876 Escherichia coli ATCC 25922 Wielko\u015b\u0107 opakowania: Sypkie: 500 g, 250 g, 100 g, gotowa nawa\u017cka na 250 ml Butelki: 6 x\u00a0400 ml,\u00a06 x\u00a0200 ml<\/p>","protected":false},"featured_media":0,"template":"","meta":[],"product_brand":[],"product_cat":[100,126,78,77],"product_tag":[],"class_list":{"0":"post-2868","1":"product","2":"type-product","3":"status-publish","5":"product_cat-buliony","6":"product_cat-butelki","7":"product_cat-podloza-mikrobiologiczne-gotowe","8":"product_cat-podloza-mikrobiologiczne-sypkie","10":"first","11":"instock","12":"shipping-taxable","13":"product-type-simple"},"_links":{"self":[{"href":"https:\/\/www.btl.com.pl\/en\/wp-json\/wp\/v2\/product\/2868","targetHints":{"allow":["GET"]}}],"collection":[{"href":"https:\/\/www.btl.com.pl\/en\/wp-json\/wp\/v2\/product"}],"about":[{"href":"https:\/\/www.btl.com.pl\/en\/wp-json\/wp\/v2\/types\/product"}],"version-history":[{"count":1,"href":"https:\/\/www.btl.com.pl\/en\/wp-json\/wp\/v2\/product\/2868\/revisions"}],"predecessor-version":[{"id":2869,"href":"https:\/\/www.btl.com.pl\/en\/wp-json\/wp\/v2\/product\/2868\/revisions\/2869"}],"wp:attachment":[{"href":"https:\/\/www.btl.com.pl\/en\/wp-json\/wp\/v2\/media?parent=2868"}],"wp:term":[{"taxonomy":"product_brand","embeddable":true,"href":"https:\/\/www.btl.com.pl\/en\/wp-json\/wp\/v2\/product_brand?post=2868"},{"taxonomy":"product_cat","embeddable":true,"href":"https:\/\/www.btl.com.pl\/en\/wp-json\/wp\/v2\/product_cat?post=2868"},{"taxonomy":"product_tag","embeddable":true,"href":"https:\/\/www.btl.com.pl\/en\/wp-json\/wp\/v2\/product_tag?post=2868"}],"curies":[{"name":"wp","href":"https:\/\/api.w.org\/{rel}","templated":true}]}}