{"id":2862,"date":"2021-12-06T11:18:29","date_gmt":"2021-12-06T10:18:29","guid":{"rendered":"https:\/\/btl.com.pl\/?post_type=product&#038;p=2862"},"modified":"2022-03-01T21:53:06","modified_gmt":"2022-03-01T20:53:06","slug":"test-agar-p-0311","status":"publish","type":"product","link":"https:\/\/www.btl.com.pl\/en\/produkty\/podloza-mikrobiologiczne-gotowe\/butelki\/test-agar-p-0311\/","title":{"rendered":"Test Agar. P-0311"},"content":{"rendered":"<div>nr katalogowy: <b>P-0311<\/b><\/div>\n<p>&nbsp;<\/p>\n<div>\n<p><strong>Zastosowanie:<\/strong><br \/>\nPod\u0142o\u017ce do wykrywania sulfonamid\u00f3w metod\u0105 dyfuzyjn\u0105. Metoda dyfuzyjna stosowana jest do wykrywania substancji hamuj\u0105cych w \u015bwie\u017cym mi\u0119sie. Mog\u0105 by\u0107 tak\u017ce badane inne tkanki i narz\u0105dy z uwzgl\u0119dnieniem jednak ich naturalnych w\u0142a\u015bciwo\u015bci hamuj\u0105cych.<br \/>\n<strong>Wielko\u015b\u0107 opakowania:<\/strong><br \/>\nSypkie: 500 g, 250 g, 100 g, gotowa nawa\u017cka na 250 ml<br \/>\nButelki: 6 x 400 ml, 6 x 200 ml<\/p>\n<\/div>","protected":false},"excerpt":{"rendered":"<p>nr katalogowy: P-0311 &nbsp; Zastosowanie: Pod\u0142o\u017ce do wykrywania sulfonamid\u00f3w metod\u0105 dyfuzyjn\u0105. Metoda dyfuzyjna stosowana jest do wykrywania substancji hamuj\u0105cych w \u015bwie\u017cym mi\u0119sie. Mog\u0105 by\u0107 tak\u017ce badane inne tkanki i narz\u0105dy z uwzgl\u0119dnieniem jednak ich naturalnych w\u0142a\u015bciwo\u015bci hamuj\u0105cych. Wielko\u015b\u0107 opakowania: Sypkie: 500 g, 250 g, 100 g, gotowa nawa\u017cka na 250 ml Butelki: 6 x 400 [&hellip;]<\/p>\n","protected":false},"featured_media":0,"template":"","meta":[],"product_brand":[],"product_cat":[99,126,78,77],"product_tag":[],"class_list":{"0":"post-2862","1":"product","2":"type-product","3":"status-publish","5":"product_cat-agary","6":"product_cat-butelki","7":"product_cat-podloza-mikrobiologiczne-gotowe","8":"product_cat-podloza-mikrobiologiczne-sypkie","10":"first","11":"instock","12":"shipping-taxable","13":"product-type-simple"},"_links":{"self":[{"href":"https:\/\/www.btl.com.pl\/en\/wp-json\/wp\/v2\/product\/2862","targetHints":{"allow":["GET"]}}],"collection":[{"href":"https:\/\/www.btl.com.pl\/en\/wp-json\/wp\/v2\/product"}],"about":[{"href":"https:\/\/www.btl.com.pl\/en\/wp-json\/wp\/v2\/types\/product"}],"version-history":[{"count":1,"href":"https:\/\/www.btl.com.pl\/en\/wp-json\/wp\/v2\/product\/2862\/revisions"}],"predecessor-version":[{"id":2863,"href":"https:\/\/www.btl.com.pl\/en\/wp-json\/wp\/v2\/product\/2862\/revisions\/2863"}],"wp:attachment":[{"href":"https:\/\/www.btl.com.pl\/en\/wp-json\/wp\/v2\/media?parent=2862"}],"wp:term":[{"taxonomy":"product_brand","embeddable":true,"href":"https:\/\/www.btl.com.pl\/en\/wp-json\/wp\/v2\/product_brand?post=2862"},{"taxonomy":"product_cat","embeddable":true,"href":"https:\/\/www.btl.com.pl\/en\/wp-json\/wp\/v2\/product_cat?post=2862"},{"taxonomy":"product_tag","embeddable":true,"href":"https:\/\/www.btl.com.pl\/en\/wp-json\/wp\/v2\/product_tag?post=2862"}],"curies":[{"name":"wp","href":"https:\/\/api.w.org\/{rel}","templated":true}]}}