{"id":2860,"date":"2021-12-06T11:16:31","date_gmt":"2021-12-06T10:16:31","guid":{"rendered":"https:\/\/btl.com.pl\/?post_type=product&#038;p=2860"},"modified":"2022-03-01T21:42:03","modified_gmt":"2022-03-01T20:42:03","slug":"standardowy-agar-do-liczenia-drobnoustrojow-pca-p-0037","status":"publish","type":"product","link":"https:\/\/www.btl.com.pl\/en\/produkty\/podloza-mikrobiologiczne-gotowe\/butelki\/standardowy-agar-do-liczenia-drobnoustrojow-pca-p-0037\/","title":{"rendered":"Standardowy agar do liczenia drobnoustroj\u00f3w (PCA).  P-0037"},"content":{"rendered":"<div>nr katalogowy: <b>P-0037<\/b><\/div>\n<p>&nbsp;<\/p>\n<div>\n<p><strong>Zastosowanie:<\/strong><br \/>\nPod\u0142o\u017ce do oznaczania og\u00f3lnej liczby drobnoustroj\u00f3w w produktach \u017cywno\u015bciowych, mleku, wodzie i innych materia\u0142ach.<br \/>\n<strong>Szczepy kontrolne:<br \/>\n<\/strong><em>Saccharomyces cerevisiae ATCC 9763<br \/>\nSalmonella enteritidis ATCC 13076<br \/>\nStaphylococcus aureus ATCC 6538<br \/>\nEscherichia coli ATCC 25922<\/em><br \/>\n<strong>Wielko\u015b\u0107 opakowania:<\/strong><br \/>\nSypkie: 500 g, 250 g, 100 g, gotowa nawa\u017cka na 250 ml<br \/>\nButelki:\u00a06 x\u00a0400 ml,\u00a06 x\u00a0200 ml<\/p>\n<\/div>","protected":false},"excerpt":{"rendered":"<p>nr katalogowy: P-0037 &nbsp; Zastosowanie: Pod\u0142o\u017ce do oznaczania og\u00f3lnej liczby drobnoustroj\u00f3w w produktach \u017cywno\u015bciowych, mleku, wodzie i innych materia\u0142ach. Szczepy kontrolne: Saccharomyces cerevisiae ATCC 9763 Salmonella enteritidis ATCC 13076 Staphylococcus aureus ATCC 6538 Escherichia coli ATCC 25922 Wielko\u015b\u0107 opakowania: Sypkie: 500 g, 250 g, 100 g, gotowa nawa\u017cka na 250 ml Butelki:\u00a06 x\u00a0400 ml,\u00a06 x\u00a0200 [&hellip;]<\/p>","protected":false},"featured_media":0,"template":"","meta":[],"product_brand":[],"product_cat":[126,77,99,78],"product_tag":[],"class_list":{"0":"post-2860","1":"product","2":"type-product","3":"status-publish","5":"product_cat-butelki","6":"product_cat-podloza-mikrobiologiczne-sypkie","7":"product_cat-agary","8":"product_cat-podloza-mikrobiologiczne-gotowe","10":"first","11":"instock","12":"shipping-taxable","13":"product-type-simple"},"_links":{"self":[{"href":"https:\/\/www.btl.com.pl\/en\/wp-json\/wp\/v2\/product\/2860","targetHints":{"allow":["GET"]}}],"collection":[{"href":"https:\/\/www.btl.com.pl\/en\/wp-json\/wp\/v2\/product"}],"about":[{"href":"https:\/\/www.btl.com.pl\/en\/wp-json\/wp\/v2\/types\/product"}],"version-history":[{"count":1,"href":"https:\/\/www.btl.com.pl\/en\/wp-json\/wp\/v2\/product\/2860\/revisions"}],"predecessor-version":[{"id":2861,"href":"https:\/\/www.btl.com.pl\/en\/wp-json\/wp\/v2\/product\/2860\/revisions\/2861"}],"wp:attachment":[{"href":"https:\/\/www.btl.com.pl\/en\/wp-json\/wp\/v2\/media?parent=2860"}],"wp:term":[{"taxonomy":"product_brand","embeddable":true,"href":"https:\/\/www.btl.com.pl\/en\/wp-json\/wp\/v2\/product_brand?post=2860"},{"taxonomy":"product_cat","embeddable":true,"href":"https:\/\/www.btl.com.pl\/en\/wp-json\/wp\/v2\/product_cat?post=2860"},{"taxonomy":"product_tag","embeddable":true,"href":"https:\/\/www.btl.com.pl\/en\/wp-json\/wp\/v2\/product_tag?post=2860"}],"curies":[{"name":"wp","href":"https:\/\/api.w.org\/{rel}","templated":true}]}}