{"id":2852,"date":"2021-12-06T11:09:29","date_gmt":"2021-12-06T10:09:29","guid":{"rendered":"https:\/\/btl.com.pl\/?post_type=product&#038;p=2852"},"modified":"2022-03-01T21:39:03","modified_gmt":"2022-03-01T20:39:03","slug":"pozywka-ze-wskaznikiem-andrade-p-0085","status":"publish","type":"product","link":"https:\/\/www.btl.com.pl\/en\/produkty\/podloza-mikrobiologiczne-gotowe\/butelki\/pozywka-ze-wskaznikiem-andrade-p-0085\/","title":{"rendered":"Po\u017cywka ze wska\u017anikiem Andrade. P-0085"},"content":{"rendered":"<div>nr katalogowy: <b>P-0085<\/b><\/div>\n<p>&nbsp;<\/p>\n<div>\n<p><strong>Zastosowanie:<br \/>\n<\/strong>Pod\u0142o\u017ce do ponownego stwierdzania zdolno\u015bci fermentowania laktozy przez wybrane, nietypowe kolonie <em>E. coli<\/em> wyros\u0142e na pod\u0142o\u017cu ENDO w analizie wody.<br \/>\n<strong>Szczepy kontrolne:<\/strong><br \/>\n<em>Salmonella enteritidis ATCC 13076<br \/>\nSalmonella typhimurium ATCC 14028<br \/>\nShigella sonnei ATCC 9290<br \/>\nEscherichia coli ATCC 25922<\/em><br \/>\n<strong>Wielko\u015b\u0107 opakowania<\/strong>:<br \/>\nSypkie: 500 g, 250 g, 100 g, gotowa nawa\u017cka na 250 ml<br \/>\nButelki:\u00a06 x 400 ml,\u00a06 x \u00a0200 ml<\/p>\n<\/div>","protected":false},"excerpt":{"rendered":"<p>nr katalogowy: P-0085 &nbsp; Zastosowanie: Pod\u0142o\u017ce do ponownego stwierdzania zdolno\u015bci fermentowania laktozy przez wybrane, nietypowe kolonie E. coli wyros\u0142e na pod\u0142o\u017cu ENDO w analizie wody. Szczepy kontrolne: Salmonella enteritidis ATCC 13076 Salmonella typhimurium ATCC 14028 Shigella sonnei ATCC 9290 Escherichia coli ATCC 25922 Wielko\u015b\u0107 opakowania: Sypkie: 500 g, 250 g, 100 g, gotowa nawa\u017cka na [&hellip;]<\/p>\n","protected":false},"featured_media":0,"template":"","meta":[],"product_brand":[],"product_cat":[100,126,78,77],"product_tag":[],"class_list":{"0":"post-2852","1":"product","2":"type-product","3":"status-publish","5":"product_cat-buliony","6":"product_cat-butelki","7":"product_cat-podloza-mikrobiologiczne-gotowe","8":"product_cat-podloza-mikrobiologiczne-sypkie","10":"first","11":"instock","12":"shipping-taxable","13":"product-type-simple"},"_links":{"self":[{"href":"https:\/\/www.btl.com.pl\/en\/wp-json\/wp\/v2\/product\/2852","targetHints":{"allow":["GET"]}}],"collection":[{"href":"https:\/\/www.btl.com.pl\/en\/wp-json\/wp\/v2\/product"}],"about":[{"href":"https:\/\/www.btl.com.pl\/en\/wp-json\/wp\/v2\/types\/product"}],"version-history":[{"count":1,"href":"https:\/\/www.btl.com.pl\/en\/wp-json\/wp\/v2\/product\/2852\/revisions"}],"predecessor-version":[{"id":2853,"href":"https:\/\/www.btl.com.pl\/en\/wp-json\/wp\/v2\/product\/2852\/revisions\/2853"}],"wp:attachment":[{"href":"https:\/\/www.btl.com.pl\/en\/wp-json\/wp\/v2\/media?parent=2852"}],"wp:term":[{"taxonomy":"product_brand","embeddable":true,"href":"https:\/\/www.btl.com.pl\/en\/wp-json\/wp\/v2\/product_brand?post=2852"},{"taxonomy":"product_cat","embeddable":true,"href":"https:\/\/www.btl.com.pl\/en\/wp-json\/wp\/v2\/product_cat?post=2852"},{"taxonomy":"product_tag","embeddable":true,"href":"https:\/\/www.btl.com.pl\/en\/wp-json\/wp\/v2\/product_tag?post=2852"}],"curies":[{"name":"wp","href":"https:\/\/api.w.org\/{rel}","templated":true}]}}