{"id":2850,"date":"2021-12-06T10:57:06","date_gmt":"2021-12-06T09:57:06","guid":{"rendered":"https:\/\/btl.com.pl\/?post_type=product&#038;p=2850"},"modified":"2021-12-06T10:57:07","modified_gmt":"2021-12-06T09:57:07","slug":"pozywka-z-mocznikiem-i-tryptofanem-p-0286","status":"publish","type":"product","link":"https:\/\/www.btl.com.pl\/en\/produkty\/podloza-mikrobiologiczne-sypkie\/buliony\/pozywka-z-mocznikiem-i-tryptofanem-p-0286\/","title":{"rendered":"Po\u017cywka z mocznikiem i tryptofanem. P-0286"},"content":{"rendered":"<div>nr katalogowy: <b>P-0286<\/b><\/div>\n<p>&nbsp;<\/p>\n<div>\n<p><strong>Zastosowanie:<\/strong><br \/>\nPod\u0142o\u017ce do jednoczesnego wykrywania zdolno\u015bci rozk\u0142adu tryptofanu (obecno\u015b\u0107 dezaminazy tryptofanu) oraz obecno\u015bci ureazy.<br \/>\n<strong>Szczepy kontrolne:<br \/>\n<\/strong><em>Proteus vulgaris ATCC 49990<br \/>\nProteus vulgaris ATCC 13315<br \/>\nEscherichia coli ATCC 25922<br \/>\n<\/em><strong>Wielko\u015b\u0107 opakowania:<br \/>\n<\/strong>Sypkie: 500 g, 250 g, 100 g, gotowa nawa\u017cka na 250 ml<\/p>\n<\/div>","protected":false},"excerpt":{"rendered":"<p>nr katalogowy: P-0286 &nbsp; Zastosowanie: Pod\u0142o\u017ce do jednoczesnego wykrywania zdolno\u015bci rozk\u0142adu tryptofanu (obecno\u015b\u0107 dezaminazy tryptofanu) oraz obecno\u015bci ureazy. Szczepy kontrolne: Proteus vulgaris ATCC 49990 Proteus vulgaris ATCC 13315 Escherichia coli ATCC 25922 Wielko\u015b\u0107 opakowania: Sypkie: 500 g, 250 g, 100 g, gotowa nawa\u017cka na 250 ml<\/p>","protected":false},"featured_media":0,"template":"","meta":[],"product_brand":[],"product_cat":[100,77],"product_tag":[],"class_list":{"0":"post-2850","1":"product","2":"type-product","3":"status-publish","5":"product_cat-buliony","6":"product_cat-podloza-mikrobiologiczne-sypkie","8":"first","9":"instock","10":"shipping-taxable","11":"product-type-simple"},"_links":{"self":[{"href":"https:\/\/www.btl.com.pl\/en\/wp-json\/wp\/v2\/product\/2850","targetHints":{"allow":["GET"]}}],"collection":[{"href":"https:\/\/www.btl.com.pl\/en\/wp-json\/wp\/v2\/product"}],"about":[{"href":"https:\/\/www.btl.com.pl\/en\/wp-json\/wp\/v2\/types\/product"}],"version-history":[{"count":1,"href":"https:\/\/www.btl.com.pl\/en\/wp-json\/wp\/v2\/product\/2850\/revisions"}],"predecessor-version":[{"id":2851,"href":"https:\/\/www.btl.com.pl\/en\/wp-json\/wp\/v2\/product\/2850\/revisions\/2851"}],"wp:attachment":[{"href":"https:\/\/www.btl.com.pl\/en\/wp-json\/wp\/v2\/media?parent=2850"}],"wp:term":[{"taxonomy":"product_brand","embeddable":true,"href":"https:\/\/www.btl.com.pl\/en\/wp-json\/wp\/v2\/product_brand?post=2850"},{"taxonomy":"product_cat","embeddable":true,"href":"https:\/\/www.btl.com.pl\/en\/wp-json\/wp\/v2\/product_cat?post=2850"},{"taxonomy":"product_tag","embeddable":true,"href":"https:\/\/www.btl.com.pl\/en\/wp-json\/wp\/v2\/product_tag?post=2850"}],"curies":[{"name":"wp","href":"https:\/\/api.w.org\/{rel}","templated":true}]}}