{"id":2848,"date":"2021-12-06T10:55:20","date_gmt":"2021-12-06T09:55:20","guid":{"rendered":"https:\/\/btl.com.pl\/?post_type=product&#038;p=2848"},"modified":"2021-12-06T10:55:20","modified_gmt":"2021-12-06T09:55:20","slug":"pozywka-z-dichloranem-rozem-bengalskim-i-chloramfenikolem-drbc-p-399","status":"publish","type":"product","link":"https:\/\/www.btl.com.pl\/en\/produkty\/podloza-mikrobiologiczne-sypkie\/agary\/pozywka-z-dichloranem-rozem-bengalskim-i-chloramfenikolem-drbc-p-399\/","title":{"rendered":"Po\u017cywka z dichloranem, r\u00f3\u017cem bengalskim i chloramfenikolem (DRBC). P-399"},"content":{"rendered":"<div>nr katalogowy: <b>P-399<\/b><\/div>\n<p>&nbsp;<\/p>\n<div>\n<p><strong>Zastosowanie:<\/strong><br \/>\nPod\u0142o\u017ce do okre\u015blania liczby\u00a0 dro\u017cd\u017cy i ple\u015bni w paszach, produktach spo\u017cywczych i innych materia\u0142ach.<br \/>\n<strong>Szczepy kontrolne:<br \/>\n<\/strong><em>Aspergillus niger ATCC 16404<br \/>\nSaccharomyces cerevisiae ATCC 9763<br \/>\nCandida albicans ATCC 10231<br \/>\n<\/em><strong>Wielko\u015bc opakowania:<\/strong><br \/>\nSypkie: 500 g, 250 g, 100 g, gotowa nawa\u017cka na 250 ml<br \/>\nButelki: 6 x 400 ml, 6 x 200 ml<\/p>\n<\/div>","protected":false},"excerpt":{"rendered":"<p>nr katalogowy: P-399 &nbsp; Zastosowanie: Pod\u0142o\u017ce do okre\u015blania liczby\u00a0 dro\u017cd\u017cy i ple\u015bni w paszach, produktach spo\u017cywczych i innych materia\u0142ach. Szczepy kontrolne: Aspergillus niger ATCC 16404 Saccharomyces cerevisiae ATCC 9763 Candida albicans ATCC 10231 Wielko\u015bc opakowania: Sypkie: 500 g, 250 g, 100 g, gotowa nawa\u017cka na 250 ml Butelki: 6 x 400 ml, 6 x 200 [&hellip;]<\/p>\n","protected":false},"featured_media":0,"template":"","meta":[],"product_brand":[],"product_cat":[99,77],"product_tag":[],"class_list":{"0":"post-2848","1":"product","2":"type-product","3":"status-publish","5":"product_cat-agary","6":"product_cat-podloza-mikrobiologiczne-sypkie","8":"first","9":"instock","10":"shipping-taxable","11":"product-type-simple"},"_links":{"self":[{"href":"https:\/\/www.btl.com.pl\/en\/wp-json\/wp\/v2\/product\/2848","targetHints":{"allow":["GET"]}}],"collection":[{"href":"https:\/\/www.btl.com.pl\/en\/wp-json\/wp\/v2\/product"}],"about":[{"href":"https:\/\/www.btl.com.pl\/en\/wp-json\/wp\/v2\/types\/product"}],"version-history":[{"count":1,"href":"https:\/\/www.btl.com.pl\/en\/wp-json\/wp\/v2\/product\/2848\/revisions"}],"predecessor-version":[{"id":2849,"href":"https:\/\/www.btl.com.pl\/en\/wp-json\/wp\/v2\/product\/2848\/revisions\/2849"}],"wp:attachment":[{"href":"https:\/\/www.btl.com.pl\/en\/wp-json\/wp\/v2\/media?parent=2848"}],"wp:term":[{"taxonomy":"product_brand","embeddable":true,"href":"https:\/\/www.btl.com.pl\/en\/wp-json\/wp\/v2\/product_brand?post=2848"},{"taxonomy":"product_cat","embeddable":true,"href":"https:\/\/www.btl.com.pl\/en\/wp-json\/wp\/v2\/product_cat?post=2848"},{"taxonomy":"product_tag","embeddable":true,"href":"https:\/\/www.btl.com.pl\/en\/wp-json\/wp\/v2\/product_tag?post=2848"}],"curies":[{"name":"wp","href":"https:\/\/api.w.org\/{rel}","templated":true}]}}