{"id":2846,"date":"2021-12-06T10:53:19","date_gmt":"2021-12-06T09:53:19","guid":{"rendered":"https:\/\/btl.com.pl\/?post_type=product&#038;p=2846"},"modified":"2022-03-01T21:33:34","modified_gmt":"2022-03-01T20:33:34","slug":"pozywka-z-azydkiem-sodowym-i-purpura-bromokrezolowa-apb-p-0101","status":"publish","type":"product","link":"https:\/\/www.btl.com.pl\/en\/produkty\/podloza-mikrobiologiczne-gotowe\/butelki\/pozywka-z-azydkiem-sodowym-i-purpura-bromokrezolowa-apb-p-0101\/","title":{"rendered":"Po\u017cywka z azydkiem sodowym i purpur\u0105 bromokrezolow\u0105 (APB). P-0101"},"content":{"rendered":"<div>nr katalogowy: <b>P-0101<\/b><\/div>\n<p>&nbsp;<\/p>\n<div>\n<p><strong>Zastosowanie:<\/strong><br \/>\nPod\u0142o\u017ce wybi\u00f3rcze do namna\u017cania paciorkowc\u00f3w, bakterii z rodzaju <em>Enterococcus<\/em> i <em>Streptococcus<\/em>. Stosowane szczeg\u00f3lnie w analizie mikrobiologicznej wodzy i \u015bciek\u00f3w.<br \/>\n<strong>Szczepy kontrolne:<\/strong><br \/>\n<em>Enterococcus faecalis ATCC 29212\u00a0<\/em><br \/>\n<strong>Wielko\u015b\u0107 opakowania:<\/strong><br \/>\nSypkie: 500 g, 250 g, 100 g, gotowa nawa\u017cka na 250 ml<br \/>\nButelki: 6 x 400 ml, 6 x 200 ml<\/p>\n<\/div>","protected":false},"excerpt":{"rendered":"<p>nr katalogowy: P-0101 &nbsp; Zastosowanie: Pod\u0142o\u017ce wybi\u00f3rcze do namna\u017cania paciorkowc\u00f3w, bakterii z rodzaju Enterococcus i Streptococcus. Stosowane szczeg\u00f3lnie w analizie mikrobiologicznej wodzy i \u015bciek\u00f3w. Szczepy kontrolne: Enterococcus faecalis ATCC 29212\u00a0 Wielko\u015b\u0107 opakowania: Sypkie: 500 g, 250 g, 100 g, gotowa nawa\u017cka na 250 ml Butelki: 6 x 400 ml, 6 x 200 ml<\/p>","protected":false},"featured_media":0,"template":"","meta":[],"product_brand":[],"product_cat":[100,126,78,77],"product_tag":[],"class_list":{"0":"post-2846","1":"product","2":"type-product","3":"status-publish","5":"product_cat-buliony","6":"product_cat-butelki","7":"product_cat-podloza-mikrobiologiczne-gotowe","8":"product_cat-podloza-mikrobiologiczne-sypkie","10":"first","11":"instock","12":"shipping-taxable","13":"product-type-simple"},"_links":{"self":[{"href":"https:\/\/www.btl.com.pl\/en\/wp-json\/wp\/v2\/product\/2846","targetHints":{"allow":["GET"]}}],"collection":[{"href":"https:\/\/www.btl.com.pl\/en\/wp-json\/wp\/v2\/product"}],"about":[{"href":"https:\/\/www.btl.com.pl\/en\/wp-json\/wp\/v2\/types\/product"}],"version-history":[{"count":1,"href":"https:\/\/www.btl.com.pl\/en\/wp-json\/wp\/v2\/product\/2846\/revisions"}],"predecessor-version":[{"id":2847,"href":"https:\/\/www.btl.com.pl\/en\/wp-json\/wp\/v2\/product\/2846\/revisions\/2847"}],"wp:attachment":[{"href":"https:\/\/www.btl.com.pl\/en\/wp-json\/wp\/v2\/media?parent=2846"}],"wp:term":[{"taxonomy":"product_brand","embeddable":true,"href":"https:\/\/www.btl.com.pl\/en\/wp-json\/wp\/v2\/product_brand?post=2846"},{"taxonomy":"product_cat","embeddable":true,"href":"https:\/\/www.btl.com.pl\/en\/wp-json\/wp\/v2\/product_cat?post=2846"},{"taxonomy":"product_tag","embeddable":true,"href":"https:\/\/www.btl.com.pl\/en\/wp-json\/wp\/v2\/product_tag?post=2846"}],"curies":[{"name":"wp","href":"https:\/\/api.w.org\/{rel}","templated":true}]}}