{"id":2844,"date":"2021-12-06T10:52:20","date_gmt":"2021-12-06T09:52:20","guid":{"rendered":"https:\/\/btl.com.pl\/?post_type=product&#038;p=2844"},"modified":"2021-12-06T10:52:20","modified_gmt":"2021-12-06T09:52:20","slug":"pozywka-z-azydkiem-sodowym-i-fioletem-etylowym-afe-p-0254","status":"publish","type":"product","link":"https:\/\/www.btl.com.pl\/en\/produkty\/podloza-mikrobiologiczne-sypkie\/buliony\/pozywka-z-azydkiem-sodowym-i-fioletem-etylowym-afe-p-0254\/","title":{"rendered":"Po\u017cywka z azydkiem sodowym i fioletem etylowym (AFE). P-0254"},"content":{"rendered":"<div>nr katalogowy: <b>P-0254<\/b><\/div>\n<p>&nbsp;<\/p>\n<div>\n<p><strong>Zastosowanie:<\/strong><br \/>\nPod\u0142o\u017ce wybi\u00f3rcze do wst\u0119pnego wykrywania paciorkowc\u00f3w ka\u0142owych w wodzie, produktach spo\u017cywczych i innych materia\u0142ach.<br \/>\n<strong>Szczepy kontrolne:<br \/>\n<\/strong><em>Enterococcus feacalis ATCC 29212<\/em><br \/>\n<strong>Wielko\u015b\u0107 opakowania:<\/strong><br \/>\nSypkie: 500 g, 250 g, 100 g, gotowa nawa\u017cka na 250 ml<\/p>\n<\/div>","protected":false},"excerpt":{"rendered":"<p>nr katalogowy: P-0254 &nbsp; Zastosowanie: Pod\u0142o\u017ce wybi\u00f3rcze do wst\u0119pnego wykrywania paciorkowc\u00f3w ka\u0142owych w wodzie, produktach spo\u017cywczych i innych materia\u0142ach. Szczepy kontrolne: Enterococcus feacalis ATCC 29212 Wielko\u015b\u0107 opakowania: Sypkie: 500 g, 250 g, 100 g, gotowa nawa\u017cka na 250 ml<\/p>","protected":false},"featured_media":0,"template":"","meta":[],"product_brand":[],"product_cat":[100,77],"product_tag":[],"class_list":{"0":"post-2844","1":"product","2":"type-product","3":"status-publish","5":"product_cat-buliony","6":"product_cat-podloza-mikrobiologiczne-sypkie","8":"first","9":"instock","10":"shipping-taxable","11":"product-type-simple"},"_links":{"self":[{"href":"https:\/\/www.btl.com.pl\/en\/wp-json\/wp\/v2\/product\/2844","targetHints":{"allow":["GET"]}}],"collection":[{"href":"https:\/\/www.btl.com.pl\/en\/wp-json\/wp\/v2\/product"}],"about":[{"href":"https:\/\/www.btl.com.pl\/en\/wp-json\/wp\/v2\/types\/product"}],"version-history":[{"count":1,"href":"https:\/\/www.btl.com.pl\/en\/wp-json\/wp\/v2\/product\/2844\/revisions"}],"predecessor-version":[{"id":2845,"href":"https:\/\/www.btl.com.pl\/en\/wp-json\/wp\/v2\/product\/2844\/revisions\/2845"}],"wp:attachment":[{"href":"https:\/\/www.btl.com.pl\/en\/wp-json\/wp\/v2\/media?parent=2844"}],"wp:term":[{"taxonomy":"product_brand","embeddable":true,"href":"https:\/\/www.btl.com.pl\/en\/wp-json\/wp\/v2\/product_brand?post=2844"},{"taxonomy":"product_cat","embeddable":true,"href":"https:\/\/www.btl.com.pl\/en\/wp-json\/wp\/v2\/product_cat?post=2844"},{"taxonomy":"product_tag","embeddable":true,"href":"https:\/\/www.btl.com.pl\/en\/wp-json\/wp\/v2\/product_tag?post=2844"}],"curies":[{"name":"wp","href":"https:\/\/api.w.org\/{rel}","templated":true}]}}