{"id":2842,"date":"2021-12-06T10:51:30","date_gmt":"2021-12-06T09:51:30","guid":{"rendered":"https:\/\/btl.com.pl\/?post_type=product&#038;p=2842"},"modified":"2022-03-01T21:31:46","modified_gmt":"2022-03-01T20:31:46","slug":"pozywka-willis-hobbs-podstawowe-p-0113","status":"publish","type":"product","link":"https:\/\/www.btl.com.pl\/en\/produkty\/podloza-mikrobiologiczne-gotowe\/butelki\/pozywka-willis-hobbs-podstawowe-p-0113\/","title":{"rendered":"Po\u017cywka Willis-Hobbs \u2013 podstawowe.  P-0113"},"content":{"rendered":"<div>nr katalogowy: <b>P-0113<\/b><\/div>\n<p>&nbsp;<\/p>\n<div>\n<p><strong>Zastosowanie:<\/strong><br \/>\nPod\u0142o\u017ce r\u00f3\u017cnicuj\u0105ce do izolacji i identyfikacji beztlenowych bakterii przetrwalnikuj\u0105cych, szczeg\u00f3lnie z rodzaju <em>Clostridium.<br \/>\n<\/em><strong><a href=\"https:\/\/www.btl.com.pl\/en\/produktopis\/1\/0\/produkty\/13\/22\/\">Suplementy:<\/a><\/strong><br \/>\nD-001 mleko w proszku odt\u0142uszczone + D-071 emulsja \u017c\u00f3\u0142tka jaja<br \/>\n<strong>Wielko\u015b\u0107 opakowania:<\/strong><br \/>\nSypkie: 500 g, 250 g, 100 g, gotowa nawa\u017cka na 250 ml<br \/>\nButelki: 6 x 400 ml,\u00a06 x\u00a0200 ml<\/p>\n<\/div>","protected":false},"excerpt":{"rendered":"<p>nr katalogowy: P-0113 &nbsp; Zastosowanie: Pod\u0142o\u017ce r\u00f3\u017cnicuj\u0105ce do izolacji i identyfikacji beztlenowych bakterii przetrwalnikuj\u0105cych, szczeg\u00f3lnie z rodzaju Clostridium. Suplementy: D-001 mleko w proszku odt\u0142uszczone + D-071 emulsja \u017c\u00f3\u0142tka jaja Wielko\u015b\u0107 opakowania: Sypkie: 500 g, 250 g, 100 g, gotowa nawa\u017cka na 250 ml Butelki: 6 x 400 ml,\u00a06 x\u00a0200 ml<\/p>","protected":false},"featured_media":0,"template":"","meta":[],"product_brand":[],"product_cat":[99,126,78,77],"product_tag":[],"class_list":{"0":"post-2842","1":"product","2":"type-product","3":"status-publish","5":"product_cat-agary","6":"product_cat-butelki","7":"product_cat-podloza-mikrobiologiczne-gotowe","8":"product_cat-podloza-mikrobiologiczne-sypkie","10":"first","11":"instock","12":"shipping-taxable","13":"product-type-simple"},"_links":{"self":[{"href":"https:\/\/www.btl.com.pl\/en\/wp-json\/wp\/v2\/product\/2842","targetHints":{"allow":["GET"]}}],"collection":[{"href":"https:\/\/www.btl.com.pl\/en\/wp-json\/wp\/v2\/product"}],"about":[{"href":"https:\/\/www.btl.com.pl\/en\/wp-json\/wp\/v2\/types\/product"}],"version-history":[{"count":1,"href":"https:\/\/www.btl.com.pl\/en\/wp-json\/wp\/v2\/product\/2842\/revisions"}],"predecessor-version":[{"id":2843,"href":"https:\/\/www.btl.com.pl\/en\/wp-json\/wp\/v2\/product\/2842\/revisions\/2843"}],"wp:attachment":[{"href":"https:\/\/www.btl.com.pl\/en\/wp-json\/wp\/v2\/media?parent=2842"}],"wp:term":[{"taxonomy":"product_brand","embeddable":true,"href":"https:\/\/www.btl.com.pl\/en\/wp-json\/wp\/v2\/product_brand?post=2842"},{"taxonomy":"product_cat","embeddable":true,"href":"https:\/\/www.btl.com.pl\/en\/wp-json\/wp\/v2\/product_cat?post=2842"},{"taxonomy":"product_tag","embeddable":true,"href":"https:\/\/www.btl.com.pl\/en\/wp-json\/wp\/v2\/product_tag?post=2842"}],"curies":[{"name":"wp","href":"https:\/\/api.w.org\/{rel}","templated":true}]}}