{"id":2840,"date":"2021-12-06T10:49:47","date_gmt":"2021-12-06T09:49:47","guid":{"rendered":"https:\/\/btl.com.pl\/?post_type=product&#038;p=2840"},"modified":"2022-03-01T21:31:06","modified_gmt":"2022-03-01T20:31:06","slug":"pozywka-voges-proskauer-vp-p-0242","status":"publish","type":"product","link":"https:\/\/www.btl.com.pl\/en\/produkty\/podloza-mikrobiologiczne-gotowe\/butelki\/pozywka-voges-proskauer-vp-p-0242\/","title":{"rendered":"Po\u017cywka Voges-Proskauer (VP). P-0242"},"content":{"rendered":"<div>nr katalogowy: <b>P-0242<\/b><\/div>\n<p>&nbsp;<\/p>\n<div>\n<p><strong>Zastosowanie:<\/strong><br \/>\nPod\u0142o\u017ce do r\u00f3\u017cnicowania bakterii z grupy coli-aerogenes oraz innych bakterii poprzez reakcj\u0119 Voges-Proskauera.<br \/>\n<strong>Szczepy kontrolne:<\/strong><br \/>\n<em>Enterobacter aerogenes ATCC 13048<br \/>\nBacillus cereus ATCC 10876<br \/>\nEscherichia coli ATCC 25922<br \/>\n<\/em><strong>Wielko\u015b\u0107 opakowania:<br \/>\n<\/strong>Sypkie: 500 g, 250 g, 100 g, gotowa nawa\u017cka na 250 ml<br \/>\nButelki: 6 x 400 ml, 6 x 200 ml<\/p>\n<\/div>","protected":false},"excerpt":{"rendered":"<p>nr katalogowy: P-0242 &nbsp; Zastosowanie: Pod\u0142o\u017ce do r\u00f3\u017cnicowania bakterii z grupy coli-aerogenes oraz innych bakterii poprzez reakcj\u0119 Voges-Proskauera. Szczepy kontrolne: Enterobacter aerogenes ATCC 13048 Bacillus cereus ATCC 10876 Escherichia coli ATCC 25922 Wielko\u015b\u0107 opakowania: Sypkie: 500 g, 250 g, 100 g, gotowa nawa\u017cka na 250 ml Butelki: 6 x 400 ml, 6 x 200 ml<\/p>","protected":false},"featured_media":0,"template":"","meta":[],"product_brand":[],"product_cat":[100,126,78,77],"product_tag":[],"class_list":{"0":"post-2840","1":"product","2":"type-product","3":"status-publish","5":"product_cat-buliony","6":"product_cat-butelki","7":"product_cat-podloza-mikrobiologiczne-gotowe","8":"product_cat-podloza-mikrobiologiczne-sypkie","10":"first","11":"instock","12":"shipping-taxable","13":"product-type-simple"},"_links":{"self":[{"href":"https:\/\/www.btl.com.pl\/en\/wp-json\/wp\/v2\/product\/2840","targetHints":{"allow":["GET"]}}],"collection":[{"href":"https:\/\/www.btl.com.pl\/en\/wp-json\/wp\/v2\/product"}],"about":[{"href":"https:\/\/www.btl.com.pl\/en\/wp-json\/wp\/v2\/types\/product"}],"version-history":[{"count":1,"href":"https:\/\/www.btl.com.pl\/en\/wp-json\/wp\/v2\/product\/2840\/revisions"}],"predecessor-version":[{"id":2841,"href":"https:\/\/www.btl.com.pl\/en\/wp-json\/wp\/v2\/product\/2840\/revisions\/2841"}],"wp:attachment":[{"href":"https:\/\/www.btl.com.pl\/en\/wp-json\/wp\/v2\/media?parent=2840"}],"wp:term":[{"taxonomy":"product_brand","embeddable":true,"href":"https:\/\/www.btl.com.pl\/en\/wp-json\/wp\/v2\/product_brand?post=2840"},{"taxonomy":"product_cat","embeddable":true,"href":"https:\/\/www.btl.com.pl\/en\/wp-json\/wp\/v2\/product_cat?post=2840"},{"taxonomy":"product_tag","embeddable":true,"href":"https:\/\/www.btl.com.pl\/en\/wp-json\/wp\/v2\/product_tag?post=2840"}],"curies":[{"name":"wp","href":"https:\/\/api.w.org\/{rel}","templated":true}]}}