{"id":2832,"date":"2021-12-06T10:43:27","date_gmt":"2021-12-06T09:43:27","guid":{"rendered":"https:\/\/btl.com.pl\/?post_type=product&#038;p=2832"},"modified":"2022-03-01T21:26:57","modified_gmt":"2022-03-01T20:26:57","slug":"pozywka-simmonsa-p-0103","status":"publish","type":"product","link":"https:\/\/www.btl.com.pl\/en\/produkty\/podloza-mikrobiologiczne-gotowe\/butelki\/pozywka-simmonsa-p-0103\/","title":{"rendered":"Po\u017cywka Simmonsa.  P-0103"},"content":{"rendered":"<p>nr katalogowy: <b>P-0103<\/b><\/p>\n<p><strong>Zastosowanie:<\/strong><br \/>\nPod\u0142o\u017ce stosowane do stwierdzania zdolno\u015bci wykorzystywania cytrynianu jako jedynego \u017ar\u00f3d\u0142a w\u0119gla, szczeg\u00f3lnie do identyfikacji bakterii z rodziny <em>Enterobacteriaceae.<br \/>\n<\/em><strong>Szczepy kontrolne:<br \/>\n<\/strong><em>Klebsiella pneumoniae ATCC 13883<br \/>\nSalmonella enteritidis ATCC 13076<br \/>\nEnterobacter aerogenes ATCC 13048<br \/>\nEscherichia coli ATCC 25922<\/em><br \/>\n<strong>Wielko\u015b\u0107 opakowania:<\/strong><br \/>\nSypkie: 500 g, 250 g, 100 g, gotowa nawa\u017cka na 250 ml<br \/>\nButelki: 6 x\u00a0400 ml, 6 x 200 ml<\/p>","protected":false},"excerpt":{"rendered":"<p>nr katalogowy: P-0103 Zastosowanie: Pod\u0142o\u017ce stosowane do stwierdzania zdolno\u015bci wykorzystywania cytrynianu jako jedynego \u017ar\u00f3d\u0142a w\u0119gla, szczeg\u00f3lnie do identyfikacji bakterii z rodziny Enterobacteriaceae. Szczepy kontrolne: Klebsiella pneumoniae ATCC 13883 Salmonella enteritidis ATCC 13076 Enterobacter aerogenes ATCC 13048 Escherichia coli ATCC 25922 Wielko\u015b\u0107 opakowania: Sypkie: 500 g, 250 g, 100 g, gotowa nawa\u017cka na 250 ml Butelki: [&hellip;]<\/p>\n","protected":false},"featured_media":0,"template":"","meta":[],"product_brand":[],"product_cat":[99,126,78,77],"product_tag":[],"class_list":{"0":"post-2832","1":"product","2":"type-product","3":"status-publish","5":"product_cat-agary","6":"product_cat-butelki","7":"product_cat-podloza-mikrobiologiczne-gotowe","8":"product_cat-podloza-mikrobiologiczne-sypkie","10":"first","11":"instock","12":"shipping-taxable","13":"product-type-simple"},"_links":{"self":[{"href":"https:\/\/www.btl.com.pl\/en\/wp-json\/wp\/v2\/product\/2832","targetHints":{"allow":["GET"]}}],"collection":[{"href":"https:\/\/www.btl.com.pl\/en\/wp-json\/wp\/v2\/product"}],"about":[{"href":"https:\/\/www.btl.com.pl\/en\/wp-json\/wp\/v2\/types\/product"}],"version-history":[{"count":1,"href":"https:\/\/www.btl.com.pl\/en\/wp-json\/wp\/v2\/product\/2832\/revisions"}],"predecessor-version":[{"id":2833,"href":"https:\/\/www.btl.com.pl\/en\/wp-json\/wp\/v2\/product\/2832\/revisions\/2833"}],"wp:attachment":[{"href":"https:\/\/www.btl.com.pl\/en\/wp-json\/wp\/v2\/media?parent=2832"}],"wp:term":[{"taxonomy":"product_brand","embeddable":true,"href":"https:\/\/www.btl.com.pl\/en\/wp-json\/wp\/v2\/product_brand?post=2832"},{"taxonomy":"product_cat","embeddable":true,"href":"https:\/\/www.btl.com.pl\/en\/wp-json\/wp\/v2\/product_cat?post=2832"},{"taxonomy":"product_tag","embeddable":true,"href":"https:\/\/www.btl.com.pl\/en\/wp-json\/wp\/v2\/product_tag?post=2832"}],"curies":[{"name":"wp","href":"https:\/\/api.w.org\/{rel}","templated":true}]}}