{"id":2830,"date":"2021-12-06T10:41:43","date_gmt":"2021-12-06T09:41:43","guid":{"rendered":"https:\/\/btl.com.pl\/?post_type=product&#038;p=2830"},"modified":"2022-03-01T21:26:22","modified_gmt":"2022-03-01T20:26:22","slug":"pozywka-rappaport-vassiliadis-z-soja-rvs-p-0291","status":"publish","type":"product","link":"https:\/\/www.btl.com.pl\/en\/produkty\/podloza-mikrobiologiczne-gotowe\/butelki\/pozywka-rappaport-vassiliadis-z-soja-rvs-p-0291\/","title":{"rendered":"Po\u017cywka Rappaport-Vassiliadis z soj\u0105 (RVS). P-0291"},"content":{"rendered":"<div>nr katalogowy: <b>P-0291<\/b><\/div>\n<p>&nbsp;<\/p>\n<div>\n<p><strong>Zastosowanie:<\/strong><br \/>\nPod\u0142o\u017ce Rappaport-Vassiliadis z soj\u0105 jest wzbogaconym pod\u0142o\u017cem selektywnym do namna\u017cania bakterii z rodzaju <em>Salmonella,<\/em> g\u0142\u00f3wnie stosowanym przy wykrywaniu <em>Salmonella <\/em>w \u017cywno\u015bci i innych materia\u0142ach.<br \/>\n<strong>Szczepy kontrolne:<br \/>\n<\/strong><em>Salmonella enteritidis ATCC 13076<br \/>\nSalmonella typhimurium ATCC 14028<\/em><br \/>\n<strong>Wielko\u015b\u0107 opakowania:<\/strong><br \/>\nSypkie: 500 g, 250 g, 100 g, gotowa nawa\u017cka na 250 ml<br \/>\nButelki: 6 x 400 ml, 6 x 200 ml<\/p>\n<\/div>","protected":false},"excerpt":{"rendered":"<p>nr katalogowy: P-0291 &nbsp; Zastosowanie: Pod\u0142o\u017ce Rappaport-Vassiliadis z soj\u0105 jest wzbogaconym pod\u0142o\u017cem selektywnym do namna\u017cania bakterii z rodzaju Salmonella, g\u0142\u00f3wnie stosowanym przy wykrywaniu Salmonella w \u017cywno\u015bci i innych materia\u0142ach. Szczepy kontrolne: Salmonella enteritidis ATCC 13076 Salmonella typhimurium ATCC 14028 Wielko\u015b\u0107 opakowania: Sypkie: 500 g, 250 g, 100 g, gotowa nawa\u017cka na 250 ml Butelki: 6 [&hellip;]<\/p>\n","protected":false},"featured_media":0,"template":"","meta":[],"product_brand":[],"product_cat":[100,126,78,77],"product_tag":[],"class_list":{"0":"post-2830","1":"product","2":"type-product","3":"status-publish","5":"product_cat-buliony","6":"product_cat-butelki","7":"product_cat-podloza-mikrobiologiczne-gotowe","8":"product_cat-podloza-mikrobiologiczne-sypkie","10":"first","11":"instock","12":"shipping-taxable","13":"product-type-simple"},"_links":{"self":[{"href":"https:\/\/www.btl.com.pl\/en\/wp-json\/wp\/v2\/product\/2830","targetHints":{"allow":["GET"]}}],"collection":[{"href":"https:\/\/www.btl.com.pl\/en\/wp-json\/wp\/v2\/product"}],"about":[{"href":"https:\/\/www.btl.com.pl\/en\/wp-json\/wp\/v2\/types\/product"}],"version-history":[{"count":1,"href":"https:\/\/www.btl.com.pl\/en\/wp-json\/wp\/v2\/product\/2830\/revisions"}],"predecessor-version":[{"id":2831,"href":"https:\/\/www.btl.com.pl\/en\/wp-json\/wp\/v2\/product\/2830\/revisions\/2831"}],"wp:attachment":[{"href":"https:\/\/www.btl.com.pl\/en\/wp-json\/wp\/v2\/media?parent=2830"}],"wp:term":[{"taxonomy":"product_brand","embeddable":true,"href":"https:\/\/www.btl.com.pl\/en\/wp-json\/wp\/v2\/product_brand?post=2830"},{"taxonomy":"product_cat","embeddable":true,"href":"https:\/\/www.btl.com.pl\/en\/wp-json\/wp\/v2\/product_cat?post=2830"},{"taxonomy":"product_tag","embeddable":true,"href":"https:\/\/www.btl.com.pl\/en\/wp-json\/wp\/v2\/product_tag?post=2830"}],"curies":[{"name":"wp","href":"https:\/\/api.w.org\/{rel}","templated":true}]}}