{"id":2828,"date":"2021-12-06T10:41:00","date_gmt":"2021-12-06T09:41:00","guid":{"rendered":"https:\/\/btl.com.pl\/?post_type=product&#038;p=2828"},"modified":"2022-03-01T21:25:10","modified_gmt":"2022-03-01T20:25:10","slug":"pozywka-rappaport-vassiliadis-r-v-p-0060","status":"publish","type":"product","link":"https:\/\/www.btl.com.pl\/en\/produkty\/podloza-mikrobiologiczne-gotowe\/butelki\/pozywka-rappaport-vassiliadis-r-v-p-0060\/","title":{"rendered":"Po\u017cywka Rappaport-Vassiliadis (R-V). P-0060"},"content":{"rendered":"<div>nr katalogowy: <b>P-0060<\/b><\/div>\n<p>&nbsp;<\/p>\n<div>\n<p><strong>Zastosowanie:<\/strong><br \/>\nPod\u0142o\u017ce do wybi\u00f3rczego namna\u017cania Salmonella sp. (z wyj\u0105tkiem S.typhi) z produkt\u00f3w spo\u017cywczych, ka\u0142u i innych materia\u0142\u00f3w.<br \/>\n<strong>Szczepy kontrolne:<br \/>\n<\/strong><em>Salmonella enteritidis ATCC 13076<br \/>\nSalmonella typhimurium ATCC 14028<br \/>\nEscherichia coli ATCC 25922<\/em><br \/>\n<strong>Wielko\u015b\u0107 opakowania:<\/strong><br \/>\nSypkie: 500 g, 250 g, 100 g, gotowa nawa\u017cka na 250 ml<br \/>\nButelki: 6 x 400 ml,\u00a06 x \u00a0200 ml<\/p>\n<\/div>","protected":false},"excerpt":{"rendered":"<p>nr katalogowy: P-0060 &nbsp; Zastosowanie: Pod\u0142o\u017ce do wybi\u00f3rczego namna\u017cania Salmonella sp. (z wyj\u0105tkiem S.typhi) z produkt\u00f3w spo\u017cywczych, ka\u0142u i innych materia\u0142\u00f3w. Szczepy kontrolne: Salmonella enteritidis ATCC 13076 Salmonella typhimurium ATCC 14028 Escherichia coli ATCC 25922 Wielko\u015b\u0107 opakowania: Sypkie: 500 g, 250 g, 100 g, gotowa nawa\u017cka na 250 ml Butelki: 6 x 400 ml,\u00a06 x [&hellip;]<\/p>\n","protected":false},"featured_media":0,"template":"","meta":[],"product_brand":[],"product_cat":[100,126,78,77],"product_tag":[],"class_list":{"0":"post-2828","1":"product","2":"type-product","3":"status-publish","5":"product_cat-buliony","6":"product_cat-butelki","7":"product_cat-podloza-mikrobiologiczne-gotowe","8":"product_cat-podloza-mikrobiologiczne-sypkie","10":"first","11":"instock","12":"shipping-taxable","13":"product-type-simple"},"_links":{"self":[{"href":"https:\/\/www.btl.com.pl\/en\/wp-json\/wp\/v2\/product\/2828","targetHints":{"allow":["GET"]}}],"collection":[{"href":"https:\/\/www.btl.com.pl\/en\/wp-json\/wp\/v2\/product"}],"about":[{"href":"https:\/\/www.btl.com.pl\/en\/wp-json\/wp\/v2\/types\/product"}],"version-history":[{"count":1,"href":"https:\/\/www.btl.com.pl\/en\/wp-json\/wp\/v2\/product\/2828\/revisions"}],"predecessor-version":[{"id":2829,"href":"https:\/\/www.btl.com.pl\/en\/wp-json\/wp\/v2\/product\/2828\/revisions\/2829"}],"wp:attachment":[{"href":"https:\/\/www.btl.com.pl\/en\/wp-json\/wp\/v2\/media?parent=2828"}],"wp:term":[{"taxonomy":"product_brand","embeddable":true,"href":"https:\/\/www.btl.com.pl\/en\/wp-json\/wp\/v2\/product_brand?post=2828"},{"taxonomy":"product_cat","embeddable":true,"href":"https:\/\/www.btl.com.pl\/en\/wp-json\/wp\/v2\/product_cat?post=2828"},{"taxonomy":"product_tag","embeddable":true,"href":"https:\/\/www.btl.com.pl\/en\/wp-json\/wp\/v2\/product_tag?post=2828"}],"curies":[{"name":"wp","href":"https:\/\/api.w.org\/{rel}","templated":true}]}}