{"id":2826,"date":"2021-12-06T10:40:07","date_gmt":"2021-12-06T09:40:07","guid":{"rendered":"https:\/\/btl.com.pl\/?post_type=product&#038;p=2826"},"modified":"2022-03-01T21:15:45","modified_gmt":"2022-03-01T20:15:45","slug":"pozywka-plynna-z-tioglikolanem-sodu-p-0065","status":"publish","type":"product","link":"https:\/\/www.btl.com.pl\/en\/produkty\/podloza-mikrobiologiczne-gotowe\/butelki\/pozywka-plynna-z-tioglikolanem-sodu-p-0065\/","title":{"rendered":"Po\u017cywka p\u0142ynna z tioglikolanem sodu. P-0065"},"content":{"rendered":"<div>nr katalogowy: <b>P-0065<\/b><\/div>\n<p>&nbsp;<\/p>\n<div>\n<p><strong>Zastosowanie:<br \/>\n<\/strong>Pod\u0142o\u017ce p\u0142ynne do hodowli i izolacji mikroorganizm\u00f3w wzgl\u0119dnie i bezwzgl\u0119dnie beztlenowych.<br \/>\n<strong>Szczepy kontrolne:<br \/>\n<\/strong><em>Clostridium perfringens ATCC 13124<br \/>\nEscherichia coli ATCC 25922<br \/>\nStaphylococcus aureus ATCC 6538<br \/>\n<\/em><strong>Wielko\u015b\u0107 opakowania:<\/strong><br \/>\nSypkie: 500 g, 250 g, 100 g, gotowa nawa\u017cka na 250 ml<br \/>\nButelki:\u00a06 x 400 ml, 6 x 200 ml<\/p>\n<\/div>","protected":false},"excerpt":{"rendered":"<p>nr katalogowy: P-0065 &nbsp; Zastosowanie: Pod\u0142o\u017ce p\u0142ynne do hodowli i izolacji mikroorganizm\u00f3w wzgl\u0119dnie i bezwzgl\u0119dnie beztlenowych. Szczepy kontrolne: Clostridium perfringens ATCC 13124 Escherichia coli ATCC 25922 Staphylococcus aureus ATCC 6538 Wielko\u015b\u0107 opakowania: Sypkie: 500 g, 250 g, 100 g, gotowa nawa\u017cka na 250 ml Butelki:\u00a06 x 400 ml, 6 x 200 ml<\/p>","protected":false},"featured_media":0,"template":"","meta":[],"product_brand":[],"product_cat":[100,126,78,77],"product_tag":[],"class_list":{"0":"post-2826","1":"product","2":"type-product","3":"status-publish","5":"product_cat-buliony","6":"product_cat-butelki","7":"product_cat-podloza-mikrobiologiczne-gotowe","8":"product_cat-podloza-mikrobiologiczne-sypkie","10":"first","11":"instock","12":"shipping-taxable","13":"product-type-simple"},"_links":{"self":[{"href":"https:\/\/www.btl.com.pl\/en\/wp-json\/wp\/v2\/product\/2826","targetHints":{"allow":["GET"]}}],"collection":[{"href":"https:\/\/www.btl.com.pl\/en\/wp-json\/wp\/v2\/product"}],"about":[{"href":"https:\/\/www.btl.com.pl\/en\/wp-json\/wp\/v2\/types\/product"}],"version-history":[{"count":1,"href":"https:\/\/www.btl.com.pl\/en\/wp-json\/wp\/v2\/product\/2826\/revisions"}],"predecessor-version":[{"id":2827,"href":"https:\/\/www.btl.com.pl\/en\/wp-json\/wp\/v2\/product\/2826\/revisions\/2827"}],"wp:attachment":[{"href":"https:\/\/www.btl.com.pl\/en\/wp-json\/wp\/v2\/media?parent=2826"}],"wp:term":[{"taxonomy":"product_brand","embeddable":true,"href":"https:\/\/www.btl.com.pl\/en\/wp-json\/wp\/v2\/product_brand?post=2826"},{"taxonomy":"product_cat","embeddable":true,"href":"https:\/\/www.btl.com.pl\/en\/wp-json\/wp\/v2\/product_cat?post=2826"},{"taxonomy":"product_tag","embeddable":true,"href":"https:\/\/www.btl.com.pl\/en\/wp-json\/wp\/v2\/product_tag?post=2826"}],"curies":[{"name":"wp","href":"https:\/\/api.w.org\/{rel}","templated":true}]}}