{"id":2824,"date":"2021-12-06T10:38:38","date_gmt":"2021-12-06T09:38:38","guid":{"rendered":"https:\/\/btl.com.pl\/?post_type=product&#038;p=2824"},"modified":"2021-12-06T10:38:38","modified_gmt":"2021-12-06T09:38:38","slug":"pozywka-mueller-kauffman-z-czterotionianem-i-nowobiocyna-mkttn-podst-p-0290","status":"publish","type":"product","link":"https:\/\/www.btl.com.pl\/en\/produkty\/podloza-mikrobiologiczne-sypkie\/buliony\/pozywka-mueller-kauffman-z-czterotionianem-i-nowobiocyna-mkttn-podst-p-0290\/","title":{"rendered":"Po\u017cywka Mueller-Kauffman z czterotionianem i nowobiocyn\u0105 (MKTTn) \u2013 podst.  P-0290"},"content":{"rendered":"<div>nr katalogowy: <b>P-0290<\/b><\/div>\n<p>&nbsp;<\/p>\n<div>\n<p><strong>Zastosowanie:<\/strong><br \/>\nPo\u017cywka MKTTn jest wzbogaconym pod\u0142o\u017cem selektywnym do namna\u017cania bakterii z rodzaju <em>Salmonella,<\/em> g\u0142\u00f3wnie stosowanym przy wykrywaniu <em>Salmonella<\/em> w \u017cywno\u015bci i innych materia\u0142ach.<br \/>\n<strong><a href=\"https:\/\/www.btl.com.pl\/en\/produktopis\/1\/0\/produkty\/13\/22\/\" target=\"_blank\" rel=\"noopener\">Suplementy:<\/a><\/strong><br \/>\nC-113 nowobiocyna, C-006 jod, C-009 jodek potasu<br \/>\n<strong>Szczepy kontrolne:<br \/>\n<\/strong><em>Salmonella enteritidis ATCC 13076<br \/>\nSalmonella typhimurium ATCC 14028<\/em><br \/>\n<strong>Wielko\u015b\u0107 opakowania:<br \/>\n<\/strong>5Sypkie: 00 g, 250 g, 100 g, gotowa nawa\u017cka na 250 m<\/p>\n<\/div>","protected":false},"excerpt":{"rendered":"<p>nr katalogowy: P-0290 &nbsp; Zastosowanie: Po\u017cywka MKTTn jest wzbogaconym pod\u0142o\u017cem selektywnym do namna\u017cania bakterii z rodzaju Salmonella, g\u0142\u00f3wnie stosowanym przy wykrywaniu Salmonella w \u017cywno\u015bci i innych materia\u0142ach. Suplementy: C-113 nowobiocyna, C-006 jod, C-009 jodek potasu Szczepy kontrolne: Salmonella enteritidis ATCC 13076 Salmonella typhimurium ATCC 14028 Wielko\u015b\u0107 opakowania: 5Sypkie: 00 g, 250 g, 100 g, gotowa [&hellip;]<\/p>\n","protected":false},"featured_media":0,"template":"","meta":[],"product_brand":[],"product_cat":[100,77],"product_tag":[],"class_list":{"0":"post-2824","1":"product","2":"type-product","3":"status-publish","5":"product_cat-buliony","6":"product_cat-podloza-mikrobiologiczne-sypkie","8":"first","9":"instock","10":"shipping-taxable","11":"product-type-simple"},"_links":{"self":[{"href":"https:\/\/www.btl.com.pl\/en\/wp-json\/wp\/v2\/product\/2824","targetHints":{"allow":["GET"]}}],"collection":[{"href":"https:\/\/www.btl.com.pl\/en\/wp-json\/wp\/v2\/product"}],"about":[{"href":"https:\/\/www.btl.com.pl\/en\/wp-json\/wp\/v2\/types\/product"}],"version-history":[{"count":1,"href":"https:\/\/www.btl.com.pl\/en\/wp-json\/wp\/v2\/product\/2824\/revisions"}],"predecessor-version":[{"id":2825,"href":"https:\/\/www.btl.com.pl\/en\/wp-json\/wp\/v2\/product\/2824\/revisions\/2825"}],"wp:attachment":[{"href":"https:\/\/www.btl.com.pl\/en\/wp-json\/wp\/v2\/media?parent=2824"}],"wp:term":[{"taxonomy":"product_brand","embeddable":true,"href":"https:\/\/www.btl.com.pl\/en\/wp-json\/wp\/v2\/product_brand?post=2824"},{"taxonomy":"product_cat","embeddable":true,"href":"https:\/\/www.btl.com.pl\/en\/wp-json\/wp\/v2\/product_cat?post=2824"},{"taxonomy":"product_tag","embeddable":true,"href":"https:\/\/www.btl.com.pl\/en\/wp-json\/wp\/v2\/product_tag?post=2824"}],"curies":[{"name":"wp","href":"https:\/\/api.w.org\/{rel}","templated":true}]}}