{"id":2820,"date":"2021-12-06T10:36:32","date_gmt":"2021-12-06T09:36:32","guid":{"rendered":"https:\/\/btl.com.pl\/?post_type=product&#038;p=2820"},"modified":"2021-12-06T10:36:32","modified_gmt":"2021-12-06T09:36:32","slug":"pozywka-zelazowo-siarczynowa-podst-p-0228","status":"publish","type":"product","link":"https:\/\/www.btl.com.pl\/en\/produkty\/podloza-mikrobiologiczne-sypkie\/agary\/pozywka-zelazowo-siarczynowa-podst-p-0228\/","title":{"rendered":"Po\u017cywka \u017celazowo-siarczynowa \u2013 podst.   P-0228"},"content":{"rendered":"<div>nr katalogowy: <b>P-0228<\/b><\/div>\n<p>&nbsp;<\/p>\n<div>\n<p><strong>Zastosowanie:<\/strong><br \/>\nPod\u0142o\u017ce wybi\u00f3rcze do wykrywania i oznaczania ilo\u015bci beztlenowych bakterii przetrwalnikuj\u0105cych, szczeg\u00f3lnie z rodzaju <em>Clostridium<\/em>, w produktach \u017cywno\u015bciowych.<br \/>\nSuplementy:<br \/>\nCytrynian amonu \u017celaza (III), siarczan sodu, nadmanganian potasu<br \/>\n<strong>Szczepy kontrolne:<\/strong><br \/>\n<em>Clostridium perfringens ATCC 13124<br \/>\nEscherichia coli ATCC 25922<\/em><br \/>\n<strong>Wielko\u015b\u0107 opakowania:<\/strong><br \/>\nSypkie: 500 g, 250 g, 100 g, gotowa nawa\u017cka na 250 ml<\/p>\n<\/div>","protected":false},"excerpt":{"rendered":"<p>nr katalogowy: P-0228 &nbsp; Zastosowanie: Pod\u0142o\u017ce wybi\u00f3rcze do wykrywania i oznaczania ilo\u015bci beztlenowych bakterii przetrwalnikuj\u0105cych, szczeg\u00f3lnie z rodzaju Clostridium, w produktach \u017cywno\u015bciowych. Suplementy: Cytrynian amonu \u017celaza (III), siarczan sodu, nadmanganian potasu Szczepy kontrolne: Clostridium perfringens ATCC 13124 Escherichia coli ATCC 25922 Wielko\u015b\u0107 opakowania: Sypkie: 500 g, 250 g, 100 g, gotowa nawa\u017cka na 250 ml<\/p>","protected":false},"featured_media":0,"template":"","meta":[],"product_brand":[],"product_cat":[99,77],"product_tag":[],"class_list":{"0":"post-2820","1":"product","2":"type-product","3":"status-publish","5":"product_cat-agary","6":"product_cat-podloza-mikrobiologiczne-sypkie","8":"first","9":"instock","10":"shipping-taxable","11":"product-type-simple"},"_links":{"self":[{"href":"https:\/\/www.btl.com.pl\/en\/wp-json\/wp\/v2\/product\/2820","targetHints":{"allow":["GET"]}}],"collection":[{"href":"https:\/\/www.btl.com.pl\/en\/wp-json\/wp\/v2\/product"}],"about":[{"href":"https:\/\/www.btl.com.pl\/en\/wp-json\/wp\/v2\/types\/product"}],"version-history":[{"count":1,"href":"https:\/\/www.btl.com.pl\/en\/wp-json\/wp\/v2\/product\/2820\/revisions"}],"predecessor-version":[{"id":2821,"href":"https:\/\/www.btl.com.pl\/en\/wp-json\/wp\/v2\/product\/2820\/revisions\/2821"}],"wp:attachment":[{"href":"https:\/\/www.btl.com.pl\/en\/wp-json\/wp\/v2\/media?parent=2820"}],"wp:term":[{"taxonomy":"product_brand","embeddable":true,"href":"https:\/\/www.btl.com.pl\/en\/wp-json\/wp\/v2\/product_brand?post=2820"},{"taxonomy":"product_cat","embeddable":true,"href":"https:\/\/www.btl.com.pl\/en\/wp-json\/wp\/v2\/product_cat?post=2820"},{"taxonomy":"product_tag","embeddable":true,"href":"https:\/\/www.btl.com.pl\/en\/wp-json\/wp\/v2\/product_tag?post=2820"}],"curies":[{"name":"wp","href":"https:\/\/api.w.org\/{rel}","templated":true}]}}