{"id":2818,"date":"2021-12-06T10:35:14","date_gmt":"2021-12-06T09:35:14","guid":{"rendered":"https:\/\/btl.com.pl\/?post_type=product&#038;p=2818"},"modified":"2021-12-06T10:35:15","modified_gmt":"2021-12-06T09:35:15","slug":"pozywka-laktozowo-siarczynowa-ls-p-0298","status":"publish","type":"product","link":"https:\/\/www.btl.com.pl\/en\/produkty\/podloza-mikrobiologiczne-sypkie\/buliony\/pozywka-laktozowo-siarczynowa-ls-p-0298\/","title":{"rendered":"Po\u017cywka laktozowo-siarczynowa (LS).  P-0298"},"content":{"rendered":"<div>nr katalogowy: <b>P-0298<\/b><\/div>\n<p>&nbsp;<\/p>\n<div>\n<p><strong>Zastosowanie:<\/strong><br \/>\nPod\u0142o\u017ce LS przeznaczone jest do potwierdzania obecno\u015bci bakterii z rodzaju <em>Clostridium,<\/em> g\u0142\u00f3wnie <em>Cl.<\/em> <em>perfringens<\/em> w badanym materiale. Pod\u0142o\u017ce to zawiera wystarczaj\u0105c\u0105 ilo\u015b\u0107 sk\u0142adnik\u00f3w od\u017cywczych gwarantuj\u0105cych wzrost i rozmna\u017canie si\u0119 <em>Clostridium.<\/em><br \/>\n<strong>Szczepy kontrolne:<\/strong><br \/>\n<em>Clostridium perfringens ATCC 13124<br \/>\nClostridium haemolyticum ATCC 9650<\/em><br \/>\n<strong>Wielko\u015b\u0107 opakowania:<\/strong><br \/>\nSypkie: 500 g, 250 g, 100 g, gotowa nawa\u017cka na 250 ml<\/p>\n<\/div>","protected":false},"excerpt":{"rendered":"<p>nr katalogowy: P-0298 &nbsp; Zastosowanie: Pod\u0142o\u017ce LS przeznaczone jest do potwierdzania obecno\u015bci bakterii z rodzaju Clostridium, g\u0142\u00f3wnie Cl. perfringens w badanym materiale. Pod\u0142o\u017ce to zawiera wystarczaj\u0105c\u0105 ilo\u015b\u0107 sk\u0142adnik\u00f3w od\u017cywczych gwarantuj\u0105cych wzrost i rozmna\u017canie si\u0119 Clostridium. Szczepy kontrolne: Clostridium perfringens ATCC 13124 Clostridium haemolyticum ATCC 9650 Wielko\u015b\u0107 opakowania: Sypkie: 500 g, 250 g, 100 g, gotowa [&hellip;]<\/p>\n","protected":false},"featured_media":0,"template":"","meta":[],"product_brand":[],"product_cat":[100,77],"product_tag":[],"class_list":{"0":"post-2818","1":"product","2":"type-product","3":"status-publish","5":"product_cat-buliony","6":"product_cat-podloza-mikrobiologiczne-sypkie","8":"first","9":"instock","10":"shipping-taxable","11":"product-type-simple"},"_links":{"self":[{"href":"https:\/\/www.btl.com.pl\/en\/wp-json\/wp\/v2\/product\/2818","targetHints":{"allow":["GET"]}}],"collection":[{"href":"https:\/\/www.btl.com.pl\/en\/wp-json\/wp\/v2\/product"}],"about":[{"href":"https:\/\/www.btl.com.pl\/en\/wp-json\/wp\/v2\/types\/product"}],"version-history":[{"count":1,"href":"https:\/\/www.btl.com.pl\/en\/wp-json\/wp\/v2\/product\/2818\/revisions"}],"predecessor-version":[{"id":2819,"href":"https:\/\/www.btl.com.pl\/en\/wp-json\/wp\/v2\/product\/2818\/revisions\/2819"}],"wp:attachment":[{"href":"https:\/\/www.btl.com.pl\/en\/wp-json\/wp\/v2\/media?parent=2818"}],"wp:term":[{"taxonomy":"product_brand","embeddable":true,"href":"https:\/\/www.btl.com.pl\/en\/wp-json\/wp\/v2\/product_brand?post=2818"},{"taxonomy":"product_cat","embeddable":true,"href":"https:\/\/www.btl.com.pl\/en\/wp-json\/wp\/v2\/product_cat?post=2818"},{"taxonomy":"product_tag","embeddable":true,"href":"https:\/\/www.btl.com.pl\/en\/wp-json\/wp\/v2\/product_tag?post=2818"}],"curies":[{"name":"wp","href":"https:\/\/api.w.org\/{rel}","templated":true}]}}