{"id":2816,"date":"2021-12-02T16:22:51","date_gmt":"2021-12-02T15:22:51","guid":{"rendered":"https:\/\/btl.com.pl\/?post_type=product&#038;p=2816"},"modified":"2022-04-22T11:23:38","modified_gmt":"2022-04-22T09:23:38","slug":"pozywka-laktozowo-zelatynowa-p-0300","status":"publish","type":"product","link":"https:\/\/www.btl.com.pl\/en\/produkty\/podloza-mikrobiologiczne-gotowe\/butelki\/pozywka-laktozowo-zelatynowa-p-0300\/","title":{"rendered":"Po\u017cywka laktozowo-\u017celatynowa. P-0300"},"content":{"rendered":"<div>nr katalogowy: <b>P-0300<\/b><\/div>\n<p>&nbsp;<\/p>\n<div>\n<p><strong>Zastosowanie:<br \/>\n<\/strong>Pod\u0142o\u017ce s\u0142u\u017cy do wykrywania zdolno\u015bci fermentacji laktozy przy r\u00f3wnoczesnym wykrywaniu zdolno\u015bci up\u0142ynniania \u017celatyny.<br \/>\n<strong>Szczepy kontrolne:<br \/>\n<\/strong><em>Clostridium perfringens ATCC 13124<br \/>\nClostridium butiricum<\/em><br \/>\n<strong>Wielko\u015b\u0107 opakowania:<\/strong><br \/>\nSypkie: 500 g, 250 g, 100 g, gotowa nawa\u017cka na 250 ml<br \/>\nButelki: 6 x 400 ml, 6 x 200 ml<\/p>\n<\/div>","protected":false},"excerpt":{"rendered":"<p>nr katalogowy: P-0300 &nbsp; Zastosowanie: Pod\u0142o\u017ce s\u0142u\u017cy do wykrywania zdolno\u015bci fermentacji laktozy przy r\u00f3wnoczesnym wykrywaniu zdolno\u015bci up\u0142ynniania \u017celatyny. Szczepy kontrolne: Clostridium perfringens ATCC 13124 Clostridium butiricum Wielko\u015b\u0107 opakowania: Sypkie: 500 g, 250 g, 100 g, gotowa nawa\u017cka na 250 ml Butelki: 6 x 400 ml, 6 x 200 ml<\/p>","protected":false},"featured_media":0,"template":"","meta":[],"product_brand":[],"product_cat":[126,77,125,78],"product_tag":[],"class_list":{"0":"post-2816","1":"product","2":"type-product","3":"status-publish","5":"product_cat-butelki","6":"product_cat-podloza-mikrobiologiczne-sypkie","7":"product_cat-podloza-zelatynowe","8":"product_cat-podloza-mikrobiologiczne-gotowe","10":"first","11":"instock","12":"shipping-taxable","13":"product-type-simple"},"_links":{"self":[{"href":"https:\/\/www.btl.com.pl\/en\/wp-json\/wp\/v2\/product\/2816","targetHints":{"allow":["GET"]}}],"collection":[{"href":"https:\/\/www.btl.com.pl\/en\/wp-json\/wp\/v2\/product"}],"about":[{"href":"https:\/\/www.btl.com.pl\/en\/wp-json\/wp\/v2\/types\/product"}],"version-history":[{"count":3,"href":"https:\/\/www.btl.com.pl\/en\/wp-json\/wp\/v2\/product\/2816\/revisions"}],"predecessor-version":[{"id":3911,"href":"https:\/\/www.btl.com.pl\/en\/wp-json\/wp\/v2\/product\/2816\/revisions\/3911"}],"wp:attachment":[{"href":"https:\/\/www.btl.com.pl\/en\/wp-json\/wp\/v2\/media?parent=2816"}],"wp:term":[{"taxonomy":"product_brand","embeddable":true,"href":"https:\/\/www.btl.com.pl\/en\/wp-json\/wp\/v2\/product_brand?post=2816"},{"taxonomy":"product_cat","embeddable":true,"href":"https:\/\/www.btl.com.pl\/en\/wp-json\/wp\/v2\/product_cat?post=2816"},{"taxonomy":"product_tag","embeddable":true,"href":"https:\/\/www.btl.com.pl\/en\/wp-json\/wp\/v2\/product_tag?post=2816"}],"curies":[{"name":"wp","href":"https:\/\/api.w.org\/{rel}","templated":true}]}}