{"id":2814,"date":"2021-12-02T16:21:31","date_gmt":"2021-12-02T15:21:31","guid":{"rendered":"https:\/\/btl.com.pl\/?post_type=product&#038;p=2814"},"modified":"2022-03-01T21:22:58","modified_gmt":"2022-03-01T20:22:58","slug":"pozywka-laktozowa-p-0121","status":"publish","type":"product","link":"https:\/\/www.btl.com.pl\/en\/produkty\/podloza-mikrobiologiczne-gotowe\/butelki\/pozywka-laktozowa-p-0121\/","title":{"rendered":"Po\u017cywka laktozowa.  P-0121"},"content":{"rendered":"<div>nr katalogowy: <b>P-0121<\/b><\/div>\n<p>&nbsp;<\/p>\n<div>\n<p><strong>Zastosowanie:<\/strong><br \/>\nPod\u0142o\u017ce do wst\u0119pnego namna\u017cania lub wykrywania zdolno\u015bci wykorzystywania laktozy przez bakterie z rodziny <em>Enterobacteriaceae.<br \/>\n<\/em><strong>Szczepy kontrolne:<\/strong><br \/>\n<em>Salmonella enteritidis ATCC 13076<br \/>\nEscherichia coli ATCC 25922<br \/>\n<\/em><strong>Wielko\u015b\u0107 opakowania:<\/strong><br \/>\nSypkie: 500 g, 250 g, 100 g, gotowa nawa\u017cka na 250 ml<br \/>\nButelki: 6 x 400 ml,\u00a06 x \u00a0200 ml<\/p>\n<\/div>","protected":false},"excerpt":{"rendered":"<p>nr katalogowy: P-0121 &nbsp; Zastosowanie: Pod\u0142o\u017ce do wst\u0119pnego namna\u017cania lub wykrywania zdolno\u015bci wykorzystywania laktozy przez bakterie z rodziny Enterobacteriaceae. Szczepy kontrolne: Salmonella enteritidis ATCC 13076 Escherichia coli ATCC 25922 Wielko\u015b\u0107 opakowania: Sypkie: 500 g, 250 g, 100 g, gotowa nawa\u017cka na 250 ml Butelki: 6 x 400 ml,\u00a06 x \u00a0200 ml<\/p>","protected":false},"featured_media":0,"template":"","meta":[],"product_brand":[],"product_cat":[100,126,78,77],"product_tag":[],"class_list":{"0":"post-2814","1":"product","2":"type-product","3":"status-publish","5":"product_cat-buliony","6":"product_cat-butelki","7":"product_cat-podloza-mikrobiologiczne-gotowe","8":"product_cat-podloza-mikrobiologiczne-sypkie","10":"first","11":"instock","12":"shipping-taxable","13":"product-type-simple"},"_links":{"self":[{"href":"https:\/\/www.btl.com.pl\/en\/wp-json\/wp\/v2\/product\/2814","targetHints":{"allow":["GET"]}}],"collection":[{"href":"https:\/\/www.btl.com.pl\/en\/wp-json\/wp\/v2\/product"}],"about":[{"href":"https:\/\/www.btl.com.pl\/en\/wp-json\/wp\/v2\/types\/product"}],"version-history":[{"count":1,"href":"https:\/\/www.btl.com.pl\/en\/wp-json\/wp\/v2\/product\/2814\/revisions"}],"predecessor-version":[{"id":2815,"href":"https:\/\/www.btl.com.pl\/en\/wp-json\/wp\/v2\/product\/2814\/revisions\/2815"}],"wp:attachment":[{"href":"https:\/\/www.btl.com.pl\/en\/wp-json\/wp\/v2\/media?parent=2814"}],"wp:term":[{"taxonomy":"product_brand","embeddable":true,"href":"https:\/\/www.btl.com.pl\/en\/wp-json\/wp\/v2\/product_brand?post=2814"},{"taxonomy":"product_cat","embeddable":true,"href":"https:\/\/www.btl.com.pl\/en\/wp-json\/wp\/v2\/product_cat?post=2814"},{"taxonomy":"product_tag","embeddable":true,"href":"https:\/\/www.btl.com.pl\/en\/wp-json\/wp\/v2\/product_tag?post=2814"}],"curies":[{"name":"wp","href":"https:\/\/api.w.org\/{rel}","templated":true}]}}