{"id":2810,"date":"2021-12-02T16:19:54","date_gmt":"2021-12-02T15:19:54","guid":{"rendered":"https:\/\/btl.com.pl\/?post_type=product&#038;p=2810"},"modified":"2022-03-01T21:21:35","modified_gmt":"2022-03-01T20:21:35","slug":"pozywka-do-testu-na-obecnosc-esterazy-tweenu-p-0316","status":"publish","type":"product","link":"https:\/\/www.btl.com.pl\/en\/produkty\/podloza-mikrobiologiczne-gotowe\/butelki\/pozywka-do-testu-na-obecnosc-esterazy-tweenu-p-0316\/","title":{"rendered":"Po\u017cywka do testu na obecno\u015b\u0107 esterazy tweenu.  P-0316"},"content":{"rendered":"<div id=\"glowna\">\n<div id=\"tresc_produkt\">\n<div>nr katalogowy: <b>P-0316<\/b><\/div>\n<div>\n<p><strong>Zastosowanie:<\/strong><br \/>\nPod\u0142o\u017ce do wykrywania esterazy Tweenu przez drobnoustroje, stosowane jest szczeg\u00f3lnie w biochemicznej diagnostyce bakterii <em>Yersinia enterocolitica<\/em>.<br \/>\n<strong>Szczepy kontrolne:<\/strong><br \/>\n<em>Yersinia enterocolitica ATCC 9610<\/em><br \/>\n<strong>Wielko\u015b\u0107 opakowania:<\/strong><br \/>\nSypkie: 500 g, 250 g, 100 g, gotowa nawa\u017cka na 250 ml<br \/>\nButelki: 6 x 400 ml, 6 x 200 ml<\/p>\n<\/div>\n<\/div>\n<\/div>","protected":false},"excerpt":{"rendered":"<p>nr katalogowy: P-0316 Zastosowanie: Pod\u0142o\u017ce do wykrywania esterazy Tweenu przez drobnoustroje, stosowane jest szczeg\u00f3lnie w biochemicznej diagnostyce bakterii Yersinia enterocolitica. Szczepy kontrolne: Yersinia enterocolitica ATCC 9610 Wielko\u015b\u0107 opakowania: Sypkie: 500 g, 250 g, 100 g, gotowa nawa\u017cka na 250 ml Butelki: 6 x 400 ml, 6 x 200 ml<\/p>","protected":false},"featured_media":0,"template":"","meta":[],"product_brand":[],"product_cat":[99,126,78,77],"product_tag":[],"class_list":{"0":"post-2810","1":"product","2":"type-product","3":"status-publish","5":"product_cat-agary","6":"product_cat-butelki","7":"product_cat-podloza-mikrobiologiczne-gotowe","8":"product_cat-podloza-mikrobiologiczne-sypkie","10":"first","11":"instock","12":"shipping-taxable","13":"product-type-simple"},"_links":{"self":[{"href":"https:\/\/www.btl.com.pl\/en\/wp-json\/wp\/v2\/product\/2810","targetHints":{"allow":["GET"]}}],"collection":[{"href":"https:\/\/www.btl.com.pl\/en\/wp-json\/wp\/v2\/product"}],"about":[{"href":"https:\/\/www.btl.com.pl\/en\/wp-json\/wp\/v2\/types\/product"}],"version-history":[{"count":1,"href":"https:\/\/www.btl.com.pl\/en\/wp-json\/wp\/v2\/product\/2810\/revisions"}],"predecessor-version":[{"id":2811,"href":"https:\/\/www.btl.com.pl\/en\/wp-json\/wp\/v2\/product\/2810\/revisions\/2811"}],"wp:attachment":[{"href":"https:\/\/www.btl.com.pl\/en\/wp-json\/wp\/v2\/media?parent=2810"}],"wp:term":[{"taxonomy":"product_brand","embeddable":true,"href":"https:\/\/www.btl.com.pl\/en\/wp-json\/wp\/v2\/product_brand?post=2810"},{"taxonomy":"product_cat","embeddable":true,"href":"https:\/\/www.btl.com.pl\/en\/wp-json\/wp\/v2\/product_cat?post=2810"},{"taxonomy":"product_tag","embeddable":true,"href":"https:\/\/www.btl.com.pl\/en\/wp-json\/wp\/v2\/product_tag?post=2810"}],"curies":[{"name":"wp","href":"https:\/\/api.w.org\/{rel}","templated":true}]}}