{"id":2808,"date":"2021-12-01T18:20:25","date_gmt":"2021-12-01T17:20:25","guid":{"rendered":"https:\/\/btl.com.pl\/?post_type=product&#038;p=2808"},"modified":"2022-03-01T21:20:01","modified_gmt":"2022-03-01T20:20:01","slug":"pozywka-clarka-p-0102","status":"publish","type":"product","link":"https:\/\/www.btl.com.pl\/en\/produkty\/podloza-mikrobiologiczne-gotowe\/butelki\/pozywka-clarka-p-0102\/","title":{"rendered":"Po\u017cywka Clarka.  P-0102"},"content":{"rendered":"<div>nr katalogowy: <b>P-0102<\/b><\/div>\n<p>&nbsp;<\/p>\n<div>\n<p><strong>Zastosowanie:<br \/>\n<\/strong>Pod\u0142o\u017ce stosowane jest do r\u00f3\u017cnicowania bakterii z grupy coli oraz innych bakterii w oparci o testy: z czerwieni\u0105 metylow\u0105 (MR) i Voges-Proskauera (VP).<br \/>\n<strong>Szczepy kontrolne:<\/strong><br \/>\n<em>Enterobacter aerogenes ATCC 13048<br \/>\nBacillus cereus ATCC 10876<br \/>\nEscherichia coli ATCC 25922<br \/>\nKlebsiella pneumonice ATCC 13883<\/em><br \/>\n<strong>Wielko\u015b\u0107 opakowania:<\/strong><br \/>\nSypkie: 500 g, 250 g, 100 g, gotowa nawa\u017cka na 250 ml<br \/>\nButelki: 6 x\u00a0400 ml, 6 x\u00a0200 ml<\/p>\n<\/div>","protected":false},"excerpt":{"rendered":"<p>nr katalogowy: P-0102 &nbsp; Zastosowanie: Pod\u0142o\u017ce stosowane jest do r\u00f3\u017cnicowania bakterii z grupy coli oraz innych bakterii w oparci o testy: z czerwieni\u0105 metylow\u0105 (MR) i Voges-Proskauera (VP). Szczepy kontrolne: Enterobacter aerogenes ATCC 13048 Bacillus cereus ATCC 10876 Escherichia coli ATCC 25922 Klebsiella pneumonice ATCC 13883 Wielko\u015b\u0107 opakowania: Sypkie: 500 g, 250 g, 100 g, [&hellip;]<\/p>\n","protected":false},"featured_media":0,"template":"","meta":[],"product_brand":[],"product_cat":[100,126,78,77],"product_tag":[],"class_list":{"0":"post-2808","1":"product","2":"type-product","3":"status-publish","5":"product_cat-buliony","6":"product_cat-butelki","7":"product_cat-podloza-mikrobiologiczne-gotowe","8":"product_cat-podloza-mikrobiologiczne-sypkie","10":"first","11":"instock","12":"shipping-taxable","13":"product-type-simple"},"_links":{"self":[{"href":"https:\/\/www.btl.com.pl\/en\/wp-json\/wp\/v2\/product\/2808","targetHints":{"allow":["GET"]}}],"collection":[{"href":"https:\/\/www.btl.com.pl\/en\/wp-json\/wp\/v2\/product"}],"about":[{"href":"https:\/\/www.btl.com.pl\/en\/wp-json\/wp\/v2\/types\/product"}],"version-history":[{"count":1,"href":"https:\/\/www.btl.com.pl\/en\/wp-json\/wp\/v2\/product\/2808\/revisions"}],"predecessor-version":[{"id":2809,"href":"https:\/\/www.btl.com.pl\/en\/wp-json\/wp\/v2\/product\/2808\/revisions\/2809"}],"wp:attachment":[{"href":"https:\/\/www.btl.com.pl\/en\/wp-json\/wp\/v2\/media?parent=2808"}],"wp:term":[{"taxonomy":"product_brand","embeddable":true,"href":"https:\/\/www.btl.com.pl\/en\/wp-json\/wp\/v2\/product_brand?post=2808"},{"taxonomy":"product_cat","embeddable":true,"href":"https:\/\/www.btl.com.pl\/en\/wp-json\/wp\/v2\/product_cat?post=2808"},{"taxonomy":"product_tag","embeddable":true,"href":"https:\/\/www.btl.com.pl\/en\/wp-json\/wp\/v2\/product_tag?post=2808"}],"curies":[{"name":"wp","href":"https:\/\/api.w.org\/{rel}","templated":true}]}}