{"id":2802,"date":"2021-12-01T18:15:11","date_gmt":"2021-12-01T17:15:11","guid":{"rendered":"https:\/\/btl.com.pl\/?post_type=product&#038;p=2802"},"modified":"2021-12-01T18:15:26","modified_gmt":"2021-12-01T17:15:26","slug":"pozywka-agarowa-z-siarczanem-i-cykloseryna-sc-podstawowe-p-0262","status":"publish","type":"product","link":"https:\/\/www.btl.com.pl\/en\/produkty\/podloza-mikrobiologiczne-sypkie\/agary\/pozywka-agarowa-z-siarczanem-i-cykloseryna-sc-podstawowe-p-0262\/","title":{"rendered":"Po\u017cywka agarowa z siarczanem i cykloseryn\u0105 (SC) \u2013 podstawowe.  P-0262"},"content":{"rendered":"<div>nr katalogowy: <b>P-0262<\/b><\/div>\n<p>&nbsp;<\/p>\n<div>\n<p><strong>Zastosowanie:<\/strong><br \/>\nPod\u0142o\u017ce wybi\u00f3rcze do wykrywania, izolacji i okre\u015blania liczby bakterii <em>Clostridium perfringens<\/em> w produktach spo\u017cywczych, materiale klinicznym i innych materia\u0142ach.<br \/>\n<strong><a href=\"https:\/\/www.btl.com.pl\/en\/produktopis\/1\/0\/produkty\/13\/22\/\" target=\"_blank\" rel=\"noopener\">Suplementy:<\/a><\/strong><br \/>\nD-074 D-cykloseryna<br \/>\n<strong>Szczepy kontrolne:<\/strong><br \/>\n<em>Clostridium perfringens ATCC 13124<\/em><br \/>\n<strong>Wielko\u015b\u0107 opakowania:<br \/>\n<\/strong>Sypkie: 500 g, 250 g, 100 g, gotowa nawa\u017cka na 250 ml<\/p>\n<\/div>","protected":false},"excerpt":{"rendered":"<p>nr katalogowy: P-0262 &nbsp; Zastosowanie: Pod\u0142o\u017ce wybi\u00f3rcze do wykrywania, izolacji i okre\u015blania liczby bakterii Clostridium perfringens w produktach spo\u017cywczych, materiale klinicznym i innych materia\u0142ach. Suplementy: D-074 D-cykloseryna Szczepy kontrolne: Clostridium perfringens ATCC 13124 Wielko\u015b\u0107 opakowania: Sypkie: 500 g, 250 g, 100 g, gotowa nawa\u017cka na 250 ml<\/p>","protected":false},"featured_media":0,"template":"","meta":[],"product_brand":[],"product_cat":[99,77],"product_tag":[],"class_list":{"0":"post-2802","1":"product","2":"type-product","3":"status-publish","5":"product_cat-agary","6":"product_cat-podloza-mikrobiologiczne-sypkie","8":"first","9":"instock","10":"shipping-taxable","11":"product-type-simple"},"_links":{"self":[{"href":"https:\/\/www.btl.com.pl\/en\/wp-json\/wp\/v2\/product\/2802","targetHints":{"allow":["GET"]}}],"collection":[{"href":"https:\/\/www.btl.com.pl\/en\/wp-json\/wp\/v2\/product"}],"about":[{"href":"https:\/\/www.btl.com.pl\/en\/wp-json\/wp\/v2\/types\/product"}],"version-history":[{"count":1,"href":"https:\/\/www.btl.com.pl\/en\/wp-json\/wp\/v2\/product\/2802\/revisions"}],"predecessor-version":[{"id":2803,"href":"https:\/\/www.btl.com.pl\/en\/wp-json\/wp\/v2\/product\/2802\/revisions\/2803"}],"wp:attachment":[{"href":"https:\/\/www.btl.com.pl\/en\/wp-json\/wp\/v2\/media?parent=2802"}],"wp:term":[{"taxonomy":"product_brand","embeddable":true,"href":"https:\/\/www.btl.com.pl\/en\/wp-json\/wp\/v2\/product_brand?post=2802"},{"taxonomy":"product_cat","embeddable":true,"href":"https:\/\/www.btl.com.pl\/en\/wp-json\/wp\/v2\/product_cat?post=2802"},{"taxonomy":"product_tag","embeddable":true,"href":"https:\/\/www.btl.com.pl\/en\/wp-json\/wp\/v2\/product_tag?post=2802"}],"curies":[{"name":"wp","href":"https:\/\/api.w.org\/{rel}","templated":true}]}}