{"id":2796,"date":"2021-12-01T18:11:52","date_gmt":"2021-12-01T17:11:52","guid":{"rendered":"https:\/\/btl.com.pl\/?post_type=product&#038;p=2796"},"modified":"2022-03-01T21:18:09","modified_gmt":"2022-03-01T20:18:09","slug":"pozywka-agarowa-p-0095","status":"publish","type":"product","link":"https:\/\/www.btl.com.pl\/en\/produkty\/podloza-mikrobiologiczne-gotowe\/butelki\/pozywka-agarowa-p-0095\/","title":{"rendered":"Po\u017cywka agarowa.  P-0095"},"content":{"rendered":"<div>nr katalogowy: <b>P-0095<\/b><\/div>\n<p>&nbsp;<\/p>\n<div>\n<p><strong>Zastosowanie:<\/strong><br \/>\nPod\u0142o\u017ce do oznaczania og\u00f3lnej liczby drobnoustroj\u00f3w w produktach \u017cywno\u015bciowych, szczeg\u00f3lnie w produktach jajowych.<br \/>\n<strong>Szczepy kontrolne:<\/strong><br \/>\n<em>Salmonella enteritidis ATCC 13076<br \/>\nStaphylococcus aureus ATCC 6538<br \/>\nEscherichia coli ATCC 25922<\/em><br \/>\n<strong>Wielko\u015b\u0107 opakowania:<\/strong><br \/>\nSypkie: 500 g, 250 g, 100 g, gotowa nawa\u017cka na 250 ml<br \/>\nButelki:\u00a06 x\u00a0400 ml, 6 x 200 ml<\/p>\n<\/div>","protected":false},"excerpt":{"rendered":"<p>nr katalogowy: P-0095 &nbsp; Zastosowanie: Pod\u0142o\u017ce do oznaczania og\u00f3lnej liczby drobnoustroj\u00f3w w produktach \u017cywno\u015bciowych, szczeg\u00f3lnie w produktach jajowych. Szczepy kontrolne: Salmonella enteritidis ATCC 13076 Staphylococcus aureus ATCC 6538 Escherichia coli ATCC 25922 Wielko\u015b\u0107 opakowania: Sypkie: 500 g, 250 g, 100 g, gotowa nawa\u017cka na 250 ml Butelki:\u00a06 x\u00a0400 ml, 6 x 200 ml<\/p>","protected":false},"featured_media":0,"template":"","meta":[],"product_brand":[],"product_cat":[99,126,78,77],"product_tag":[],"class_list":{"0":"post-2796","1":"product","2":"type-product","3":"status-publish","5":"product_cat-agary","6":"product_cat-butelki","7":"product_cat-podloza-mikrobiologiczne-gotowe","8":"product_cat-podloza-mikrobiologiczne-sypkie","10":"first","11":"instock","12":"shipping-taxable","13":"product-type-simple"},"_links":{"self":[{"href":"https:\/\/www.btl.com.pl\/en\/wp-json\/wp\/v2\/product\/2796","targetHints":{"allow":["GET"]}}],"collection":[{"href":"https:\/\/www.btl.com.pl\/en\/wp-json\/wp\/v2\/product"}],"about":[{"href":"https:\/\/www.btl.com.pl\/en\/wp-json\/wp\/v2\/types\/product"}],"version-history":[{"count":1,"href":"https:\/\/www.btl.com.pl\/en\/wp-json\/wp\/v2\/product\/2796\/revisions"}],"predecessor-version":[{"id":2797,"href":"https:\/\/www.btl.com.pl\/en\/wp-json\/wp\/v2\/product\/2796\/revisions\/2797"}],"wp:attachment":[{"href":"https:\/\/www.btl.com.pl\/en\/wp-json\/wp\/v2\/media?parent=2796"}],"wp:term":[{"taxonomy":"product_brand","embeddable":true,"href":"https:\/\/www.btl.com.pl\/en\/wp-json\/wp\/v2\/product_brand?post=2796"},{"taxonomy":"product_cat","embeddable":true,"href":"https:\/\/www.btl.com.pl\/en\/wp-json\/wp\/v2\/product_cat?post=2796"},{"taxonomy":"product_tag","embeddable":true,"href":"https:\/\/www.btl.com.pl\/en\/wp-json\/wp\/v2\/product_tag?post=2796"}],"curies":[{"name":"wp","href":"https:\/\/api.w.org\/{rel}","templated":true}]}}