{"id":2794,"date":"2021-12-01T18:06:52","date_gmt":"2021-12-01T17:06:52","guid":{"rendered":"https:\/\/btl.com.pl\/?post_type=product&#038;p=2794"},"modified":"2021-12-01T18:11:07","modified_gmt":"2021-12-01T17:11:07","slug":"podloze-z-zielenia-brylntowa-zolcia-i-glukoza-ee-p-0295","status":"publish","type":"product","link":"https:\/\/www.btl.com.pl\/en\/produkty\/podloza-mikrobiologiczne-sypkie\/buliony\/podloze-z-zielenia-brylntowa-zolcia-i-glukoza-ee-p-0295\/","title":{"rendered":"Pod\u0142o\u017ce z zieleni\u0105 brylntow\u0105 \u017c\u00f3\u0142ci\u0105 i glukoz\u0105 (EE).  P-0295"},"content":{"rendered":"<div>nr katalogowy: <b>P-0295<\/b><\/div>\n<p>&nbsp;<\/p>\n<div>\n<p><strong>Zastosowanie:<br \/>\n<\/strong>Pod\u0142o\u017ce wybi\u00f3rcze do namna\u017cania, wykrywania (oraz okre\u015blania miana oraz NPL) bakterii z rodziny <em>Enterobacteriaceae,<\/em> g\u0142\u00f3wnie z grupy coli w paszach, produktach \u017cywno\u015bciowych i innych materia\u0142ach.<br \/>\n<strong>Szczepy kontrolne:<\/strong><br \/>\n<em>Escherichia coli ATCC 25922<br \/>\nEnterobacter aerogenes ATCC 13048<br \/>\nSalmonella enteritidis ATCC 13076<\/em><br \/>\n<strong>Wielko\u015b\u0107 opakowania:<\/strong><br \/>\nSypkie: 500 g, 250 g, 100 g, gotowa nawa\u017cka na 250 ml<\/p>\n<\/div>","protected":false},"excerpt":{"rendered":"<p>nr katalogowy: P-0295 &nbsp; Zastosowanie: Pod\u0142o\u017ce wybi\u00f3rcze do namna\u017cania, wykrywania (oraz okre\u015blania miana oraz NPL) bakterii z rodziny Enterobacteriaceae, g\u0142\u00f3wnie z grupy coli w paszach, produktach \u017cywno\u015bciowych i innych materia\u0142ach. Szczepy kontrolne: Escherichia coli ATCC 25922 Enterobacter aerogenes ATCC 13048 Salmonella enteritidis ATCC 13076 Wielko\u015b\u0107 opakowania: Sypkie: 500 g, 250 g, 100 g, gotowa nawa\u017cka [&hellip;]<\/p>\n","protected":false},"featured_media":0,"template":"","meta":[],"product_brand":[],"product_cat":[100,77],"product_tag":[],"class_list":{"0":"post-2794","1":"product","2":"type-product","3":"status-publish","5":"product_cat-buliony","6":"product_cat-podloza-mikrobiologiczne-sypkie","8":"first","9":"instock","10":"shipping-taxable","11":"product-type-simple"},"_links":{"self":[{"href":"https:\/\/www.btl.com.pl\/en\/wp-json\/wp\/v2\/product\/2794","targetHints":{"allow":["GET"]}}],"collection":[{"href":"https:\/\/www.btl.com.pl\/en\/wp-json\/wp\/v2\/product"}],"about":[{"href":"https:\/\/www.btl.com.pl\/en\/wp-json\/wp\/v2\/types\/product"}],"version-history":[{"count":1,"href":"https:\/\/www.btl.com.pl\/en\/wp-json\/wp\/v2\/product\/2794\/revisions"}],"predecessor-version":[{"id":2795,"href":"https:\/\/www.btl.com.pl\/en\/wp-json\/wp\/v2\/product\/2794\/revisions\/2795"}],"wp:attachment":[{"href":"https:\/\/www.btl.com.pl\/en\/wp-json\/wp\/v2\/media?parent=2794"}],"wp:term":[{"taxonomy":"product_brand","embeddable":true,"href":"https:\/\/www.btl.com.pl\/en\/wp-json\/wp\/v2\/product_brand?post=2794"},{"taxonomy":"product_cat","embeddable":true,"href":"https:\/\/www.btl.com.pl\/en\/wp-json\/wp\/v2\/product_cat?post=2794"},{"taxonomy":"product_tag","embeddable":true,"href":"https:\/\/www.btl.com.pl\/en\/wp-json\/wp\/v2\/product_tag?post=2794"}],"curies":[{"name":"wp","href":"https:\/\/api.w.org\/{rel}","templated":true}]}}