{"id":2790,"date":"2021-12-01T18:02:14","date_gmt":"2021-12-01T17:02:14","guid":{"rendered":"https:\/\/btl.com.pl\/?post_type=product&#038;p=2790"},"modified":"2021-12-01T18:03:42","modified_gmt":"2021-12-01T17:03:42","slug":"podloze-z-seleninem-sodu-sf-p-0032","status":"publish","type":"product","link":"https:\/\/www.btl.com.pl\/en\/produkty\/podloza-mikrobiologiczne-sypkie\/buliony\/podloze-z-seleninem-sodu-sf-p-0032\/","title":{"rendered":"Pod\u0142o\u017ce z seleninem sodu SF.  P-0032"},"content":{"rendered":"<div>nr katalogowy: <b>P-0032<\/b><\/div>\n<p>&nbsp;<\/p>\n<div>\n<p><strong>Zastosowanie:<\/strong><br \/>\nPod\u0142o\u017ce do selektywnego namna\u017cania <em>Salmonella sp<\/em>. z ka\u0142u, moczu, produkt\u00f3w spo\u017cywczych i innych materia\u0142\u00f3w. Umo\u017cliwia wzrost <em>Shigella<\/em> z wyj\u0105tkiem niekt\u00f3rych szczep\u00f3w <em>Sh.sonei.<br \/>\n<\/em><strong>Szczepy kontrolne:<\/strong><br \/>\n<em>Salmonella enteritidis ATCC 13076<br \/>\nSalmonella typhimurium ATCC 14028<\/em><br \/>\n<strong>Wielko\u015b\u0107 opakowania:<\/strong><br \/>\nSypkie: 500 g, 250 g, 100 g, gotowa nawa\u017cka na 250 ml<\/p>\n<\/div>","protected":false},"excerpt":{"rendered":"<p>nr katalogowy: P-0032 &nbsp; Zastosowanie: Pod\u0142o\u017ce do selektywnego namna\u017cania Salmonella sp. z ka\u0142u, moczu, produkt\u00f3w spo\u017cywczych i innych materia\u0142\u00f3w. Umo\u017cliwia wzrost Shigella z wyj\u0105tkiem niekt\u00f3rych szczep\u00f3w Sh.sonei. Szczepy kontrolne: Salmonella enteritidis ATCC 13076 Salmonella typhimurium ATCC 14028 Wielko\u015b\u0107 opakowania: Sypkie: 500 g, 250 g, 100 g, gotowa nawa\u017cka na 250 ml<\/p>","protected":false},"featured_media":0,"template":"","meta":[],"product_brand":[],"product_cat":[100,77],"product_tag":[],"class_list":{"0":"post-2790","1":"product","2":"type-product","3":"status-publish","5":"product_cat-buliony","6":"product_cat-podloza-mikrobiologiczne-sypkie","8":"first","9":"instock","10":"shipping-taxable","11":"product-type-simple"},"_links":{"self":[{"href":"https:\/\/www.btl.com.pl\/en\/wp-json\/wp\/v2\/product\/2790","targetHints":{"allow":["GET"]}}],"collection":[{"href":"https:\/\/www.btl.com.pl\/en\/wp-json\/wp\/v2\/product"}],"about":[{"href":"https:\/\/www.btl.com.pl\/en\/wp-json\/wp\/v2\/types\/product"}],"version-history":[{"count":1,"href":"https:\/\/www.btl.com.pl\/en\/wp-json\/wp\/v2\/product\/2790\/revisions"}],"predecessor-version":[{"id":2791,"href":"https:\/\/www.btl.com.pl\/en\/wp-json\/wp\/v2\/product\/2790\/revisions\/2791"}],"wp:attachment":[{"href":"https:\/\/www.btl.com.pl\/en\/wp-json\/wp\/v2\/media?parent=2790"}],"wp:term":[{"taxonomy":"product_brand","embeddable":true,"href":"https:\/\/www.btl.com.pl\/en\/wp-json\/wp\/v2\/product_brand?post=2790"},{"taxonomy":"product_cat","embeddable":true,"href":"https:\/\/www.btl.com.pl\/en\/wp-json\/wp\/v2\/product_cat?post=2790"},{"taxonomy":"product_tag","embeddable":true,"href":"https:\/\/www.btl.com.pl\/en\/wp-json\/wp\/v2\/product_tag?post=2790"}],"curies":[{"name":"wp","href":"https:\/\/api.w.org\/{rel}","templated":true}]}}