{"id":2784,"date":"2021-12-01T12:27:09","date_gmt":"2021-12-01T11:27:09","guid":{"rendered":"https:\/\/btl.com.pl\/?post_type=product&#038;p=2784"},"modified":"2021-12-01T12:27:09","modified_gmt":"2021-12-01T11:27:09","slug":"podloze-z-mocznikiem-wg-christensena-w-modyfikacji-hormaeche-i-munilla-p-0125","status":"publish","type":"product","link":"https:\/\/www.btl.com.pl\/en\/produkty\/podloza-mikrobiologiczne-sypkie\/buliony\/podloze-z-mocznikiem-wg-christensena-w-modyfikacji-hormaeche-i-munilla-p-0125\/","title":{"rendered":"Pod\u0142o\u017ce z mocznikiem wg Christensena w modyfikacji Hormaeche i Munilla. P-0125"},"content":{"rendered":"<div>nr katalogowy: <b>P-0125<\/b><\/div>\n<p>&nbsp;<\/p>\n<div>\n<p><strong>Zastosowanie:<\/strong><br \/>\nPod\u0142o\u017ce do hodowli oraz r\u00f3\u017cnicowania pa\u0142eczek z rodziny <em>Enterobacteriaceae<\/em>, szczeg\u00f3lnie do wykrywania bakterii <em>Proteus<\/em>, w produktach spo\u017cywczych i innych materia\u0142ach.<br \/>\n<strong>Szczepy kontrolne:<\/strong><br \/>\n<em>Proteus vulgaris ATCC 13315<br \/>\nKlebsiella pneumonice ATCC 13883<br \/>\nSalmonella typhimurium ATCC 14028<br \/>\nEscherichia coli ATCC 25922<\/em><br \/>\n<strong>Wielko\u015b\u0107 opakowania:<br \/>\n<\/strong>Sypkie: 500 g, 250 g, 100 g, gotowa nawa\u017cka na 250 ml<\/p>\n<\/div>","protected":false},"excerpt":{"rendered":"<p>nr katalogowy: P-0125 &nbsp; Zastosowanie: Pod\u0142o\u017ce do hodowli oraz r\u00f3\u017cnicowania pa\u0142eczek z rodziny Enterobacteriaceae, szczeg\u00f3lnie do wykrywania bakterii Proteus, w produktach spo\u017cywczych i innych materia\u0142ach. Szczepy kontrolne: Proteus vulgaris ATCC 13315 Klebsiella pneumonice ATCC 13883 Salmonella typhimurium ATCC 14028 Escherichia coli ATCC 25922 Wielko\u015b\u0107 opakowania: Sypkie: 500 g, 250 g, 100 g, gotowa nawa\u017cka na [&hellip;]<\/p>\n","protected":false},"featured_media":0,"template":"","meta":[],"product_brand":[],"product_cat":[100,77],"product_tag":[],"class_list":{"0":"post-2784","1":"product","2":"type-product","3":"status-publish","5":"product_cat-buliony","6":"product_cat-podloza-mikrobiologiczne-sypkie","8":"first","9":"instock","10":"shipping-taxable","11":"product-type-simple"},"_links":{"self":[{"href":"https:\/\/www.btl.com.pl\/en\/wp-json\/wp\/v2\/product\/2784","targetHints":{"allow":["GET"]}}],"collection":[{"href":"https:\/\/www.btl.com.pl\/en\/wp-json\/wp\/v2\/product"}],"about":[{"href":"https:\/\/www.btl.com.pl\/en\/wp-json\/wp\/v2\/types\/product"}],"version-history":[{"count":1,"href":"https:\/\/www.btl.com.pl\/en\/wp-json\/wp\/v2\/product\/2784\/revisions"}],"predecessor-version":[{"id":2785,"href":"https:\/\/www.btl.com.pl\/en\/wp-json\/wp\/v2\/product\/2784\/revisions\/2785"}],"wp:attachment":[{"href":"https:\/\/www.btl.com.pl\/en\/wp-json\/wp\/v2\/media?parent=2784"}],"wp:term":[{"taxonomy":"product_brand","embeddable":true,"href":"https:\/\/www.btl.com.pl\/en\/wp-json\/wp\/v2\/product_brand?post=2784"},{"taxonomy":"product_cat","embeddable":true,"href":"https:\/\/www.btl.com.pl\/en\/wp-json\/wp\/v2\/product_cat?post=2784"},{"taxonomy":"product_tag","embeddable":true,"href":"https:\/\/www.btl.com.pl\/en\/wp-json\/wp\/v2\/product_tag?post=2784"}],"curies":[{"name":"wp","href":"https:\/\/api.w.org\/{rel}","templated":true}]}}