{"id":2780,"date":"2021-12-01T12:24:29","date_gmt":"2021-12-01T11:24:29","guid":{"rendered":"https:\/\/btl.com.pl\/?post_type=product&#038;p=2780"},"modified":"2021-12-01T12:24:30","modified_gmt":"2021-12-01T11:24:30","slug":"podloze-z-mlekiem-podstawowe-p-0272","status":"publish","type":"product","link":"https:\/\/www.btl.com.pl\/en\/produkty\/podloza-mikrobiologiczne-sypkie\/agary\/podloze-z-mlekiem-podstawowe-p-0272\/","title":{"rendered":"Pod\u0142o\u017ce z mlekiem \u2013 podstawowe. P-0272"},"content":{"rendered":"<div>nr katalogowy: <b>P-0272<\/b><\/div>\n<p>&nbsp;<\/p>\n<div>\n<p><strong>Zastosowanie:<br \/>\n<\/strong>Pod\u0142o\u017ce stosowane do wykrywania zdolno\u015bci hydrolizy kazeiny przez drobnoustroje, g\u0142\u00f3wnie wykorzystywane w diagnostyce <em>Pseudomonas aeruginosa.<\/em> Pod\u0142o\u017ce stosowne w diagnostyce biochemicznej drobnoustroj\u00f3w.<br \/>\n<strong><a href=\"https:\/\/www.btl.com.pl\/en\/produktopis\/1\/0\/produkty\/13\/22\/\" target=\"_blank\" rel=\"noopener\">Suplementy:<\/a><\/strong><br \/>\nD-001 Mleko w proszku odt\u0142uszczone<br \/>\n<strong>Szczepy kontrolne:<\/strong><br \/>\n<em>Pseudomonas aeruginosa ATCC 27853<br \/>\n<\/em><strong>Wielko\u015b\u0107 opakowania:<br \/>\n<\/strong>Sypkie: 500 g, 250 g, 100 g, gotowa nawa\u017cka na 250 ml<br \/>\nButelki: 6 x 400 ml, 6 x 200 ml<\/p>\n<\/div>","protected":false},"excerpt":{"rendered":"<p>nr katalogowy: P-0272 &nbsp; Zastosowanie: Pod\u0142o\u017ce stosowane do wykrywania zdolno\u015bci hydrolizy kazeiny przez drobnoustroje, g\u0142\u00f3wnie wykorzystywane w diagnostyce Pseudomonas aeruginosa. Pod\u0142o\u017ce stosowne w diagnostyce biochemicznej drobnoustroj\u00f3w. Suplementy: D-001 Mleko w proszku odt\u0142uszczone Szczepy kontrolne: Pseudomonas aeruginosa ATCC 27853 Wielko\u015b\u0107 opakowania: Sypkie: 500 g, 250 g, 100 g, gotowa nawa\u017cka na 250 ml Butelki: 6 x [&hellip;]<\/p>\n","protected":false},"featured_media":0,"template":"","meta":[],"product_brand":[],"product_cat":[99,77],"product_tag":[],"class_list":{"0":"post-2780","1":"product","2":"type-product","3":"status-publish","5":"product_cat-agary","6":"product_cat-podloza-mikrobiologiczne-sypkie","8":"first","9":"instock","10":"shipping-taxable","11":"product-type-simple"},"_links":{"self":[{"href":"https:\/\/www.btl.com.pl\/en\/wp-json\/wp\/v2\/product\/2780","targetHints":{"allow":["GET"]}}],"collection":[{"href":"https:\/\/www.btl.com.pl\/en\/wp-json\/wp\/v2\/product"}],"about":[{"href":"https:\/\/www.btl.com.pl\/en\/wp-json\/wp\/v2\/types\/product"}],"version-history":[{"count":1,"href":"https:\/\/www.btl.com.pl\/en\/wp-json\/wp\/v2\/product\/2780\/revisions"}],"predecessor-version":[{"id":2781,"href":"https:\/\/www.btl.com.pl\/en\/wp-json\/wp\/v2\/product\/2780\/revisions\/2781"}],"wp:attachment":[{"href":"https:\/\/www.btl.com.pl\/en\/wp-json\/wp\/v2\/media?parent=2780"}],"wp:term":[{"taxonomy":"product_brand","embeddable":true,"href":"https:\/\/www.btl.com.pl\/en\/wp-json\/wp\/v2\/product_brand?post=2780"},{"taxonomy":"product_cat","embeddable":true,"href":"https:\/\/www.btl.com.pl\/en\/wp-json\/wp\/v2\/product_cat?post=2780"},{"taxonomy":"product_tag","embeddable":true,"href":"https:\/\/www.btl.com.pl\/en\/wp-json\/wp\/v2\/product_tag?post=2780"}],"curies":[{"name":"wp","href":"https:\/\/api.w.org\/{rel}","templated":true}]}}