{"id":2778,"date":"2021-12-01T12:22:42","date_gmt":"2021-12-01T11:22:42","guid":{"rendered":"https:\/\/btl.com.pl\/?post_type=product&#038;p=2778"},"modified":"2022-03-01T21:14:08","modified_gmt":"2022-03-01T20:14:08","slug":"podloze-z-mannitolem-plynne-p-0196","status":"publish","type":"product","link":"https:\/\/www.btl.com.pl\/en\/produkty\/podloza-mikrobiologiczne-gotowe\/butelki\/podloze-z-mannitolem-plynne-p-0196\/","title":{"rendered":"Pod\u0142o\u017ce z mannitolem &#8211; p\u0142ynne.  P-0196"},"content":{"rendered":"<div>nr katalogowy: <b>P-0196<\/b><\/div>\n<p>&nbsp;<\/p>\n<div>\n<p><strong>Zastosowanie:<\/strong><br \/>\nPod\u0142o\u017ce wybi\u00f3rcze do hodowli i wykrywania zdolno\u015bci wykorzystywania mannitolu przez mikroorganizmy halofilne. Pod\u0142o\u017ce to zawiera wystarczaj\u0105c\u0105 ilo\u015b\u0107 sk\u0142adnik\u00f3w od\u017cywczych gwarantuj\u0105cych wzrost i rozmna\u017canie si\u0119 bakterii nie maj\u0105cych wysokich wymaga\u0144 pokarmowych. Pe\u0142ni ono funkcje r\u00f3\u017cnicuj\u0105c\u0105, pozwalaj\u0105c na stwierdzenie zdolno\u015bci wykorzystania mannitolu przez mikroorganizmy.<br \/>\n<strong>Szczepy kontrolne:<\/strong><br \/>\n<em>Staphylococcus aureus ATCC 6538<br \/>\nStaphylococcus epidermis ATCC 12228<\/em><br \/>\n<strong>Wielko\u015b\u0107 opakowania:<br \/>\n<\/strong>Sypkie: 500 g, 250 g, 100 g, gotowa nawa\u017cka na 250 ml<br \/>\nButelki: 6 x 400 ml, 6 x 200 ml<\/p>\n<\/div>","protected":false},"excerpt":{"rendered":"<p>nr katalogowy: P-0196 &nbsp; Zastosowanie: Pod\u0142o\u017ce wybi\u00f3rcze do hodowli i wykrywania zdolno\u015bci wykorzystywania mannitolu przez mikroorganizmy halofilne. Pod\u0142o\u017ce to zawiera wystarczaj\u0105c\u0105 ilo\u015b\u0107 sk\u0142adnik\u00f3w od\u017cywczych gwarantuj\u0105cych wzrost i rozmna\u017canie si\u0119 bakterii nie maj\u0105cych wysokich wymaga\u0144 pokarmowych. Pe\u0142ni ono funkcje r\u00f3\u017cnicuj\u0105c\u0105, pozwalaj\u0105c na stwierdzenie zdolno\u015bci wykorzystania mannitolu przez mikroorganizmy. Szczepy kontrolne: Staphylococcus aureus ATCC 6538 Staphylococcus epidermis [&hellip;]<\/p>\n","protected":false},"featured_media":0,"template":"","meta":[],"product_brand":[],"product_cat":[100,126,78,77],"product_tag":[],"class_list":{"0":"post-2778","1":"product","2":"type-product","3":"status-publish","5":"product_cat-buliony","6":"product_cat-butelki","7":"product_cat-podloza-mikrobiologiczne-gotowe","8":"product_cat-podloza-mikrobiologiczne-sypkie","10":"first","11":"instock","12":"shipping-taxable","13":"product-type-simple"},"_links":{"self":[{"href":"https:\/\/www.btl.com.pl\/en\/wp-json\/wp\/v2\/product\/2778","targetHints":{"allow":["GET"]}}],"collection":[{"href":"https:\/\/www.btl.com.pl\/en\/wp-json\/wp\/v2\/product"}],"about":[{"href":"https:\/\/www.btl.com.pl\/en\/wp-json\/wp\/v2\/types\/product"}],"version-history":[{"count":1,"href":"https:\/\/www.btl.com.pl\/en\/wp-json\/wp\/v2\/product\/2778\/revisions"}],"predecessor-version":[{"id":2779,"href":"https:\/\/www.btl.com.pl\/en\/wp-json\/wp\/v2\/product\/2778\/revisions\/2779"}],"wp:attachment":[{"href":"https:\/\/www.btl.com.pl\/en\/wp-json\/wp\/v2\/media?parent=2778"}],"wp:term":[{"taxonomy":"product_brand","embeddable":true,"href":"https:\/\/www.btl.com.pl\/en\/wp-json\/wp\/v2\/product_brand?post=2778"},{"taxonomy":"product_cat","embeddable":true,"href":"https:\/\/www.btl.com.pl\/en\/wp-json\/wp\/v2\/product_cat?post=2778"},{"taxonomy":"product_tag","embeddable":true,"href":"https:\/\/www.btl.com.pl\/en\/wp-json\/wp\/v2\/product_tag?post=2778"}],"curies":[{"name":"wp","href":"https:\/\/api.w.org\/{rel}","templated":true}]}}