{"id":2776,"date":"2021-12-01T10:00:19","date_gmt":"2021-12-01T09:00:19","guid":{"rendered":"https:\/\/btl.com.pl\/?post_type=product&#038;p=2776"},"modified":"2022-03-01T21:13:26","modified_gmt":"2022-03-01T20:13:26","slug":"podloze-z-malonianem-p-0283","status":"publish","type":"product","link":"https:\/\/www.btl.com.pl\/en\/produkty\/podloza-mikrobiologiczne-gotowe\/butelki\/podloze-z-malonianem-p-0283\/","title":{"rendered":"Pod\u0142o\u017ce z malonianem.  P-0283"},"content":{"rendered":"<div>nr katalogowy: <b>P-0283<\/b><\/div>\n<p>&nbsp;<\/p>\n<div>\n<p><strong>Zastosowanie:<br \/>\n<\/strong>Pod\u0142o\u017ce z malonianem s\u0142u\u017cy do wykrywania zdolno\u015bci rozk\u0142adu kwasu malonowego przez drobnoustroje, stosowane szczeg\u00f3lnie w diagnostyce biochemicznej bakterii z rodziny <em>Enterobacteriaceae.<\/em> Pod\u0142o\u017ce to zawiera wystarczaj\u0105c\u0105 ilo\u015b\u0107 sk\u0142adnik\u00f3w od\u017cywczych gwarantuj\u0105cych wzrost i rozmna\u017canie si\u0119 bakterii z rodziny <em>Enterobacteriaceae.<br \/>\n<\/em><strong>Szczepy kontrolne:<\/strong><br \/>\n<em>Enterobacter aerogenes ATCC 29212<br \/>\nKlebsiella pneumonice ATCC 13883<br \/>\nSalmonella enteritidis ATCC 13076<br \/>\nEscherichia coli ATCC 25922<\/em><br \/>\n<strong>Wielko\u015b\u0107 opakowania:<\/strong><br \/>\nSypkie: 500 g, 250 g, 100 g, gotowa nawa\u017cka na 250 ml<br \/>\nButelki: 6 x 400 ml, 6 x 200 ml<\/p>\n<\/div>","protected":false},"excerpt":{"rendered":"<p>nr katalogowy: P-0283 &nbsp; Zastosowanie: Pod\u0142o\u017ce z malonianem s\u0142u\u017cy do wykrywania zdolno\u015bci rozk\u0142adu kwasu malonowego przez drobnoustroje, stosowane szczeg\u00f3lnie w diagnostyce biochemicznej bakterii z rodziny Enterobacteriaceae. Pod\u0142o\u017ce to zawiera wystarczaj\u0105c\u0105 ilo\u015b\u0107 sk\u0142adnik\u00f3w od\u017cywczych gwarantuj\u0105cych wzrost i rozmna\u017canie si\u0119 bakterii z rodziny Enterobacteriaceae. Szczepy kontrolne: Enterobacter aerogenes ATCC 29212 Klebsiella pneumonice ATCC 13883 Salmonella enteritidis ATCC [&hellip;]<\/p>\n","protected":false},"featured_media":0,"template":"","meta":[],"product_brand":[],"product_cat":[100,126,78,77],"product_tag":[],"class_list":{"0":"post-2776","1":"product","2":"type-product","3":"status-publish","5":"product_cat-buliony","6":"product_cat-butelki","7":"product_cat-podloza-mikrobiologiczne-gotowe","8":"product_cat-podloza-mikrobiologiczne-sypkie","10":"first","11":"instock","12":"shipping-taxable","13":"product-type-simple"},"_links":{"self":[{"href":"https:\/\/www.btl.com.pl\/en\/wp-json\/wp\/v2\/product\/2776","targetHints":{"allow":["GET"]}}],"collection":[{"href":"https:\/\/www.btl.com.pl\/en\/wp-json\/wp\/v2\/product"}],"about":[{"href":"https:\/\/www.btl.com.pl\/en\/wp-json\/wp\/v2\/types\/product"}],"version-history":[{"count":1,"href":"https:\/\/www.btl.com.pl\/en\/wp-json\/wp\/v2\/product\/2776\/revisions"}],"predecessor-version":[{"id":2777,"href":"https:\/\/www.btl.com.pl\/en\/wp-json\/wp\/v2\/product\/2776\/revisions\/2777"}],"wp:attachment":[{"href":"https:\/\/www.btl.com.pl\/en\/wp-json\/wp\/v2\/media?parent=2776"}],"wp:term":[{"taxonomy":"product_brand","embeddable":true,"href":"https:\/\/www.btl.com.pl\/en\/wp-json\/wp\/v2\/product_brand?post=2776"},{"taxonomy":"product_cat","embeddable":true,"href":"https:\/\/www.btl.com.pl\/en\/wp-json\/wp\/v2\/product_cat?post=2776"},{"taxonomy":"product_tag","embeddable":true,"href":"https:\/\/www.btl.com.pl\/en\/wp-json\/wp\/v2\/product_tag?post=2776"}],"curies":[{"name":"wp","href":"https:\/\/api.w.org\/{rel}","templated":true}]}}