{"id":2774,"date":"2021-12-01T09:58:41","date_gmt":"2021-12-01T08:58:41","guid":{"rendered":"https:\/\/btl.com.pl\/?post_type=product&#038;p=2774"},"modified":"2021-12-01T09:58:42","modified_gmt":"2021-12-01T08:58:42","slug":"podloze-z-zolcia-czerwienia-obojetna-fioletem-krystalicznym-i-glukoza-vrbg-p-0256","status":"publish","type":"product","link":"https:\/\/www.btl.com.pl\/en\/produkty\/podloza-mikrobiologiczne-sypkie\/agary\/podloze-z-zolcia-czerwienia-obojetna-fioletem-krystalicznym-i-glukoza-vrbg-p-0256\/","title":{"rendered":"Pod\u0142o\u017ce z \u017c\u00f3\u0142ci\u0105, czerwieni\u0105 oboj\u0119tn\u0105, fioletem krystalicznym i glukoz\u0105 (VRBG).  P-0256"},"content":{"rendered":"<div>nr katalogowy: <b>P-0256<\/b><\/div>\n<p>&nbsp;<\/p>\n<div>\n<p><strong>Zastosowanie:<br \/>\n<\/strong>Pod\u0142o\u017ce wybi\u00f3rcze do izolacji i okre\u015blania liczby bakterii z rodziny <em>Enterobacteriaceae<\/em> w produktach \u017cywno\u015bciowych<br \/>\n<strong>Szczepy kontrolne:<br \/>\n<\/strong><em>Escherichia coli ATCC 25922<br \/>\nSalmonella typhimurium ATCC 14028<br \/>\nSalmonella enteritidis ATCC 13076<br \/>\nKlebsiella pneumoniae ATCC 13883<\/em><br \/>\n<strong>Wielko\u015b\u0107 opakowania:<\/strong><br \/>\nSypkie; 500 g, 250 g, 100 g, gotowa nawa\u017cka na 250 ml<br \/>\nButelki: 6 x 400 ml, 6 x 200 ml<\/p>\n<\/div>","protected":false},"excerpt":{"rendered":"<p>nr katalogowy: P-0256 &nbsp; Zastosowanie: Pod\u0142o\u017ce wybi\u00f3rcze do izolacji i okre\u015blania liczby bakterii z rodziny Enterobacteriaceae w produktach \u017cywno\u015bciowych Szczepy kontrolne: Escherichia coli ATCC 25922 Salmonella typhimurium ATCC 14028 Salmonella enteritidis ATCC 13076 Klebsiella pneumoniae ATCC 13883 Wielko\u015b\u0107 opakowania: Sypkie; 500 g, 250 g, 100 g, gotowa nawa\u017cka na 250 ml Butelki: 6 x 400 [&hellip;]<\/p>\n","protected":false},"featured_media":0,"template":"","meta":[],"product_brand":[],"product_cat":[99,77],"product_tag":[],"class_list":{"0":"post-2774","1":"product","2":"type-product","3":"status-publish","5":"product_cat-agary","6":"product_cat-podloza-mikrobiologiczne-sypkie","8":"first","9":"instock","10":"shipping-taxable","11":"product-type-simple"},"_links":{"self":[{"href":"https:\/\/www.btl.com.pl\/en\/wp-json\/wp\/v2\/product\/2774","targetHints":{"allow":["GET"]}}],"collection":[{"href":"https:\/\/www.btl.com.pl\/en\/wp-json\/wp\/v2\/product"}],"about":[{"href":"https:\/\/www.btl.com.pl\/en\/wp-json\/wp\/v2\/types\/product"}],"version-history":[{"count":1,"href":"https:\/\/www.btl.com.pl\/en\/wp-json\/wp\/v2\/product\/2774\/revisions"}],"predecessor-version":[{"id":2775,"href":"https:\/\/www.btl.com.pl\/en\/wp-json\/wp\/v2\/product\/2774\/revisions\/2775"}],"wp:attachment":[{"href":"https:\/\/www.btl.com.pl\/en\/wp-json\/wp\/v2\/media?parent=2774"}],"wp:term":[{"taxonomy":"product_brand","embeddable":true,"href":"https:\/\/www.btl.com.pl\/en\/wp-json\/wp\/v2\/product_brand?post=2774"},{"taxonomy":"product_cat","embeddable":true,"href":"https:\/\/www.btl.com.pl\/en\/wp-json\/wp\/v2\/product_cat?post=2774"},{"taxonomy":"product_tag","embeddable":true,"href":"https:\/\/www.btl.com.pl\/en\/wp-json\/wp\/v2\/product_tag?post=2774"}],"curies":[{"name":"wp","href":"https:\/\/api.w.org\/{rel}","templated":true}]}}