{"id":2772,"date":"2021-12-01T09:57:49","date_gmt":"2021-12-01T08:57:49","guid":{"rendered":"https:\/\/btl.com.pl\/?post_type=product&#038;p=2772"},"modified":"2022-03-01T21:12:03","modified_gmt":"2022-03-01T20:12:03","slug":"podloze-z-zolcia-i-zielenia-brylantowa-p-0036","status":"publish","type":"product","link":"https:\/\/www.btl.com.pl\/en\/produkty\/podloza-mikrobiologiczne-gotowe\/butelki\/podloze-z-zolcia-i-zielenia-brylantowa-p-0036\/","title":{"rendered":"Pod\u0142o\u017ce z \u017c\u00f3\u0142ci\u0105 i zieleni\u0105 brylantow\u0105.   P-0036"},"content":{"rendered":"<div>nr katalogowy: <b>P-0036<\/b><\/div>\n<p>&nbsp;<\/p>\n<div>\n<p><strong>Zastosowanie:<br \/>\n<\/strong>Pod\u0142o\u017ce wybi\u00f3rcze do namna\u017cania i okre\u015blania miana i NPL<em> E.coli<\/em> i bakterii z grupy <em>coli<\/em> w wodzie, mleku, i innych materia\u0142ach w tym produktach spo\u017cywczych.<br \/>\n<strong>Szczepy kontrolne:<\/strong><br \/>\n<em>Escherichia coli ATCC 25922<br \/>\nEnterobacter aerogenes ATCC 13048<br \/>\nCitrobacter freundii ATCC 8090<\/em><br \/>\n<strong>Wielko\u015b\u0107 opakowania:<\/strong><br \/>\nSypkie: 500 g, 250 g, 100 g, gotowa nawa\u017cka na 250 ml<br \/>\nButelki: 6 x\u00a0400 ml,\u00a06 x\u00a0200 ml<\/p>\n<\/div>","protected":false},"excerpt":{"rendered":"<p>nr katalogowy: P-0036 &nbsp; Zastosowanie: Pod\u0142o\u017ce wybi\u00f3rcze do namna\u017cania i okre\u015blania miana i NPL E.coli i bakterii z grupy coli w wodzie, mleku, i innych materia\u0142ach w tym produktach spo\u017cywczych. Szczepy kontrolne: Escherichia coli ATCC 25922 Enterobacter aerogenes ATCC 13048 Citrobacter freundii ATCC 8090 Wielko\u015b\u0107 opakowania: Sypkie: 500 g, 250 g, 100 g, gotowa nawa\u017cka [&hellip;]<\/p>","protected":false},"featured_media":0,"template":"","meta":[],"product_brand":[],"product_cat":[126,77,100,78],"product_tag":[],"class_list":{"0":"post-2772","1":"product","2":"type-product","3":"status-publish","5":"product_cat-butelki","6":"product_cat-podloza-mikrobiologiczne-sypkie","7":"product_cat-buliony","8":"product_cat-podloza-mikrobiologiczne-gotowe","10":"first","11":"instock","12":"shipping-taxable","13":"product-type-simple"},"_links":{"self":[{"href":"https:\/\/www.btl.com.pl\/en\/wp-json\/wp\/v2\/product\/2772","targetHints":{"allow":["GET"]}}],"collection":[{"href":"https:\/\/www.btl.com.pl\/en\/wp-json\/wp\/v2\/product"}],"about":[{"href":"https:\/\/www.btl.com.pl\/en\/wp-json\/wp\/v2\/types\/product"}],"version-history":[{"count":1,"href":"https:\/\/www.btl.com.pl\/en\/wp-json\/wp\/v2\/product\/2772\/revisions"}],"predecessor-version":[{"id":2773,"href":"https:\/\/www.btl.com.pl\/en\/wp-json\/wp\/v2\/product\/2772\/revisions\/2773"}],"wp:attachment":[{"href":"https:\/\/www.btl.com.pl\/en\/wp-json\/wp\/v2\/media?parent=2772"}],"wp:term":[{"taxonomy":"product_brand","embeddable":true,"href":"https:\/\/www.btl.com.pl\/en\/wp-json\/wp\/v2\/product_brand?post=2772"},{"taxonomy":"product_cat","embeddable":true,"href":"https:\/\/www.btl.com.pl\/en\/wp-json\/wp\/v2\/product_cat?post=2772"},{"taxonomy":"product_tag","embeddable":true,"href":"https:\/\/www.btl.com.pl\/en\/wp-json\/wp\/v2\/product_tag?post=2772"}],"curies":[{"name":"wp","href":"https:\/\/api.w.org\/{rel}","templated":true}]}}