{"id":2770,"date":"2021-12-01T09:56:30","date_gmt":"2021-12-01T08:56:30","guid":{"rendered":"https:\/\/btl.com.pl\/?post_type=product&#038;p=2770"},"modified":"2022-03-01T21:11:13","modified_gmt":"2022-03-01T20:11:13","slug":"podloze-z-laktoza-i-zelatyna-l-g-p-0066","status":"publish","type":"product","link":"https:\/\/www.btl.com.pl\/en\/produkty\/podloza-mikrobiologiczne-gotowe\/butelki\/podloze-z-laktoza-i-zelatyna-l-g-p-0066\/","title":{"rendered":"Pod\u0142o\u017ce z laktoz\u0105 i \u017celatyn\u0105 (L-G).   P-0066"},"content":{"rendered":"<div>nr katalogowy: <b>P-0066<\/b><\/div>\n<p>&nbsp;<\/p>\n<div>\n<p><strong>Zastosowanie:<\/strong><br \/>\nPod\u0142o\u017ce s\u0142u\u017cy do wykrywania zdolno\u015bci fermentacji laktozy przy r\u00f3wnoczesnym wykrywaniu zdolno\u015bci up\u0142ynniania \u017celatyny.<br \/>\n<strong>Szczepy kontrolne:<\/strong><br \/>\n<em>Clostridium perfringens ATCC 13124<br \/>\nClostridium butiricum<\/em><br \/>\n<strong>Wielko\u015b\u0107 opakowania:<br \/>\n<\/strong>Sypkie: 500 g, 250 g, 100 g, gotowa nawa\u017cka na 250 ml<br \/>\nButelki: 6 x 400 ml,\u00a06 x\u00a0200 ml<\/p>\n<\/div>","protected":false},"excerpt":{"rendered":"<p>nr katalogowy: P-0066 &nbsp; Zastosowanie: Pod\u0142o\u017ce s\u0142u\u017cy do wykrywania zdolno\u015bci fermentacji laktozy przy r\u00f3wnoczesnym wykrywaniu zdolno\u015bci up\u0142ynniania \u017celatyny. Szczepy kontrolne: Clostridium perfringens ATCC 13124 Clostridium butiricum Wielko\u015b\u0107 opakowania: Sypkie: 500 g, 250 g, 100 g, gotowa nawa\u017cka na 250 ml Butelki: 6 x 400 ml,\u00a06 x\u00a0200 ml<\/p>","protected":false},"featured_media":0,"template":"","meta":[],"product_brand":[],"product_cat":[126,77,125,78],"product_tag":[],"class_list":{"0":"post-2770","1":"product","2":"type-product","3":"status-publish","5":"product_cat-butelki","6":"product_cat-podloza-mikrobiologiczne-sypkie","7":"product_cat-podloza-zelatynowe","8":"product_cat-podloza-mikrobiologiczne-gotowe","10":"first","11":"instock","12":"shipping-taxable","13":"product-type-simple"},"_links":{"self":[{"href":"https:\/\/www.btl.com.pl\/en\/wp-json\/wp\/v2\/product\/2770","targetHints":{"allow":["GET"]}}],"collection":[{"href":"https:\/\/www.btl.com.pl\/en\/wp-json\/wp\/v2\/product"}],"about":[{"href":"https:\/\/www.btl.com.pl\/en\/wp-json\/wp\/v2\/types\/product"}],"version-history":[{"count":1,"href":"https:\/\/www.btl.com.pl\/en\/wp-json\/wp\/v2\/product\/2770\/revisions"}],"predecessor-version":[{"id":2771,"href":"https:\/\/www.btl.com.pl\/en\/wp-json\/wp\/v2\/product\/2770\/revisions\/2771"}],"wp:attachment":[{"href":"https:\/\/www.btl.com.pl\/en\/wp-json\/wp\/v2\/media?parent=2770"}],"wp:term":[{"taxonomy":"product_brand","embeddable":true,"href":"https:\/\/www.btl.com.pl\/en\/wp-json\/wp\/v2\/product_brand?post=2770"},{"taxonomy":"product_cat","embeddable":true,"href":"https:\/\/www.btl.com.pl\/en\/wp-json\/wp\/v2\/product_cat?post=2770"},{"taxonomy":"product_tag","embeddable":true,"href":"https:\/\/www.btl.com.pl\/en\/wp-json\/wp\/v2\/product_tag?post=2770"}],"curies":[{"name":"wp","href":"https:\/\/api.w.org\/{rel}","templated":true}]}}