{"id":2768,"date":"2021-12-01T09:55:31","date_gmt":"2021-12-01T08:55:31","guid":{"rendered":"https:\/\/btl.com.pl\/?post_type=product&#038;p=2768"},"modified":"2022-03-01T20:45:31","modified_gmt":"2022-03-01T19:45:31","slug":"podloze-z-hydrolizatem-kazeiny-i-soi-p-0194","status":"publish","type":"product","link":"https:\/\/www.btl.com.pl\/en\/produkty\/podloza-mikrobiologiczne-gotowe\/butelki\/podloze-z-hydrolizatem-kazeiny-i-soi-p-0194\/","title":{"rendered":"Pod\u0142o\u017ce z hydrolizatem kazeiny i soi.  P-0194"},"content":{"rendered":"<div>nr katalogowy: <b>P-0194<\/b><\/div>\n<p>&nbsp;<\/p>\n<div>\n<p><strong>Zastosowanie:<\/strong><br \/>\nDo hodowli i izolacji mikroorganizm\u00f3w tlenowych. Pod\u0142o\u017ce polecane jest przez Farmakopee do badania ja\u0142owo\u015bci w produktach leczniczych i wyrobach medycznych.<br \/>\n<strong>Szczepy kontrolne:<\/strong><br \/>\n<em>Bacillus subtilis ATCC 6633<br \/>\nSalmonella enteritidis ATCC 13076<br \/>\nListeria monocytogenes ATCC 15315<br \/>\nEscherichia coli ATCC 25922<br \/>\nStaphylococcus aureus ATCC 6538<\/em><br \/>\n<strong>Wielko\u015b\u0107 opakowania:<\/strong><br \/>\nSypkie: 500 g, 250 g, 100 g, gotowa nawa\u017cka na 250 ml<br \/>\nButelki: 6 x 400 ml, 6 x 200 ml<\/p>\n<\/div>","protected":false},"excerpt":{"rendered":"<p>nr katalogowy: P-0194 &nbsp; Zastosowanie: Do hodowli i izolacji mikroorganizm\u00f3w tlenowych. Pod\u0142o\u017ce polecane jest przez Farmakopee do badania ja\u0142owo\u015bci w produktach leczniczych i wyrobach medycznych. Szczepy kontrolne: Bacillus subtilis ATCC 6633 Salmonella enteritidis ATCC 13076 Listeria monocytogenes ATCC 15315 Escherichia coli ATCC 25922 Staphylococcus aureus ATCC 6538 Wielko\u015b\u0107 opakowania: Sypkie: 500 g, 250 g, 100 [&hellip;]<\/p>\n","protected":false},"featured_media":0,"template":"","meta":[],"product_brand":[],"product_cat":[100,126,78,77],"product_tag":[],"class_list":{"0":"post-2768","1":"product","2":"type-product","3":"status-publish","5":"product_cat-buliony","6":"product_cat-butelki","7":"product_cat-podloza-mikrobiologiczne-gotowe","8":"product_cat-podloza-mikrobiologiczne-sypkie","10":"first","11":"instock","12":"shipping-taxable","13":"product-type-simple"},"_links":{"self":[{"href":"https:\/\/www.btl.com.pl\/en\/wp-json\/wp\/v2\/product\/2768","targetHints":{"allow":["GET"]}}],"collection":[{"href":"https:\/\/www.btl.com.pl\/en\/wp-json\/wp\/v2\/product"}],"about":[{"href":"https:\/\/www.btl.com.pl\/en\/wp-json\/wp\/v2\/types\/product"}],"version-history":[{"count":1,"href":"https:\/\/www.btl.com.pl\/en\/wp-json\/wp\/v2\/product\/2768\/revisions"}],"predecessor-version":[{"id":2769,"href":"https:\/\/www.btl.com.pl\/en\/wp-json\/wp\/v2\/product\/2768\/revisions\/2769"}],"wp:attachment":[{"href":"https:\/\/www.btl.com.pl\/en\/wp-json\/wp\/v2\/media?parent=2768"}],"wp:term":[{"taxonomy":"product_brand","embeddable":true,"href":"https:\/\/www.btl.com.pl\/en\/wp-json\/wp\/v2\/product_brand?post=2768"},{"taxonomy":"product_cat","embeddable":true,"href":"https:\/\/www.btl.com.pl\/en\/wp-json\/wp\/v2\/product_cat?post=2768"},{"taxonomy":"product_tag","embeddable":true,"href":"https:\/\/www.btl.com.pl\/en\/wp-json\/wp\/v2\/product_tag?post=2768"}],"curies":[{"name":"wp","href":"https:\/\/api.w.org\/{rel}","templated":true}]}}