{"id":2764,"date":"2021-12-01T09:51:57","date_gmt":"2021-12-01T08:51:57","guid":{"rendered":"https:\/\/btl.com.pl\/?post_type=product&#038;p=2764"},"modified":"2021-12-01T09:51:57","modified_gmt":"2021-12-01T08:51:57","slug":"podloze-z-czterotionianem-sodu-podstawowe-p-0040","status":"publish","type":"product","link":"https:\/\/www.btl.com.pl\/en\/produkty\/podloza-mikrobiologiczne-sypkie\/buliony\/podloze-z-czterotionianem-sodu-podstawowe-p-0040\/","title":{"rendered":"Pod\u0142o\u017ce z czterotionianem sodu &#8211; podstawowe.  P-0040"},"content":{"rendered":"<div>nr katalogowy: <b>P-0040<\/b><\/div>\n<p>&nbsp;<\/p>\n<div>\n<p><strong>Zastosowanie:<\/strong><br \/>\nPod\u0142o\u017ce do wybi\u00f3rczego namna\u017cania <em>Salmonella sp<\/em>. z r\u00f3\u017cnych materia\u0142\u00f3w.<br \/>\n<strong>Szczepy kontrolne:<br \/>\n<\/strong><em>Salmonella enteritidis ATCC 13076<br \/>\nSalmonella typhimurium ATCC 14028<\/em><br \/>\n<strong>Wielko\u015b\u0107 opakowania:<\/strong><br \/>\nSypkie: 500 g, 250 g, 100 g, gotowa nawa\u017cka na 250 ml<\/p>\n<\/div>","protected":false},"excerpt":{"rendered":"<p>nr katalogowy: P-0040 &nbsp; Zastosowanie: Pod\u0142o\u017ce do wybi\u00f3rczego namna\u017cania Salmonella sp. z r\u00f3\u017cnych materia\u0142\u00f3w. Szczepy kontrolne: Salmonella enteritidis ATCC 13076 Salmonella typhimurium ATCC 14028 Wielko\u015b\u0107 opakowania: Sypkie: 500 g, 250 g, 100 g, gotowa nawa\u017cka na 250 ml<\/p>","protected":false},"featured_media":0,"template":"","meta":[],"product_brand":[],"product_cat":[100,77],"product_tag":[],"class_list":{"0":"post-2764","1":"product","2":"type-product","3":"status-publish","5":"product_cat-buliony","6":"product_cat-podloza-mikrobiologiczne-sypkie","8":"first","9":"instock","10":"shipping-taxable","11":"product-type-simple"},"_links":{"self":[{"href":"https:\/\/www.btl.com.pl\/en\/wp-json\/wp\/v2\/product\/2764","targetHints":{"allow":["GET"]}}],"collection":[{"href":"https:\/\/www.btl.com.pl\/en\/wp-json\/wp\/v2\/product"}],"about":[{"href":"https:\/\/www.btl.com.pl\/en\/wp-json\/wp\/v2\/types\/product"}],"version-history":[{"count":1,"href":"https:\/\/www.btl.com.pl\/en\/wp-json\/wp\/v2\/product\/2764\/revisions"}],"predecessor-version":[{"id":2765,"href":"https:\/\/www.btl.com.pl\/en\/wp-json\/wp\/v2\/product\/2764\/revisions\/2765"}],"wp:attachment":[{"href":"https:\/\/www.btl.com.pl\/en\/wp-json\/wp\/v2\/media?parent=2764"}],"wp:term":[{"taxonomy":"product_brand","embeddable":true,"href":"https:\/\/www.btl.com.pl\/en\/wp-json\/wp\/v2\/product_brand?post=2764"},{"taxonomy":"product_cat","embeddable":true,"href":"https:\/\/www.btl.com.pl\/en\/wp-json\/wp\/v2\/product_cat?post=2764"},{"taxonomy":"product_tag","embeddable":true,"href":"https:\/\/www.btl.com.pl\/en\/wp-json\/wp\/v2\/product_tag?post=2764"}],"curies":[{"name":"wp","href":"https:\/\/api.w.org\/{rel}","templated":true}]}}